{"id":21759,"date":"2025-11-09T13:45:31","date_gmt":"2025-11-09T12:45:31","guid":{"rendered":"https:\/\/serradorabellver.es\/?post_type=product&#038;p=21759"},"modified":"2025-12-07T07:19:27","modified_gmt":"2025-12-07T06:19:27","slug":"pale-de-carbon-20-30-anthramix-40-sacos-de-25-kg","status":"publish","type":"product","link":"https:\/\/serradorabellver.es\/es\/produit\/pale-de-carbon-20-30-anthramix-40-sacos-de-25-kg\/","title":{"rendered":"Pal\u00e9 de carb\u00f3n 20\/30 Anthramix \u2013 40 sacos de 25 kg"},"content":{"rendered":"<h3>Pal\u00e9 de carb\u00f3n 20\/30 Anthramix \u2013 40 sacos de 25 kg<\/h3>\n<p>Disfrute de una calefacci\u00f3n potente y duradera con el carb\u00f3n Anthramix 20\/30, un combustible de alta calidad ideal para calderas y estufas de carb\u00f3n.<\/p>\n<h4>DESCRIPCI\u00d3N<\/h4>\n<p>El <strong>pal\u00e9 de carb\u00f3n Anthramix 20\/30<\/strong> es ideal para una <strong>calefacci\u00f3n eficiente y econ\u00f3mica<\/strong>. Contiene <strong>40 sacos de 25 kg<\/strong>, es decir, <strong>1 tonelada de carb\u00f3n antracita<\/strong> lista para usar.<\/p>\n<p>Gracias a su <strong>granulometr\u00eda de 20\/30 mm<\/strong>, este carb\u00f3n garantiza una <strong>combusti\u00f3n regular<\/strong> y un <strong>calor constante<\/strong>. Es perfecto para <strong>estufas, calderas y cocinas de carb\u00f3n<\/strong>.<\/p>\n<p>Adem\u00e1s, el <strong>carb\u00f3n Anthramix<\/strong> produce <strong>pocas cenizas y humo<\/strong>. Disfrutar\u00e1 as\u00ed de un <strong>mantenimiento reducido<\/strong> y un <strong>confort \u00f3ptimo<\/strong>.<br \/>\nSu envasado en sacos facilita el <strong>almacenamiento<\/strong>, la <strong>manipulaci\u00f3n<\/strong> y la <strong>dosificaci\u00f3n<\/strong> diaria.<\/p>\n<h3><strong>Ventajas del carb\u00f3n Anthramix 20\/30:<\/strong><\/h3>\n<ul>\n<li>Alto poder calor\u00edfico para un calor duradero<\/li>\n<li>Combusti\u00f3n lenta y homog\u00e9nea<\/li>\n<li>Pocos residuos, por lo tanto mantenimiento simplificado<\/li>\n<li>40 sacos de 25 kg f\u00e1ciles de usar<\/li>\n<li>Apto para la mayor\u00eda de estufas y calderas de carb\u00f3n<\/li>\n<\/ul>\n<p>Al elegir el <strong>pal\u00e9 de carb\u00f3n Anthramix<\/strong>, opta por un <strong>combustible eficiente, limpio y duradero<\/strong>. As\u00ed, su calefacci\u00f3n permanecer\u00e1 <strong>potente y econ\u00f3mica<\/strong> durante todo el invierno.<\/p>","protected":false},"excerpt":{"rendered":"<p data-start=\"62\" data-end=\"206\"><strong data-start=\"62\" data-end=\"90\">20\/30 ANTHRAMIX SUPERIOR<\/strong><br data-start=\"90\" data-end=\"93\" \/>50% de antracita y 50% de coque de petr\u00f3leo<br data-start=\"136\" data-end=\"139\" \/>Azufre inferior a 2,4 gramos t\u00e9rmicos<br data-start=\"176\" data-end=\"179\" \/>Pal\u00e9 de 40 sacos de 25 kg<\/p>\n<p data-start=\"208\" data-end=\"524\"><strong data-start=\"208\" data-end=\"224\">Composici\u00f3n:<\/strong> Antracita calibre 20 a 30 mm<br data-start=\"253\" data-end=\"256\" \/><strong data-start=\"256\" data-end=\"267\">Origen:<\/strong> Europa<br data-start=\"274\" data-end=\"277\" data-is-only-node=\"\" \/><strong data-start=\"277\" data-end=\"289\">Humedad:<\/strong> &lt; 6%<br data-start=\"294\" data-end=\"297\" \/><strong data-start=\"297\" data-end=\"319\">\u00cdndice de cenizas:<\/strong> &lt; 7%<br data-start=\"324\" data-end=\"327\" \/><strong data-start=\"327\" data-end=\"348\">Poder calor\u00edfico:<\/strong> 8,5 kWh\/kg<br data-start=\"359\" data-end=\"362\" \/><strong data-start=\"362\" data-end=\"383\">Masa volum\u00e9trica:<\/strong> 950 kg\/m\u00b3<br data-start=\"393\" data-end=\"396\" \/><strong data-start=\"396\" data-end=\"418\">Cantidad por saco:<\/strong> 25 kg de antracita calibre 20 a 30 mm<br data-start=\"456\" data-end=\"459\" \/><strong data-start=\"459\" data-end=\"472\">Longitud:<\/strong> 800 mm<br data-start=\"479\" data-end=\"482\" \/><strong data-start=\"482\" data-end=\"494\">Anchura:<\/strong> 120 mm<br data-start=\"501\" data-end=\"504\" \/><strong data-start=\"504\" data-end=\"515\">Altura:<\/strong> 120 mm<\/p>","protected":false},"featured_media":21760,"comment_status":"open","ping_status":"closed","template":"","meta":[],"product_brand":[],"product_cat":[232],"product_tag":[],"class_list":{"0":"post-21759","1":"product","2":"type-product","3":"status-publish","4":"has-post-thumbnail","6":"product_cat-charbon-briquettes","8":"first","9":"instock","10":"sale","11":"shipping-taxable","12":"purchasable","13":"product-type-simple"},"yoast_head":"<!-- This site is optimized with the Yoast SEO Premium plugin v26.1 (Yoast SEO v26.5) - https:\/\/yoast.com\/wordpress\/plugins\/seo\/ -->\n<title>Palette de charbon Anthramix 20\/30 \u2013 40 sacs de 25 kg - SERRADORA BELLVER SL<\/title>\n<meta name=\"description\" content=\"Palette de charbon Anthramix 20\/30 \u2013 40 sacs de 25 kg. Combustible performant, chaleur durable et excellent rendement pour po\u00eales et chaudi\u00e8res.\" \/>\n<meta name=\"robots\" content=\"noindex, follow, max-snippet:-1, max-image-preview:large, max-video-preview:-1\" \/>\n<meta property=\"og:locale\" content=\"es_MX\" \/>\n<meta property=\"og:type\" content=\"article\" \/>\n<meta property=\"og:title\" content=\"Pal\u00e9 de carb\u00f3n 20\/30 Anthramix \u2013 40 sacos de 25 kg\" \/>\n<meta property=\"og:description\" content=\"Palette de charbon Anthramix 20\/30 \u2013 40 sacs de 25 kg. Combustible performant, chaleur durable et excellent rendement pour po\u00eales et chaudi\u00e8res.\" \/>\n<meta property=\"og:url\" content=\"https:\/\/serradorabellver.es\/es\/produit\/palette-de-charbon-20-30-anthramix-40-sacs-de-25-kg\/\" \/>\n<meta property=\"og:site_name\" content=\"SERRADORA BELLVER SL\" \/>\n<meta property=\"article:modified_time\" content=\"2025-12-07T06:19:27+00:00\" \/>\n<meta property=\"og:image\" content=\"http:\/\/serradorabellver.es\/wp-content\/uploads\/2025\/11\/20200905_100706.jpg.webp\" \/>\n\t<meta property=\"og:image:width\" content=\"550\" \/>\n\t<meta property=\"og:image:height\" content=\"550\" \/>\n\t<meta property=\"og:image:type\" content=\"image\/webp\" \/>\n<meta name=\"twitter:card\" content=\"summary_large_image\" \/>\n<meta name=\"twitter:label1\" content=\"Precio\" \/>\n\t<meta name=\"twitter:data1\" content=\"625,00&nbsp;&euro;\" \/>\n\t<meta name=\"twitter:label2\" content=\"Disponibilidad\" \/>\n\t<meta name=\"twitter:data2\" content=\"Disponible\" \/>\n<script type=\"application\/ld+json\" class=\"yoast-schema-graph\">{\"@context\":\"https:\/\/schema.org\",\"@graph\":[{\"@type\":\"WebPage\",\"@id\":\"https:\/\/serradorabellver.es\/produit\/palette-de-charbon-20-30-anthramix-40-sacs-de-25-kg\/\",\"url\":\"https:\/\/serradorabellver.es\/produit\/palette-de-charbon-20-30-anthramix-40-sacs-de-25-kg\/\",\"name\":\"Palette de charbon Anthramix 20\/30 \u2013 40 sacs de 25 kg - SERRADORA BELLVER SL\",\"isPartOf\":{\"@id\":\"https:\/\/serradorabellver.es\/#website\"},\"primaryImageOfPage\":{\"@id\":\"https:\/\/serradorabellver.es\/produit\/palette-de-charbon-20-30-anthramix-40-sacs-de-25-kg\/#primaryimage\"},\"image\":{\"@id\":\"https:\/\/serradorabellver.es\/produit\/palette-de-charbon-20-30-anthramix-40-sacs-de-25-kg\/#primaryimage\"},\"thumbnailUrl\":\"https:\/\/serradorabellver.es\/wp-content\/uploads\/2025\/11\/20200905_100706.jpg.webp\",\"datePublished\":\"2025-11-09T12:45:31+00:00\",\"dateModified\":\"2025-12-07T06:19:27+00:00\",\"description\":\"Palette de charbon Anthramix 20\/30 \u2013 40 sacs de 25 kg. Combustible performant, chaleur durable et excellent rendement pour po\u00eales et chaudi\u00e8res.\",\"breadcrumb\":{\"@id\":\"https:\/\/serradorabellver.es\/produit\/palette-de-charbon-20-30-anthramix-40-sacs-de-25-kg\/#breadcrumb\"},\"inLanguage\":\"es\",\"potentialAction\":[{\"@type\":\"ReadAction\",\"target\":[\"https:\/\/serradorabellver.es\/produit\/palette-de-charbon-20-30-anthramix-40-sacs-de-25-kg\/\"]}]},{\"@type\":\"ImageObject\",\"inLanguage\":\"es\",\"@id\":\"https:\/\/serradorabellver.es\/produit\/palette-de-charbon-20-30-anthramix-40-sacs-de-25-kg\/#primaryimage\",\"url\":\"https:\/\/serradorabellver.es\/wp-content\/uploads\/2025\/11\/20200905_100706.jpg.webp\",\"contentUrl\":\"https:\/\/serradorabellver.es\/wp-content\/uploads\/2025\/11\/20200905_100706.jpg.webp\",\"width\":550,\"height\":550,\"caption\":\"Palette de charbon 20\/30 Anthramix \u2013 40 sacs de 25 kg\"},{\"@type\":\"BreadcrumbList\",\"@id\":\"https:\/\/serradorabellver.es\/produit\/palette-de-charbon-20-30-anthramix-40-sacs-de-25-kg\/#breadcrumb\",\"itemListElement\":[{\"@type\":\"ListItem\",\"position\":1,\"name\":\"Accueil\",\"item\":\"https:\/\/serradorabellver.es\/\"},{\"@type\":\"ListItem\",\"position\":2,\"name\":\"Nuestra Tienda\",\"item\":\"https:\/\/serradorabellver.es\/boutique\/\"},{\"@type\":\"ListItem\",\"position\":3,\"name\":\"Palette de charbon 20\/30 Anthramix \u2013 40 sacs de 25 kg\"}]},{\"@type\":\"WebSite\",\"@id\":\"https:\/\/serradorabellver.es\/#website\",\"url\":\"https:\/\/serradorabellver.es\/\",\"name\":\"SERRADORA BELLVER SL\",\"description\":\"La mejor madera, est\u00e9s donde est\u00e9s en Espa\u00f1a.\",\"publisher\":{\"@id\":\"https:\/\/serradorabellver.es\/#organization\"},\"potentialAction\":[{\"@type\":\"SearchAction\",\"target\":{\"@type\":\"EntryPoint\",\"urlTemplate\":\"https:\/\/serradorabellver.es\/?s={search_term_string}\"},\"query-input\":{\"@type\":\"PropertyValueSpecification\",\"valueRequired\":true,\"valueName\":\"search_term_string\"}}],\"inLanguage\":\"es\"},{\"@type\":\"Organization\",\"@id\":\"https:\/\/serradorabellver.es\/#organization\",\"name\":\"SERRADORA BELLVER SL\",\"url\":\"https:\/\/serradorabellver.es\/\",\"logo\":{\"@type\":\"ImageObject\",\"inLanguage\":\"es\",\"@id\":\"https:\/\/serradorabellver.es\/#\/schema\/logo\/image\/\",\"url\":\"http:\/\/serradorabellver.es\/wp-content\/uploads\/2025\/12\/ff2bfef6-7920-48cb-90f7-56c7a87576a8-removebg-preview.png\",\"contentUrl\":\"http:\/\/serradorabellver.es\/wp-content\/uploads\/2025\/12\/ff2bfef6-7920-48cb-90f7-56c7a87576a8-removebg-preview.png\",\"width\":444,\"height\":148,\"caption\":\"SERRADORA BELLVER SL\"},\"image\":{\"@id\":\"https:\/\/serradorabellver.es\/#\/schema\/logo\/image\/\"}}]}<\/script>\n<meta property=\"product:price:amount\" content=\"625.00\" \/>\n<meta property=\"product:price:currency\" content=\"EUR\" \/>\n<meta property=\"og:availability\" content=\"instock\" \/>\n<meta property=\"product:availability\" content=\"instock\" \/>\n<meta property=\"product:retailer_item_id\" content=\"ATR-2598\" \/>\n<meta property=\"product:condition\" content=\"new\" \/>\n<!-- \/ Yoast SEO Premium plugin. -->","yoast_head_json":{"title":"Palette de charbon Anthramix 20\/30 \u2013 40 sacs de 25 kg - SERRADORA BELLVER SL","description":"Palette de charbon Anthramix 20\/30 \u2013 40 sacs de 25 kg. Combustible performant, chaleur durable et excellent rendement pour po\u00eales et chaudi\u00e8res.","robots":{"index":"noindex","follow":"follow","max-snippet":"max-snippet:-1","max-image-preview":"max-image-preview:large","max-video-preview":"max-video-preview:-1"},"og_locale":"es_MX","og_type":"article","og_title":"Pal\u00e9 de carb\u00f3n 20\/30 Anthramix \u2013 40 sacos de 25 kg","og_description":"Palette de charbon Anthramix 20\/30 \u2013 40 sacs de 25 kg. Combustible performant, chaleur durable et excellent rendement pour po\u00eales et chaudi\u00e8res.","og_url":"https:\/\/serradorabellver.es\/es\/produit\/palette-de-charbon-20-30-anthramix-40-sacs-de-25-kg\/","og_site_name":"SERRADORA BELLVER SL","article_modified_time":"2025-12-07T06:19:27+00:00","og_image":[{"width":550,"height":550,"url":"http:\/\/serradorabellver.es\/wp-content\/uploads\/2025\/11\/20200905_100706.jpg.webp","type":"image\/webp"}],"twitter_card":"summary_large_image","twitter_misc":{"Precio":"625,00&nbsp;&euro;","Disponibilidad":"Disponible"},"schema":{"@context":"https:\/\/schema.org","@graph":[{"@type":"WebPage","@id":"https:\/\/serradorabellver.es\/produit\/palette-de-charbon-20-30-anthramix-40-sacs-de-25-kg\/","url":"https:\/\/serradorabellver.es\/produit\/palette-de-charbon-20-30-anthramix-40-sacs-de-25-kg\/","name":"Palette de charbon Anthramix 20\/30 \u2013 40 sacs de 25 kg - SERRADORA BELLVER SL","isPartOf":{"@id":"https:\/\/serradorabellver.es\/#website"},"primaryImageOfPage":{"@id":"https:\/\/serradorabellver.es\/produit\/palette-de-charbon-20-30-anthramix-40-sacs-de-25-kg\/#primaryimage"},"image":{"@id":"https:\/\/serradorabellver.es\/produit\/palette-de-charbon-20-30-anthramix-40-sacs-de-25-kg\/#primaryimage"},"thumbnailUrl":"https:\/\/serradorabellver.es\/wp-content\/uploads\/2025\/11\/20200905_100706.jpg.webp","datePublished":"2025-11-09T12:45:31+00:00","dateModified":"2025-12-07T06:19:27+00:00","description":"Palette de charbon Anthramix 20\/30 \u2013 40 sacs de 25 kg. Combustible performant, chaleur durable et excellent rendement pour po\u00eales et chaudi\u00e8res.","breadcrumb":{"@id":"https:\/\/serradorabellver.es\/produit\/palette-de-charbon-20-30-anthramix-40-sacs-de-25-kg\/#breadcrumb"},"inLanguage":"es","potentialAction":[{"@type":"ReadAction","target":["https:\/\/serradorabellver.es\/produit\/palette-de-charbon-20-30-anthramix-40-sacs-de-25-kg\/"]}]},{"@type":"ImageObject","inLanguage":"es","@id":"https:\/\/serradorabellver.es\/produit\/palette-de-charbon-20-30-anthramix-40-sacs-de-25-kg\/#primaryimage","url":"https:\/\/serradorabellver.es\/wp-content\/uploads\/2025\/11\/20200905_100706.jpg.webp","contentUrl":"https:\/\/serradorabellver.es\/wp-content\/uploads\/2025\/11\/20200905_100706.jpg.webp","width":550,"height":550,"caption":"Palette de charbon 20\/30 Anthramix \u2013 40 sacs de 25 kg"},{"@type":"BreadcrumbList","@id":"https:\/\/serradorabellver.es\/produit\/palette-de-charbon-20-30-anthramix-40-sacs-de-25-kg\/#breadcrumb","itemListElement":[{"@type":"ListItem","position":1,"name":"Accueil","item":"https:\/\/serradorabellver.es\/"},{"@type":"ListItem","position":2,"name":"Nuestra Tienda","item":"https:\/\/serradorabellver.es\/boutique\/"},{"@type":"ListItem","position":3,"name":"Palette de charbon 20\/30 Anthramix \u2013 40 sacs de 25 kg"}]},{"@type":"WebSite","@id":"https:\/\/serradorabellver.es\/#website","url":"https:\/\/serradorabellver.es\/","name":"SERRADORA BELLVER SL","description":"La mejor madera, est\u00e9s donde est\u00e9s en Espa\u00f1a.","publisher":{"@id":"https:\/\/serradorabellver.es\/#organization"},"potentialAction":[{"@type":"SearchAction","target":{"@type":"EntryPoint","urlTemplate":"https:\/\/serradorabellver.es\/?s={search_term_string}"},"query-input":{"@type":"PropertyValueSpecification","valueRequired":true,"valueName":"search_term_string"}}],"inLanguage":"es"},{"@type":"Organization","@id":"https:\/\/serradorabellver.es\/#organization","name":"SERRADORA BELLVER SL","url":"https:\/\/serradorabellver.es\/","logo":{"@type":"ImageObject","inLanguage":"es","@id":"https:\/\/serradorabellver.es\/#\/schema\/logo\/image\/","url":"http:\/\/serradorabellver.es\/wp-content\/uploads\/2025\/12\/ff2bfef6-7920-48cb-90f7-56c7a87576a8-removebg-preview.png","contentUrl":"http:\/\/serradorabellver.es\/wp-content\/uploads\/2025\/12\/ff2bfef6-7920-48cb-90f7-56c7a87576a8-removebg-preview.png","width":444,"height":148,"caption":"SERRADORA BELLVER SL"},"image":{"@id":"https:\/\/serradorabellver.es\/#\/schema\/logo\/image\/"}}]},"product_price_amount":"625.00","product_price_currency":"EUR","og_availability":"instock","product_availability":"instock","product_retailer_item_id":"ATR-2598","product_condition":"new"},"jetpack_sharing_enabled":true,"_links":{"self":[{"href":"https:\/\/serradorabellver.es\/es\/wp-json\/wp\/v2\/product\/21759","targetHints":{"allow":["GET"]}}],"collection":[{"href":"https:\/\/serradorabellver.es\/es\/wp-json\/wp\/v2\/product"}],"about":[{"href":"https:\/\/serradorabellver.es\/es\/wp-json\/wp\/v2\/types\/product"}],"replies":[{"embeddable":true,"href":"https:\/\/serradorabellver.es\/es\/wp-json\/wp\/v2\/comments?post=21759"}],"wp:featuredmedia":[{"embeddable":true,"href":"https:\/\/serradorabellver.es\/es\/wp-json\/wp\/v2\/media\/21760"}],"wp:attachment":[{"href":"https:\/\/serradorabellver.es\/es\/wp-json\/wp\/v2\/media?parent=21759"}],"wp:term":[{"taxonomy":"product_brand","embeddable":true,"href":"https:\/\/serradorabellver.es\/es\/wp-json\/wp\/v2\/product_brand?post=21759"},{"taxonomy":"product_cat","embeddable":true,"href":"https:\/\/serradorabellver.es\/es\/wp-json\/wp\/v2\/product_cat?post=21759"},{"taxonomy":"product_tag","embeddable":true,"href":"https:\/\/serradorabellver.es\/es\/wp-json\/wp\/v2\/product_tag?post=21759"}],"curies":[{"name":"wp","href":"https:\/\/api.w.org\/{rel}","templated":true}]}}