{"id":21753,"date":"2025-11-08T10:44:56","date_gmt":"2025-11-08T09:44:56","guid":{"rendered":"https:\/\/serradorabellver.es\/?post_type=product&#038;p=21753"},"modified":"2025-12-07T07:24:33","modified_gmt":"2025-12-07T06:24:33","slug":"insertable-de-pellets-escalor-hermes-8-kw","status":"publish","type":"product","link":"https:\/\/serradorabellver.es\/es\/produit\/insertable-de-pellets-escalor-hermes-8-kw\/","title":{"rendered":"Insertable de pellets ESCALOR HERMES 8 kW"},"content":{"rendered":"<p data-start=\"183\" data-end=\"519\">El insertable de pellets <strong data-start=\"208\" data-end=\"231\">ESCALOR HERMES 8 kW<\/strong> es una soluci\u00f3n de calefacci\u00f3n moderna, eficiente y econ\u00f3mica, ideal para renovar una chimenea antigua o crear un hogar empotrado elegante. Gracias a su tecnolog\u00eda avanzada, garantiza una <strong data-start=\"420\" data-end=\"455\">distribuci\u00f3n uniforme del calor<\/strong>, un <strong data-start=\"460\" data-end=\"482\">consumo optimizado<\/strong> y un <strong data-start=\"488\" data-end=\"518\">confort de uso excepcional<\/strong>.<\/p>\n<p data-start=\"521\" data-end=\"555\"><strong data-start=\"521\" data-end=\"553\">Caracter\u00edsticas principales:<\/strong><\/p>\n<ul data-start=\"556\" data-end=\"988\">\n<li data-start=\"556\" data-end=\"586\">\n<p data-start=\"558\" data-end=\"586\"><strong data-start=\"558\" data-end=\"579\">Potencia nominal:<\/strong> 8 kW<\/p>\n<\/li>\n<li data-start=\"587\" data-end=\"661\">\n<p data-start=\"589\" data-end=\"661\"><strong data-start=\"589\" data-end=\"609\">Alto rendimiento<\/strong>, garantizando una excelente eficiencia energ\u00e9tica<\/p>\n<\/li>\n<li data-start=\"662\" data-end=\"725\">\n<p data-start=\"664\" data-end=\"725\"><strong data-start=\"664\" data-end=\"702\">Alimentaci\u00f3n autom\u00e1tica de pellets<\/strong> para mayor comodidad<\/p>\n<\/li>\n<li data-start=\"726\" data-end=\"788\">\n<p data-start=\"728\" data-end=\"788\"><strong data-start=\"728\" data-end=\"749\">Dise\u00f1o empotrable<\/strong>, ideal para una integraci\u00f3n discreta<\/p>\n<\/li>\n<li data-start=\"789\" data-end=\"863\">\n<p data-start=\"791\" data-end=\"863\"><strong data-start=\"791\" data-end=\"814\">Control electr\u00f3nico<\/strong> de la combusti\u00f3n para un funcionamiento \u00f3ptimo<\/p>\n<\/li>\n<li data-start=\"864\" data-end=\"926\">\n<p data-start=\"866\" data-end=\"926\"><strong data-start=\"866\" data-end=\"884\">Gran autonom\u00eda<\/strong>, perfecta para una calefacci\u00f3n continua<\/p>\n<\/li>\n<li data-start=\"927\" data-end=\"988\">\n<p data-start=\"929\" data-end=\"988\"><strong data-start=\"929\" data-end=\"965\">Respetuoso con el medio ambiente<\/strong>, con bajas emisiones<\/p>\n<\/li>\n<\/ul>\n<p data-start=\"990\" data-end=\"1007\"><strong data-start=\"990\" data-end=\"1005\">Ideal para:<\/strong><\/p>\n<ul data-start=\"1008\" data-end=\"1140\">\n<li data-start=\"1008\" data-end=\"1041\">\n<p data-start=\"1010\" data-end=\"1041\">Calentar superficies medianas<\/p>\n<\/li>\n<li data-start=\"1042\" data-end=\"1079\">\n<p data-start=\"1044\" data-end=\"1079\">Modernizar una chimenea existente<\/p>\n<\/li>\n<li data-start=\"1080\" data-end=\"1140\">\n<p data-start=\"1082\" data-end=\"1140\">Disfrutar de una calefacci\u00f3n limpia, estable y econ\u00f3mica<\/p>\n<\/li>\n<\/ul>","protected":false},"excerpt":{"rendered":"<p data-start=\"506\" data-end=\"821\">Insertable de pellets de 8 kW con alto rendimiento, dise\u00f1o empotrable y alimentaci\u00f3n autom\u00e1tica. Ideal para calefacci\u00f3n eficiente y moderna en espacios medianos.<\/p>","protected":false},"featured_media":21754,"comment_status":"open","ping_status":"closed","template":"","meta":[],"product_brand":[],"product_cat":[252],"product_tag":[],"class_list":{"0":"post-21753","1":"product","2":"type-product","3":"status-publish","4":"has-post-thumbnail","6":"product_cat-inserts-a-granules","8":"first","9":"instock","10":"sale","11":"shipping-taxable","12":"purchasable","13":"product-type-simple"},"yoast_head":"<!-- This site is optimized with the Yoast SEO Premium plugin v26.1 (Yoast SEO v26.5) - https:\/\/yoast.com\/wordpress\/plugins\/seo\/ -->\n<title>Insert ESCALOR \u00e0 granul\u00e9s HERMES 8 kW - SERRADORA BELLVER SL<\/title>\n<meta name=\"description\" content=\"Insertable de pellets ESCALOR HERMES 8 kW: alto rendimiento, bajo consumo y dise\u00f1o empotrable. La soluci\u00f3n perfecta para una calefacci\u00f3n moderna, limpia y eficiente.\" \/>\n<meta name=\"robots\" content=\"noindex, follow, max-snippet:-1, max-image-preview:large, max-video-preview:-1\" \/>\n<meta property=\"og:locale\" content=\"es_MX\" \/>\n<meta property=\"og:type\" content=\"article\" \/>\n<meta property=\"og:title\" content=\"Insertable de pellets ESCALOR HERMES 8 kW\" \/>\n<meta property=\"og:description\" content=\"Insertable de pellets ESCALOR HERMES 8 kW: alto rendimiento, bajo consumo y dise\u00f1o empotrable. La soluci\u00f3n perfecta para una calefacci\u00f3n moderna, limpia y eficiente.\" \/>\n<meta property=\"og:url\" content=\"https:\/\/serradorabellver.es\/es\/produit\/insertable-de-pellets-escalor-hermes-8-kw\/\" \/>\n<meta property=\"og:site_name\" content=\"SERRADORA BELLVER SL\" \/>\n<meta property=\"article:modified_time\" content=\"2025-12-07T06:24:33+00:00\" \/>\n<meta property=\"og:image\" content=\"http:\/\/serradorabellver.es\/wp-content\/uploads\/2025\/11\/2-4.jpeg\" \/>\n\t<meta property=\"og:image:width\" content=\"400\" \/>\n\t<meta property=\"og:image:height\" content=\"267\" \/>\n\t<meta property=\"og:image:type\" content=\"image\/jpeg\" \/>\n<meta name=\"twitter:card\" content=\"summary_large_image\" \/>\n<meta name=\"twitter:label1\" content=\"Precio\" \/>\n\t<meta name=\"twitter:data1\" content=\"1 550,00&nbsp;&euro;\" \/>\n\t<meta name=\"twitter:label2\" content=\"Disponibilidad\" \/>\n\t<meta name=\"twitter:data2\" content=\"Disponible\" \/>\n<script type=\"application\/ld+json\" class=\"yoast-schema-graph\">{\"@context\":\"https:\/\/schema.org\",\"@graph\":[{\"@type\":\"WebPage\",\"@id\":\"https:\/\/serradorabellver.es\/produit\/insertable-de-pellets-escalor-hermes-8-kw\/\",\"url\":\"https:\/\/serradorabellver.es\/produit\/insertable-de-pellets-escalor-hermes-8-kw\/\",\"name\":\"Insert ESCALOR \u00e0 granul\u00e9s HERMES 8 kW - SERRADORA BELLVER SL\",\"isPartOf\":{\"@id\":\"https:\/\/serradorabellver.es\/#website\"},\"primaryImageOfPage\":{\"@id\":\"https:\/\/serradorabellver.es\/produit\/insertable-de-pellets-escalor-hermes-8-kw\/#primaryimage\"},\"image\":{\"@id\":\"https:\/\/serradorabellver.es\/produit\/insertable-de-pellets-escalor-hermes-8-kw\/#primaryimage\"},\"thumbnailUrl\":\"https:\/\/serradorabellver.es\/wp-content\/uploads\/2025\/11\/2-4.jpeg\",\"datePublished\":\"2025-11-08T09:44:56+00:00\",\"dateModified\":\"2025-12-07T06:24:33+00:00\",\"description\":\"Insertable de pellets ESCALOR HERMES 8 kW: alto rendimiento, bajo consumo y dise\u00f1o empotrable. La soluci\u00f3n perfecta para una calefacci\u00f3n moderna, limpia y eficiente.\",\"breadcrumb\":{\"@id\":\"https:\/\/serradorabellver.es\/produit\/insertable-de-pellets-escalor-hermes-8-kw\/#breadcrumb\"},\"inLanguage\":\"es\",\"potentialAction\":[{\"@type\":\"ReadAction\",\"target\":[\"https:\/\/serradorabellver.es\/produit\/insertable-de-pellets-escalor-hermes-8-kw\/\"]}]},{\"@type\":\"ImageObject\",\"inLanguage\":\"es\",\"@id\":\"https:\/\/serradorabellver.es\/produit\/insertable-de-pellets-escalor-hermes-8-kw\/#primaryimage\",\"url\":\"https:\/\/serradorabellver.es\/wp-content\/uploads\/2025\/11\/2-4.jpeg\",\"contentUrl\":\"https:\/\/serradorabellver.es\/wp-content\/uploads\/2025\/11\/2-4.jpeg\",\"width\":400,\"height\":267,\"caption\":\"L\u2019Insert ESCALOR HERMES 8 kW offre un excellent rendement \u00e9nerg\u00e9tique et un design compact pour int\u00e9grer parfaitement votre chemin\u00e9e. Son alimentation automatique en granul\u00e9s assure une chaleur constante, \u00e9conomique et \u00e9cologique. Une solution simple et efficace pour optimiser votre confort thermique tout l\u2019hiver.\"},{\"@type\":\"BreadcrumbList\",\"@id\":\"https:\/\/serradorabellver.es\/produit\/insertable-de-pellets-escalor-hermes-8-kw\/#breadcrumb\",\"itemListElement\":[{\"@type\":\"ListItem\",\"position\":1,\"name\":\"Accueil\",\"item\":\"https:\/\/serradorabellver.es\/\"},{\"@type\":\"ListItem\",\"position\":2,\"name\":\"Nuestra Tienda\",\"item\":\"https:\/\/serradorabellver.es\/boutique\/\"},{\"@type\":\"ListItem\",\"position\":3,\"name\":\"Insertable de pellets ESCALOR HERMES 8 kW\"}]},{\"@type\":\"WebSite\",\"@id\":\"https:\/\/serradorabellver.es\/#website\",\"url\":\"https:\/\/serradorabellver.es\/\",\"name\":\"SERRADORA BELLVER SL\",\"description\":\"La mejor madera, est\u00e9s donde est\u00e9s en Espa\u00f1a.\",\"publisher\":{\"@id\":\"https:\/\/serradorabellver.es\/#organization\"},\"potentialAction\":[{\"@type\":\"SearchAction\",\"target\":{\"@type\":\"EntryPoint\",\"urlTemplate\":\"https:\/\/serradorabellver.es\/?s={search_term_string}\"},\"query-input\":{\"@type\":\"PropertyValueSpecification\",\"valueRequired\":true,\"valueName\":\"search_term_string\"}}],\"inLanguage\":\"es\"},{\"@type\":\"Organization\",\"@id\":\"https:\/\/serradorabellver.es\/#organization\",\"name\":\"SERRADORA BELLVER SL\",\"url\":\"https:\/\/serradorabellver.es\/\",\"logo\":{\"@type\":\"ImageObject\",\"inLanguage\":\"es\",\"@id\":\"https:\/\/serradorabellver.es\/#\/schema\/logo\/image\/\",\"url\":\"http:\/\/serradorabellver.es\/wp-content\/uploads\/2025\/12\/ff2bfef6-7920-48cb-90f7-56c7a87576a8-removebg-preview.png\",\"contentUrl\":\"http:\/\/serradorabellver.es\/wp-content\/uploads\/2025\/12\/ff2bfef6-7920-48cb-90f7-56c7a87576a8-removebg-preview.png\",\"width\":444,\"height\":148,\"caption\":\"SERRADORA BELLVER SL\"},\"image\":{\"@id\":\"https:\/\/serradorabellver.es\/#\/schema\/logo\/image\/\"}}]}<\/script>\n<meta property=\"product:price:amount\" content=\"1550.00\" \/>\n<meta property=\"product:price:currency\" content=\"EUR\" \/>\n<meta property=\"og:availability\" content=\"instock\" \/>\n<meta property=\"product:availability\" content=\"instock\" \/>\n<meta property=\"product:retailer_item_id\" content=\"IAG-9532\" \/>\n<meta property=\"product:condition\" content=\"new\" \/>\n<!-- \/ Yoast SEO Premium plugin. -->","yoast_head_json":{"title":"Insert ESCALOR \u00e0 granul\u00e9s HERMES 8 kW - SERRADORA BELLVER SL","description":"Insertable de pellets ESCALOR HERMES 8 kW: alto rendimiento, bajo consumo y dise\u00f1o empotrable. La soluci\u00f3n perfecta para una calefacci\u00f3n moderna, limpia y eficiente.","robots":{"index":"noindex","follow":"follow","max-snippet":"max-snippet:-1","max-image-preview":"max-image-preview:large","max-video-preview":"max-video-preview:-1"},"og_locale":"es_MX","og_type":"article","og_title":"Insertable de pellets ESCALOR HERMES 8 kW","og_description":"Insertable de pellets ESCALOR HERMES 8 kW: alto rendimiento, bajo consumo y dise\u00f1o empotrable. La soluci\u00f3n perfecta para una calefacci\u00f3n moderna, limpia y eficiente.","og_url":"https:\/\/serradorabellver.es\/es\/produit\/insertable-de-pellets-escalor-hermes-8-kw\/","og_site_name":"SERRADORA BELLVER SL","article_modified_time":"2025-12-07T06:24:33+00:00","og_image":[{"width":400,"height":267,"url":"http:\/\/serradorabellver.es\/wp-content\/uploads\/2025\/11\/2-4.jpeg","type":"image\/jpeg"}],"twitter_card":"summary_large_image","twitter_misc":{"Precio":"1 550,00&nbsp;&euro;","Disponibilidad":"Disponible"},"schema":{"@context":"https:\/\/schema.org","@graph":[{"@type":"WebPage","@id":"https:\/\/serradorabellver.es\/produit\/insertable-de-pellets-escalor-hermes-8-kw\/","url":"https:\/\/serradorabellver.es\/produit\/insertable-de-pellets-escalor-hermes-8-kw\/","name":"Insert ESCALOR \u00e0 granul\u00e9s HERMES 8 kW - SERRADORA BELLVER SL","isPartOf":{"@id":"https:\/\/serradorabellver.es\/#website"},"primaryImageOfPage":{"@id":"https:\/\/serradorabellver.es\/produit\/insertable-de-pellets-escalor-hermes-8-kw\/#primaryimage"},"image":{"@id":"https:\/\/serradorabellver.es\/produit\/insertable-de-pellets-escalor-hermes-8-kw\/#primaryimage"},"thumbnailUrl":"https:\/\/serradorabellver.es\/wp-content\/uploads\/2025\/11\/2-4.jpeg","datePublished":"2025-11-08T09:44:56+00:00","dateModified":"2025-12-07T06:24:33+00:00","description":"Insertable de pellets ESCALOR HERMES 8 kW: alto rendimiento, bajo consumo y dise\u00f1o empotrable. La soluci\u00f3n perfecta para una calefacci\u00f3n moderna, limpia y eficiente.","breadcrumb":{"@id":"https:\/\/serradorabellver.es\/produit\/insertable-de-pellets-escalor-hermes-8-kw\/#breadcrumb"},"inLanguage":"es","potentialAction":[{"@type":"ReadAction","target":["https:\/\/serradorabellver.es\/produit\/insertable-de-pellets-escalor-hermes-8-kw\/"]}]},{"@type":"ImageObject","inLanguage":"es","@id":"https:\/\/serradorabellver.es\/produit\/insertable-de-pellets-escalor-hermes-8-kw\/#primaryimage","url":"https:\/\/serradorabellver.es\/wp-content\/uploads\/2025\/11\/2-4.jpeg","contentUrl":"https:\/\/serradorabellver.es\/wp-content\/uploads\/2025\/11\/2-4.jpeg","width":400,"height":267,"caption":"L\u2019Insert ESCALOR HERMES 8 kW offre un excellent rendement \u00e9nerg\u00e9tique et un design compact pour int\u00e9grer parfaitement votre chemin\u00e9e. Son alimentation automatique en granul\u00e9s assure une chaleur constante, \u00e9conomique et \u00e9cologique. Une solution simple et efficace pour optimiser votre confort thermique tout l\u2019hiver."},{"@type":"BreadcrumbList","@id":"https:\/\/serradorabellver.es\/produit\/insertable-de-pellets-escalor-hermes-8-kw\/#breadcrumb","itemListElement":[{"@type":"ListItem","position":1,"name":"Accueil","item":"https:\/\/serradorabellver.es\/"},{"@type":"ListItem","position":2,"name":"Nuestra Tienda","item":"https:\/\/serradorabellver.es\/boutique\/"},{"@type":"ListItem","position":3,"name":"Insertable de pellets ESCALOR HERMES 8 kW"}]},{"@type":"WebSite","@id":"https:\/\/serradorabellver.es\/#website","url":"https:\/\/serradorabellver.es\/","name":"SERRADORA BELLVER SL","description":"La mejor madera, est\u00e9s donde est\u00e9s en Espa\u00f1a.","publisher":{"@id":"https:\/\/serradorabellver.es\/#organization"},"potentialAction":[{"@type":"SearchAction","target":{"@type":"EntryPoint","urlTemplate":"https:\/\/serradorabellver.es\/?s={search_term_string}"},"query-input":{"@type":"PropertyValueSpecification","valueRequired":true,"valueName":"search_term_string"}}],"inLanguage":"es"},{"@type":"Organization","@id":"https:\/\/serradorabellver.es\/#organization","name":"SERRADORA BELLVER SL","url":"https:\/\/serradorabellver.es\/","logo":{"@type":"ImageObject","inLanguage":"es","@id":"https:\/\/serradorabellver.es\/#\/schema\/logo\/image\/","url":"http:\/\/serradorabellver.es\/wp-content\/uploads\/2025\/12\/ff2bfef6-7920-48cb-90f7-56c7a87576a8-removebg-preview.png","contentUrl":"http:\/\/serradorabellver.es\/wp-content\/uploads\/2025\/12\/ff2bfef6-7920-48cb-90f7-56c7a87576a8-removebg-preview.png","width":444,"height":148,"caption":"SERRADORA BELLVER SL"},"image":{"@id":"https:\/\/serradorabellver.es\/#\/schema\/logo\/image\/"}}]},"product_price_amount":"1550.00","product_price_currency":"EUR","og_availability":"instock","product_availability":"instock","product_retailer_item_id":"IAG-9532","product_condition":"new"},"jetpack_sharing_enabled":true,"_links":{"self":[{"href":"https:\/\/serradorabellver.es\/es\/wp-json\/wp\/v2\/product\/21753","targetHints":{"allow":["GET"]}}],"collection":[{"href":"https:\/\/serradorabellver.es\/es\/wp-json\/wp\/v2\/product"}],"about":[{"href":"https:\/\/serradorabellver.es\/es\/wp-json\/wp\/v2\/types\/product"}],"replies":[{"embeddable":true,"href":"https:\/\/serradorabellver.es\/es\/wp-json\/wp\/v2\/comments?post=21753"}],"wp:featuredmedia":[{"embeddable":true,"href":"https:\/\/serradorabellver.es\/es\/wp-json\/wp\/v2\/media\/21754"}],"wp:attachment":[{"href":"https:\/\/serradorabellver.es\/es\/wp-json\/wp\/v2\/media?parent=21753"}],"wp:term":[{"taxonomy":"product_brand","embeddable":true,"href":"https:\/\/serradorabellver.es\/es\/wp-json\/wp\/v2\/product_brand?post=21753"},{"taxonomy":"product_cat","embeddable":true,"href":"https:\/\/serradorabellver.es\/es\/wp-json\/wp\/v2\/product_cat?post=21753"},{"taxonomy":"product_tag","embeddable":true,"href":"https:\/\/serradorabellver.es\/es\/wp-json\/wp\/v2\/product_tag?post=21753"}],"curies":[{"name":"wp","href":"https:\/\/api.w.org\/{rel}","templated":true}]}}