{"id":21748,"date":"2025-11-08T10:31:15","date_gmt":"2025-11-08T09:31:15","guid":{"rendered":"https:\/\/serradorabellver.es\/?post_type=product&#038;p=21748"},"modified":"2025-12-07T07:28:54","modified_gmt":"2025-12-07T06:28:54","slug":"insert-classic-double-face-c-290df-puerta-batiente","status":"publish","type":"product","link":"https:\/\/serradorabellver.es\/es\/produit\/insert-classic-double-face-c-290df-puerta-batiente\/","title":{"rendered":"INSERT Classic Double Face C-290DF \u2013 Puerta Batiente"},"content":{"rendered":"<p data-start=\"167\" data-end=\"536\">El <strong data-start=\"170\" data-end=\"228\">INSERT Classic Double Face C-290DF con puerta batiente<\/strong> es un inserto de chimenea de alta gama dise\u00f1ado para ofrecer una experiencia de calefacci\u00f3n excepcional y un toque moderno y elegante a cualquier espacio. Su dise\u00f1o <strong data-start=\"394\" data-end=\"411\">de doble cara<\/strong> permite disfrutar de la vista del fuego desde dos habitaciones o zonas diferentes, creando un ambiente c\u00e1lido y sofisticado.<\/p>\n<p data-start=\"538\" data-end=\"815\">Este modelo destaca por su <strong data-start=\"565\" data-end=\"595\">puerta batiente resistente<\/strong>, su alto rendimiento energ\u00e9tico y su capacidad para distribuir un calor uniforme y agradable. Fabricado con materiales de primera calidad, garantiza una combusti\u00f3n limpia, un excelente rendimiento y una larga vida \u00fatil.<\/p>\n<p data-start=\"817\" data-end=\"851\"><strong data-start=\"817\" data-end=\"849\">Caracter\u00edsticas principales:<\/strong><\/p>\n<ul data-start=\"852\" data-end=\"1155\">\n<li data-start=\"852\" data-end=\"890\">\n<p data-start=\"854\" data-end=\"890\">Visi\u00f3n del fuego <strong data-start=\"871\" data-end=\"888\">de doble cara<\/strong><\/p>\n<\/li>\n<li data-start=\"891\" data-end=\"934\">\n<p data-start=\"893\" data-end=\"934\"><strong data-start=\"893\" data-end=\"912\">Puerta batiente<\/strong> pr\u00e1ctica y duradera<\/p>\n<\/li>\n<li data-start=\"935\" data-end=\"966\">\n<p data-start=\"937\" data-end=\"966\">Alto rendimiento energ\u00e9tico<\/p>\n<\/li>\n<li data-start=\"967\" data-end=\"1012\">\n<p data-start=\"969\" data-end=\"1012\">Distribuci\u00f3n de calor estable y eficiente<\/p>\n<\/li>\n<li data-start=\"1013\" data-end=\"1069\">\n<p data-start=\"1015\" data-end=\"1069\">Dise\u00f1o moderno adaptable a cualquier estilo interior<\/p>\n<\/li>\n<li data-start=\"1070\" data-end=\"1111\">\n<p data-start=\"1072\" data-end=\"1111\">Combusti\u00f3n limpia con bajas emisiones<\/p>\n<\/li>\n<li data-start=\"1112\" data-end=\"1155\">\n<p data-start=\"1114\" data-end=\"1155\">Cristal resistente a altas temperaturas<\/p>\n<\/li>\n<\/ul>\n<p data-start=\"1157\" data-end=\"1174\"><strong data-start=\"1157\" data-end=\"1172\">Ideal para:<\/strong><\/p>\n<ul data-start=\"1175\" data-end=\"1307\">\n<li data-start=\"1175\" data-end=\"1213\">\n<p data-start=\"1177\" data-end=\"1213\">Separar dos espacios con elegancia<\/p>\n<\/li>\n<li data-start=\"1214\" data-end=\"1251\">\n<p data-start=\"1216\" data-end=\"1251\">Modernizar una chimenea existente<\/p>\n<\/li>\n<li data-start=\"1252\" data-end=\"1307\">\n<p data-start=\"1254\" data-end=\"1307\">Disfrutar de un inserto potente, funcional y est\u00e9tico<\/p>\n<\/li>\n<\/ul>","protected":false},"excerpt":{"rendered":"<p data-start=\"662\" data-end=\"955\">Inserto de chimenea de doble cara con puerta batiente, alto rendimiento y visi\u00f3n panor\u00e1mica del fuego. Elegante, eficiente y perfecto para calentar dos espacios a la vez.<\/p>","protected":false},"featured_media":21749,"comment_status":"open","ping_status":"closed","template":"","meta":[],"product_brand":[],"product_cat":[252],"product_tag":[],"class_list":{"0":"post-21748","1":"product","2":"type-product","3":"status-publish","4":"has-post-thumbnail","6":"product_cat-inserts-a-granules","8":"first","9":"instock","10":"sale","11":"shipping-taxable","12":"purchasable","13":"product-type-simple"},"yoast_head":"<!-- This site is optimized with the Yoast SEO Premium plugin v26.1 (Yoast SEO v26.5) - https:\/\/yoast.com\/wordpress\/plugins\/seo\/ -->\n<title>Insert \u00e0 bois double face C-290DF- SERRADORA BELLVER SL<\/title>\n<meta name=\"description\" content=\"INSERT Classic Double Face C-290DF: inserto de doble cara con puerta batiente, alto rendimiento y visi\u00f3n del fuego en ambos lados. Perfecto para una calefacci\u00f3n moderna y eficiente\" \/>\n<meta name=\"robots\" content=\"noindex, follow, max-snippet:-1, max-image-preview:large, max-video-preview:-1\" \/>\n<meta property=\"og:locale\" content=\"es_MX\" \/>\n<meta property=\"og:type\" content=\"article\" \/>\n<meta property=\"og:title\" content=\"INSERT Classic Double Face C-290DF \u2013 Puerta Batiente\" \/>\n<meta property=\"og:description\" content=\"INSERT Classic Double Face C-290DF: inserto de doble cara con puerta batiente, alto rendimiento y visi\u00f3n del fuego en ambos lados. Perfecto para una calefacci\u00f3n moderna y eficiente\" \/>\n<meta property=\"og:url\" content=\"https:\/\/serradorabellver.es\/es\/produit\/insert-classic-double-face-c-290df-puerta-batiente\/\" \/>\n<meta property=\"og:site_name\" content=\"SERRADORA BELLVER SL\" \/>\n<meta property=\"article:modified_time\" content=\"2025-12-07T06:28:54+00:00\" \/>\n<meta property=\"og:image\" content=\"http:\/\/serradorabellver.es\/wp-content\/uploads\/2025\/11\/1-768x768-1.jpeg\" \/>\n\t<meta property=\"og:image:width\" content=\"768\" \/>\n\t<meta property=\"og:image:height\" content=\"768\" \/>\n\t<meta property=\"og:image:type\" content=\"image\/jpeg\" \/>\n<meta name=\"twitter:card\" content=\"summary_large_image\" \/>\n<meta name=\"twitter:label1\" content=\"Precio\" \/>\n\t<meta name=\"twitter:data1\" content=\"1 650,00&nbsp;&euro;\" \/>\n\t<meta name=\"twitter:label2\" content=\"Disponibilidad\" \/>\n\t<meta name=\"twitter:data2\" content=\"Disponible\" \/>\n<script type=\"application\/ld+json\" class=\"yoast-schema-graph\">{\"@context\":\"https:\/\/schema.org\",\"@graph\":[{\"@type\":\"WebPage\",\"@id\":\"https:\/\/serradorabellver.es\/produit\/insert-classic-double-face-c-290df-puerta-batiente\/\",\"url\":\"https:\/\/serradorabellver.es\/produit\/insert-classic-double-face-c-290df-puerta-batiente\/\",\"name\":\"Insert \u00e0 bois double face C-290DF- SERRADORA BELLVER SL\",\"isPartOf\":{\"@id\":\"https:\/\/serradorabellver.es\/#website\"},\"primaryImageOfPage\":{\"@id\":\"https:\/\/serradorabellver.es\/produit\/insert-classic-double-face-c-290df-puerta-batiente\/#primaryimage\"},\"image\":{\"@id\":\"https:\/\/serradorabellver.es\/produit\/insert-classic-double-face-c-290df-puerta-batiente\/#primaryimage\"},\"thumbnailUrl\":\"https:\/\/serradorabellver.es\/wp-content\/uploads\/2025\/11\/1-768x768-1.jpeg\",\"datePublished\":\"2025-11-08T09:31:15+00:00\",\"dateModified\":\"2025-12-07T06:28:54+00:00\",\"description\":\"INSERT Classic Double Face C-290DF: inserto de doble cara con puerta batiente, alto rendimiento y visi\u00f3n del fuego en ambos lados. Perfecto para una calefacci\u00f3n moderna y eficiente\",\"breadcrumb\":{\"@id\":\"https:\/\/serradorabellver.es\/produit\/insert-classic-double-face-c-290df-puerta-batiente\/#breadcrumb\"},\"inLanguage\":\"es\",\"potentialAction\":[{\"@type\":\"ReadAction\",\"target\":[\"https:\/\/serradorabellver.es\/produit\/insert-classic-double-face-c-290df-puerta-batiente\/\"]}]},{\"@type\":\"ImageObject\",\"inLanguage\":\"es\",\"@id\":\"https:\/\/serradorabellver.es\/produit\/insert-classic-double-face-c-290df-puerta-batiente\/#primaryimage\",\"url\":\"https:\/\/serradorabellver.es\/wp-content\/uploads\/2025\/11\/1-768x768-1.jpeg\",\"contentUrl\":\"https:\/\/serradorabellver.es\/wp-content\/uploads\/2025\/11\/1-768x768-1.jpeg\",\"width\":768,\"height\":768,\"caption\":\"INSERT Classic Double Face C-290DF porte Battante\"},{\"@type\":\"BreadcrumbList\",\"@id\":\"https:\/\/serradorabellver.es\/produit\/insert-classic-double-face-c-290df-puerta-batiente\/#breadcrumb\",\"itemListElement\":[{\"@type\":\"ListItem\",\"position\":1,\"name\":\"Accueil\",\"item\":\"https:\/\/serradorabellver.es\/\"},{\"@type\":\"ListItem\",\"position\":2,\"name\":\"Nuestra Tienda\",\"item\":\"https:\/\/serradorabellver.es\/boutique\/\"},{\"@type\":\"ListItem\",\"position\":3,\"name\":\"INSERT Classic Double Face C-290DF \u2013 Puerta Batiente\"}]},{\"@type\":\"WebSite\",\"@id\":\"https:\/\/serradorabellver.es\/#website\",\"url\":\"https:\/\/serradorabellver.es\/\",\"name\":\"SERRADORA BELLVER SL\",\"description\":\"La mejor madera, est\u00e9s donde est\u00e9s en Espa\u00f1a.\",\"publisher\":{\"@id\":\"https:\/\/serradorabellver.es\/#organization\"},\"potentialAction\":[{\"@type\":\"SearchAction\",\"target\":{\"@type\":\"EntryPoint\",\"urlTemplate\":\"https:\/\/serradorabellver.es\/?s={search_term_string}\"},\"query-input\":{\"@type\":\"PropertyValueSpecification\",\"valueRequired\":true,\"valueName\":\"search_term_string\"}}],\"inLanguage\":\"es\"},{\"@type\":\"Organization\",\"@id\":\"https:\/\/serradorabellver.es\/#organization\",\"name\":\"SERRADORA BELLVER SL\",\"url\":\"https:\/\/serradorabellver.es\/\",\"logo\":{\"@type\":\"ImageObject\",\"inLanguage\":\"es\",\"@id\":\"https:\/\/serradorabellver.es\/#\/schema\/logo\/image\/\",\"url\":\"http:\/\/serradorabellver.es\/wp-content\/uploads\/2025\/12\/ff2bfef6-7920-48cb-90f7-56c7a87576a8-removebg-preview.png\",\"contentUrl\":\"http:\/\/serradorabellver.es\/wp-content\/uploads\/2025\/12\/ff2bfef6-7920-48cb-90f7-56c7a87576a8-removebg-preview.png\",\"width\":444,\"height\":148,\"caption\":\"SERRADORA BELLVER SL\"},\"image\":{\"@id\":\"https:\/\/serradorabellver.es\/#\/schema\/logo\/image\/\"}}]}<\/script>\n<meta property=\"product:price:amount\" content=\"1650.00\" \/>\n<meta property=\"product:price:currency\" content=\"EUR\" \/>\n<meta property=\"og:availability\" content=\"instock\" \/>\n<meta property=\"product:availability\" content=\"instock\" \/>\n<meta property=\"product:retailer_item_id\" content=\"IAG-96555\" \/>\n<meta property=\"product:condition\" content=\"new\" \/>\n<!-- \/ Yoast SEO Premium plugin. -->","yoast_head_json":{"title":"Insert \u00e0 bois double face C-290DF- SERRADORA BELLVER SL","description":"INSERT Classic Double Face C-290DF: inserto de doble cara con puerta batiente, alto rendimiento y visi\u00f3n del fuego en ambos lados. Perfecto para una calefacci\u00f3n moderna y eficiente","robots":{"index":"noindex","follow":"follow","max-snippet":"max-snippet:-1","max-image-preview":"max-image-preview:large","max-video-preview":"max-video-preview:-1"},"og_locale":"es_MX","og_type":"article","og_title":"INSERT Classic Double Face C-290DF \u2013 Puerta Batiente","og_description":"INSERT Classic Double Face C-290DF: inserto de doble cara con puerta batiente, alto rendimiento y visi\u00f3n del fuego en ambos lados. Perfecto para una calefacci\u00f3n moderna y eficiente","og_url":"https:\/\/serradorabellver.es\/es\/produit\/insert-classic-double-face-c-290df-puerta-batiente\/","og_site_name":"SERRADORA BELLVER SL","article_modified_time":"2025-12-07T06:28:54+00:00","og_image":[{"width":768,"height":768,"url":"http:\/\/serradorabellver.es\/wp-content\/uploads\/2025\/11\/1-768x768-1.jpeg","type":"image\/jpeg"}],"twitter_card":"summary_large_image","twitter_misc":{"Precio":"1 650,00&nbsp;&euro;","Disponibilidad":"Disponible"},"schema":{"@context":"https:\/\/schema.org","@graph":[{"@type":"WebPage","@id":"https:\/\/serradorabellver.es\/produit\/insert-classic-double-face-c-290df-puerta-batiente\/","url":"https:\/\/serradorabellver.es\/produit\/insert-classic-double-face-c-290df-puerta-batiente\/","name":"Insert \u00e0 bois double face C-290DF- SERRADORA BELLVER SL","isPartOf":{"@id":"https:\/\/serradorabellver.es\/#website"},"primaryImageOfPage":{"@id":"https:\/\/serradorabellver.es\/produit\/insert-classic-double-face-c-290df-puerta-batiente\/#primaryimage"},"image":{"@id":"https:\/\/serradorabellver.es\/produit\/insert-classic-double-face-c-290df-puerta-batiente\/#primaryimage"},"thumbnailUrl":"https:\/\/serradorabellver.es\/wp-content\/uploads\/2025\/11\/1-768x768-1.jpeg","datePublished":"2025-11-08T09:31:15+00:00","dateModified":"2025-12-07T06:28:54+00:00","description":"INSERT Classic Double Face C-290DF: inserto de doble cara con puerta batiente, alto rendimiento y visi\u00f3n del fuego en ambos lados. Perfecto para una calefacci\u00f3n moderna y eficiente","breadcrumb":{"@id":"https:\/\/serradorabellver.es\/produit\/insert-classic-double-face-c-290df-puerta-batiente\/#breadcrumb"},"inLanguage":"es","potentialAction":[{"@type":"ReadAction","target":["https:\/\/serradorabellver.es\/produit\/insert-classic-double-face-c-290df-puerta-batiente\/"]}]},{"@type":"ImageObject","inLanguage":"es","@id":"https:\/\/serradorabellver.es\/produit\/insert-classic-double-face-c-290df-puerta-batiente\/#primaryimage","url":"https:\/\/serradorabellver.es\/wp-content\/uploads\/2025\/11\/1-768x768-1.jpeg","contentUrl":"https:\/\/serradorabellver.es\/wp-content\/uploads\/2025\/11\/1-768x768-1.jpeg","width":768,"height":768,"caption":"INSERT Classic Double Face C-290DF porte Battante"},{"@type":"BreadcrumbList","@id":"https:\/\/serradorabellver.es\/produit\/insert-classic-double-face-c-290df-puerta-batiente\/#breadcrumb","itemListElement":[{"@type":"ListItem","position":1,"name":"Accueil","item":"https:\/\/serradorabellver.es\/"},{"@type":"ListItem","position":2,"name":"Nuestra Tienda","item":"https:\/\/serradorabellver.es\/boutique\/"},{"@type":"ListItem","position":3,"name":"INSERT Classic Double Face C-290DF \u2013 Puerta Batiente"}]},{"@type":"WebSite","@id":"https:\/\/serradorabellver.es\/#website","url":"https:\/\/serradorabellver.es\/","name":"SERRADORA BELLVER SL","description":"La mejor madera, est\u00e9s donde est\u00e9s en Espa\u00f1a.","publisher":{"@id":"https:\/\/serradorabellver.es\/#organization"},"potentialAction":[{"@type":"SearchAction","target":{"@type":"EntryPoint","urlTemplate":"https:\/\/serradorabellver.es\/?s={search_term_string}"},"query-input":{"@type":"PropertyValueSpecification","valueRequired":true,"valueName":"search_term_string"}}],"inLanguage":"es"},{"@type":"Organization","@id":"https:\/\/serradorabellver.es\/#organization","name":"SERRADORA BELLVER SL","url":"https:\/\/serradorabellver.es\/","logo":{"@type":"ImageObject","inLanguage":"es","@id":"https:\/\/serradorabellver.es\/#\/schema\/logo\/image\/","url":"http:\/\/serradorabellver.es\/wp-content\/uploads\/2025\/12\/ff2bfef6-7920-48cb-90f7-56c7a87576a8-removebg-preview.png","contentUrl":"http:\/\/serradorabellver.es\/wp-content\/uploads\/2025\/12\/ff2bfef6-7920-48cb-90f7-56c7a87576a8-removebg-preview.png","width":444,"height":148,"caption":"SERRADORA BELLVER SL"},"image":{"@id":"https:\/\/serradorabellver.es\/#\/schema\/logo\/image\/"}}]},"product_price_amount":"1650.00","product_price_currency":"EUR","og_availability":"instock","product_availability":"instock","product_retailer_item_id":"IAG-96555","product_condition":"new"},"jetpack_sharing_enabled":true,"_links":{"self":[{"href":"https:\/\/serradorabellver.es\/es\/wp-json\/wp\/v2\/product\/21748","targetHints":{"allow":["GET"]}}],"collection":[{"href":"https:\/\/serradorabellver.es\/es\/wp-json\/wp\/v2\/product"}],"about":[{"href":"https:\/\/serradorabellver.es\/es\/wp-json\/wp\/v2\/types\/product"}],"replies":[{"embeddable":true,"href":"https:\/\/serradorabellver.es\/es\/wp-json\/wp\/v2\/comments?post=21748"}],"wp:featuredmedia":[{"embeddable":true,"href":"https:\/\/serradorabellver.es\/es\/wp-json\/wp\/v2\/media\/21749"}],"wp:attachment":[{"href":"https:\/\/serradorabellver.es\/es\/wp-json\/wp\/v2\/media?parent=21748"}],"wp:term":[{"taxonomy":"product_brand","embeddable":true,"href":"https:\/\/serradorabellver.es\/es\/wp-json\/wp\/v2\/product_brand?post=21748"},{"taxonomy":"product_cat","embeddable":true,"href":"https:\/\/serradorabellver.es\/es\/wp-json\/wp\/v2\/product_cat?post=21748"},{"taxonomy":"product_tag","embeddable":true,"href":"https:\/\/serradorabellver.es\/es\/wp-json\/wp\/v2\/product_tag?post=21748"}],"curies":[{"name":"wp","href":"https:\/\/api.w.org\/{rel}","templated":true}]}}