{"id":21672,"date":"2025-11-07T18:28:56","date_gmt":"2025-11-07T17:28:56","guid":{"rendered":"https:\/\/serradorabellver.es\/?post_type=product&#038;p=21672"},"modified":"2025-12-07T08:50:31","modified_gmt":"2025-12-07T07:50:31","slug":"pellets-enerver-wood-pellets-granulados-de-madera-en-sacos","status":"publish","type":"product","link":"https:\/\/serradorabellver.es\/es\/produit\/pellets-enerver-wood-pellets-granulados-de-madera-en-sacos\/","title":{"rendered":"Pellets ENERVER WOOD PELLETS \u2013 Granulados de Madera en Sacos"},"content":{"rendered":"<h3 data-start=\"286\" data-end=\"358\"><strong data-start=\"286\" data-end=\"356\">Pellets ENERVER WOOD PELLETS \u2013 calor limpio, eficiente y ecol\u00f3gico<\/strong><\/h3>\n<p data-start=\"360\" data-end=\"702\">Los <strong data-start=\"364\" data-end=\"396\">Pellets ENERVER WOOD PELLETS<\/strong> son una soluci\u00f3n ideal para <strong data-start=\"425\" data-end=\"471\">obtener calefacci\u00f3n eficiente y sostenible<\/strong>. Presentados en <strong data-start=\"488\" data-end=\"521\">sacos de granulados de madera<\/strong>, ofrecen <strong data-start=\"531\" data-end=\"610\">alto poder calor\u00edfico, combusti\u00f3n prolongada y m\u00ednima producci\u00f3n de cenizas<\/strong>, lo que los convierte en la opci\u00f3n perfecta para estufas, calderas e insertos de pellets.<\/p>\n<p data-start=\"704\" data-end=\"738\"><strong data-start=\"704\" data-end=\"736\">Caracter\u00edsticas principales:<\/strong><\/p>\n<ul data-start=\"739\" data-end=\"1077\">\n<li data-start=\"739\" data-end=\"794\">\n<p data-start=\"741\" data-end=\"794\"><strong data-start=\"741\" data-end=\"753\">Formato:<\/strong> sacos de pellets de madera comprimida.<\/p>\n<\/li>\n<li data-start=\"795\" data-end=\"868\">\n<p data-start=\"797\" data-end=\"868\"><strong data-start=\"797\" data-end=\"809\">Calidad:<\/strong> 100% madera natural, sin aditivos ni productos qu\u00edmicos.<\/p>\n<\/li>\n<li data-start=\"869\" data-end=\"937\">\n<p data-start=\"871\" data-end=\"937\"><strong data-start=\"871\" data-end=\"897\">Eficiencia energ\u00e9tica:<\/strong> alto poder calor\u00edfico y bajo consumo.<\/p>\n<\/li>\n<li data-start=\"938\" data-end=\"1001\">\n<p data-start=\"940\" data-end=\"1001\"><strong data-start=\"940\" data-end=\"962\">Combusti\u00f3n limpia:<\/strong> menos cenizas y emisiones reducidas.<\/p>\n<\/li>\n<li data-start=\"1002\" data-end=\"1077\">\n<p data-start=\"1004\" data-end=\"1077\"><strong data-start=\"1004\" data-end=\"1023\">Compatibilidad:<\/strong> ideal para estufas, calderas e insertos de pellets.<\/p>\n<\/li>\n<\/ul>\n<p data-start=\"1079\" data-end=\"1096\"><strong data-start=\"1079\" data-end=\"1094\">Beneficios:<\/strong><\/p>\n<ul data-start=\"1097\" data-end=\"1346\">\n<li data-start=\"1097\" data-end=\"1153\">\n<p data-start=\"1099\" data-end=\"1153\">Aporta <strong data-start=\"1106\" data-end=\"1136\">calor constante y duradero<\/strong> para tu hogar.<\/p>\n<\/li>\n<li data-start=\"1154\" data-end=\"1226\">\n<p data-start=\"1156\" data-end=\"1226\">Soluci\u00f3n <strong data-start=\"1165\" data-end=\"1190\">econ\u00f3mica y ecol\u00f3gica<\/strong>, reduciendo el impacto ambiental.<\/p>\n<\/li>\n<li data-start=\"1227\" data-end=\"1302\">\n<p data-start=\"1229\" data-end=\"1302\">Almacenamiento y transporte sencillos gracias a los sacos individuales.<\/p>\n<\/li>\n<li data-start=\"1303\" data-end=\"1346\">\n<p data-start=\"1305\" data-end=\"1346\">Ideal para uso dom\u00e9stico o profesional.<\/p>\n<\/li>\n<\/ul>\n<p data-start=\"1348\" data-end=\"1546\">Con los <strong data-start=\"1356\" data-end=\"1388\">Pellets ENERVER WOOD PELLETS<\/strong>, disfruta de <strong data-start=\"1402\" data-end=\"1452\">una calefacci\u00f3n eficiente, limpia y sostenible<\/strong>, optimizando el consumo de madera mientras mantienes un confort t\u00e9rmico \u00f3ptimo en tu hogar.<\/p>","protected":false},"excerpt":{"rendered":"<p data-start=\"1732\" data-end=\"1867\">Pellets ENERVER WOOD PELLETS, sacos de madera 100% natural, eficientes y ecol\u00f3gicos para estufas y calderas.<\/p>","protected":false},"featured_media":21673,"comment_status":"open","ping_status":"closed","template":"","meta":[],"product_brand":[],"product_cat":[243,247],"product_tag":[],"class_list":{"0":"post-21672","1":"product","2":"type-product","3":"status-publish","4":"has-post-thumbnail","6":"product_cat-bois-de-chauffage-en-palette","7":"product_cat-pellet-2","9":"first","10":"instock","11":"sale","12":"shipping-taxable","13":"purchasable","14":"product-type-simple"},"yoast_head":"<!-- This site is optimized with the Yoast SEO Premium plugin v26.1 (Yoast SEO v26.5) - https:\/\/yoast.com\/wordpress\/plugins\/seo\/ -->\n<title>Pellets ENERVER WOOD PELLETS \u2013 Granul\u00e9s de Bois Sac - SERRADORA BELLVER SL<\/title>\n<meta name=\"description\" content=\"Pellets ENERVER WOOD PELLETS: granulados de madera 100% natural, eficientes, ecol\u00f3gicos y f\u00e1ciles de usar en estufas y calderas.\" \/>\n<meta name=\"robots\" content=\"noindex, follow, max-snippet:-1, max-image-preview:large, max-video-preview:-1\" \/>\n<meta property=\"og:locale\" content=\"es_MX\" \/>\n<meta property=\"og:type\" content=\"article\" \/>\n<meta property=\"og:title\" content=\"Pellets ENERVER WOOD PELLETS \u2013 Granulados de Madera en Sacos\" \/>\n<meta property=\"og:description\" content=\"Pellets ENERVER WOOD PELLETS: granulados de madera 100% natural, eficientes, ecol\u00f3gicos y f\u00e1ciles de usar en estufas y calderas.\" \/>\n<meta property=\"og:url\" content=\"https:\/\/serradorabellver.es\/es\/produit\/pellets-enerver-wood-pellets-granulados-de-madera-en-sacos\/\" \/>\n<meta property=\"og:site_name\" content=\"SERRADORA BELLVER SL\" \/>\n<meta property=\"article:modified_time\" content=\"2025-12-07T07:50:31+00:00\" \/>\n<meta property=\"og:image\" content=\"http:\/\/serradorabellver.es\/wp-content\/uploads\/2025\/11\/000000009000656872_pdm_0.webp\" \/>\n\t<meta property=\"og:image:width\" content=\"2032\" \/>\n\t<meta property=\"og:image:height\" content=\"2032\" \/>\n\t<meta property=\"og:image:type\" content=\"image\/webp\" \/>\n<meta name=\"twitter:card\" content=\"summary_large_image\" \/>\n<meta name=\"twitter:label1\" content=\"Precio\" \/>\n\t<meta name=\"twitter:data1\" content=\"450,00&nbsp;&euro;\" \/>\n\t<meta name=\"twitter:label2\" content=\"Disponibilidad\" \/>\n\t<meta name=\"twitter:data2\" content=\"Disponible\" \/>\n<script type=\"application\/ld+json\" class=\"yoast-schema-graph\">{\"@context\":\"https:\/\/schema.org\",\"@graph\":[{\"@type\":\"WebPage\",\"@id\":\"https:\/\/serradorabellver.es\/produit\/pellets-enerver-wood-pellets-granulados-de-madera-en-sacos\/\",\"url\":\"https:\/\/serradorabellver.es\/produit\/pellets-enerver-wood-pellets-granulados-de-madera-en-sacos\/\",\"name\":\"Pellets ENERVER WOOD PELLETS \u2013 Granul\u00e9s de Bois Sac - SERRADORA BELLVER SL\",\"isPartOf\":{\"@id\":\"https:\/\/serradorabellver.es\/#website\"},\"primaryImageOfPage\":{\"@id\":\"https:\/\/serradorabellver.es\/produit\/pellets-enerver-wood-pellets-granulados-de-madera-en-sacos\/#primaryimage\"},\"image\":{\"@id\":\"https:\/\/serradorabellver.es\/produit\/pellets-enerver-wood-pellets-granulados-de-madera-en-sacos\/#primaryimage\"},\"thumbnailUrl\":\"https:\/\/serradorabellver.es\/wp-content\/uploads\/2025\/11\/000000009000656872_pdm_0.webp\",\"datePublished\":\"2025-11-07T17:28:56+00:00\",\"dateModified\":\"2025-12-07T07:50:31+00:00\",\"description\":\"Pellets ENERVER WOOD PELLETS: granulados de madera 100% natural, eficientes, ecol\u00f3gicos y f\u00e1ciles de usar en estufas y calderas.\",\"breadcrumb\":{\"@id\":\"https:\/\/serradorabellver.es\/produit\/pellets-enerver-wood-pellets-granulados-de-madera-en-sacos\/#breadcrumb\"},\"inLanguage\":\"es\",\"potentialAction\":[{\"@type\":\"ReadAction\",\"target\":[\"https:\/\/serradorabellver.es\/produit\/pellets-enerver-wood-pellets-granulados-de-madera-en-sacos\/\"]}]},{\"@type\":\"ImageObject\",\"inLanguage\":\"es\",\"@id\":\"https:\/\/serradorabellver.es\/produit\/pellets-enerver-wood-pellets-granulados-de-madera-en-sacos\/#primaryimage\",\"url\":\"https:\/\/serradorabellver.es\/wp-content\/uploads\/2025\/11\/000000009000656872_pdm_0.webp\",\"contentUrl\":\"https:\/\/serradorabellver.es\/wp-content\/uploads\/2025\/11\/000000009000656872_pdm_0.webp\",\"width\":2032,\"height\":2032,\"caption\":\"Pellets ENERVER WOOD PELLETS - Granul\u00e9s de Bois Sac\"},{\"@type\":\"BreadcrumbList\",\"@id\":\"https:\/\/serradorabellver.es\/produit\/pellets-enerver-wood-pellets-granulados-de-madera-en-sacos\/#breadcrumb\",\"itemListElement\":[{\"@type\":\"ListItem\",\"position\":1,\"name\":\"Accueil\",\"item\":\"https:\/\/serradorabellver.es\/\"},{\"@type\":\"ListItem\",\"position\":2,\"name\":\"Nuestra Tienda\",\"item\":\"https:\/\/serradorabellver.es\/boutique\/\"},{\"@type\":\"ListItem\",\"position\":3,\"name\":\"Pellets ENERVER WOOD PELLETS \u2013 Granulados de Madera en Sacos\"}]},{\"@type\":\"WebSite\",\"@id\":\"https:\/\/serradorabellver.es\/#website\",\"url\":\"https:\/\/serradorabellver.es\/\",\"name\":\"SERRADORA BELLVER SL\",\"description\":\"La mejor madera, est\u00e9s donde est\u00e9s en Espa\u00f1a.\",\"publisher\":{\"@id\":\"https:\/\/serradorabellver.es\/#organization\"},\"potentialAction\":[{\"@type\":\"SearchAction\",\"target\":{\"@type\":\"EntryPoint\",\"urlTemplate\":\"https:\/\/serradorabellver.es\/?s={search_term_string}\"},\"query-input\":{\"@type\":\"PropertyValueSpecification\",\"valueRequired\":true,\"valueName\":\"search_term_string\"}}],\"inLanguage\":\"es\"},{\"@type\":\"Organization\",\"@id\":\"https:\/\/serradorabellver.es\/#organization\",\"name\":\"SERRADORA BELLVER SL\",\"url\":\"https:\/\/serradorabellver.es\/\",\"logo\":{\"@type\":\"ImageObject\",\"inLanguage\":\"es\",\"@id\":\"https:\/\/serradorabellver.es\/#\/schema\/logo\/image\/\",\"url\":\"http:\/\/serradorabellver.es\/wp-content\/uploads\/2025\/12\/ff2bfef6-7920-48cb-90f7-56c7a87576a8-removebg-preview.png\",\"contentUrl\":\"http:\/\/serradorabellver.es\/wp-content\/uploads\/2025\/12\/ff2bfef6-7920-48cb-90f7-56c7a87576a8-removebg-preview.png\",\"width\":444,\"height\":148,\"caption\":\"SERRADORA BELLVER SL\"},\"image\":{\"@id\":\"https:\/\/serradorabellver.es\/#\/schema\/logo\/image\/\"}}]}<\/script>\n<meta property=\"product:price:amount\" content=\"450.00\" \/>\n<meta property=\"product:price:currency\" content=\"EUR\" \/>\n<meta property=\"og:availability\" content=\"instock\" \/>\n<meta property=\"product:availability\" content=\"instock\" \/>\n<meta property=\"product:retailer_item_id\" content=\"PE-855665\" \/>\n<meta property=\"product:condition\" content=\"new\" \/>\n<!-- \/ Yoast SEO Premium plugin. -->","yoast_head_json":{"title":"Pellets ENERVER WOOD PELLETS \u2013 Granul\u00e9s de Bois Sac - SERRADORA BELLVER SL","description":"Pellets ENERVER WOOD PELLETS: granulados de madera 100% natural, eficientes, ecol\u00f3gicos y f\u00e1ciles de usar en estufas y calderas.","robots":{"index":"noindex","follow":"follow","max-snippet":"max-snippet:-1","max-image-preview":"max-image-preview:large","max-video-preview":"max-video-preview:-1"},"og_locale":"es_MX","og_type":"article","og_title":"Pellets ENERVER WOOD PELLETS \u2013 Granulados de Madera en Sacos","og_description":"Pellets ENERVER WOOD PELLETS: granulados de madera 100% natural, eficientes, ecol\u00f3gicos y f\u00e1ciles de usar en estufas y calderas.","og_url":"https:\/\/serradorabellver.es\/es\/produit\/pellets-enerver-wood-pellets-granulados-de-madera-en-sacos\/","og_site_name":"SERRADORA BELLVER SL","article_modified_time":"2025-12-07T07:50:31+00:00","og_image":[{"width":2032,"height":2032,"url":"http:\/\/serradorabellver.es\/wp-content\/uploads\/2025\/11\/000000009000656872_pdm_0.webp","type":"image\/webp"}],"twitter_card":"summary_large_image","twitter_misc":{"Precio":"450,00&nbsp;&euro;","Disponibilidad":"Disponible"},"schema":{"@context":"https:\/\/schema.org","@graph":[{"@type":"WebPage","@id":"https:\/\/serradorabellver.es\/produit\/pellets-enerver-wood-pellets-granulados-de-madera-en-sacos\/","url":"https:\/\/serradorabellver.es\/produit\/pellets-enerver-wood-pellets-granulados-de-madera-en-sacos\/","name":"Pellets ENERVER WOOD PELLETS \u2013 Granul\u00e9s de Bois Sac - SERRADORA BELLVER SL","isPartOf":{"@id":"https:\/\/serradorabellver.es\/#website"},"primaryImageOfPage":{"@id":"https:\/\/serradorabellver.es\/produit\/pellets-enerver-wood-pellets-granulados-de-madera-en-sacos\/#primaryimage"},"image":{"@id":"https:\/\/serradorabellver.es\/produit\/pellets-enerver-wood-pellets-granulados-de-madera-en-sacos\/#primaryimage"},"thumbnailUrl":"https:\/\/serradorabellver.es\/wp-content\/uploads\/2025\/11\/000000009000656872_pdm_0.webp","datePublished":"2025-11-07T17:28:56+00:00","dateModified":"2025-12-07T07:50:31+00:00","description":"Pellets ENERVER WOOD PELLETS: granulados de madera 100% natural, eficientes, ecol\u00f3gicos y f\u00e1ciles de usar en estufas y calderas.","breadcrumb":{"@id":"https:\/\/serradorabellver.es\/produit\/pellets-enerver-wood-pellets-granulados-de-madera-en-sacos\/#breadcrumb"},"inLanguage":"es","potentialAction":[{"@type":"ReadAction","target":["https:\/\/serradorabellver.es\/produit\/pellets-enerver-wood-pellets-granulados-de-madera-en-sacos\/"]}]},{"@type":"ImageObject","inLanguage":"es","@id":"https:\/\/serradorabellver.es\/produit\/pellets-enerver-wood-pellets-granulados-de-madera-en-sacos\/#primaryimage","url":"https:\/\/serradorabellver.es\/wp-content\/uploads\/2025\/11\/000000009000656872_pdm_0.webp","contentUrl":"https:\/\/serradorabellver.es\/wp-content\/uploads\/2025\/11\/000000009000656872_pdm_0.webp","width":2032,"height":2032,"caption":"Pellets ENERVER WOOD PELLETS - Granul\u00e9s de Bois Sac"},{"@type":"BreadcrumbList","@id":"https:\/\/serradorabellver.es\/produit\/pellets-enerver-wood-pellets-granulados-de-madera-en-sacos\/#breadcrumb","itemListElement":[{"@type":"ListItem","position":1,"name":"Accueil","item":"https:\/\/serradorabellver.es\/"},{"@type":"ListItem","position":2,"name":"Nuestra Tienda","item":"https:\/\/serradorabellver.es\/boutique\/"},{"@type":"ListItem","position":3,"name":"Pellets ENERVER WOOD PELLETS \u2013 Granulados de Madera en Sacos"}]},{"@type":"WebSite","@id":"https:\/\/serradorabellver.es\/#website","url":"https:\/\/serradorabellver.es\/","name":"SERRADORA BELLVER SL","description":"La mejor madera, est\u00e9s donde est\u00e9s en Espa\u00f1a.","publisher":{"@id":"https:\/\/serradorabellver.es\/#organization"},"potentialAction":[{"@type":"SearchAction","target":{"@type":"EntryPoint","urlTemplate":"https:\/\/serradorabellver.es\/?s={search_term_string}"},"query-input":{"@type":"PropertyValueSpecification","valueRequired":true,"valueName":"search_term_string"}}],"inLanguage":"es"},{"@type":"Organization","@id":"https:\/\/serradorabellver.es\/#organization","name":"SERRADORA BELLVER SL","url":"https:\/\/serradorabellver.es\/","logo":{"@type":"ImageObject","inLanguage":"es","@id":"https:\/\/serradorabellver.es\/#\/schema\/logo\/image\/","url":"http:\/\/serradorabellver.es\/wp-content\/uploads\/2025\/12\/ff2bfef6-7920-48cb-90f7-56c7a87576a8-removebg-preview.png","contentUrl":"http:\/\/serradorabellver.es\/wp-content\/uploads\/2025\/12\/ff2bfef6-7920-48cb-90f7-56c7a87576a8-removebg-preview.png","width":444,"height":148,"caption":"SERRADORA BELLVER SL"},"image":{"@id":"https:\/\/serradorabellver.es\/#\/schema\/logo\/image\/"}}]},"product_price_amount":"450.00","product_price_currency":"EUR","og_availability":"instock","product_availability":"instock","product_retailer_item_id":"PE-855665","product_condition":"new"},"jetpack_sharing_enabled":true,"_links":{"self":[{"href":"https:\/\/serradorabellver.es\/es\/wp-json\/wp\/v2\/product\/21672","targetHints":{"allow":["GET"]}}],"collection":[{"href":"https:\/\/serradorabellver.es\/es\/wp-json\/wp\/v2\/product"}],"about":[{"href":"https:\/\/serradorabellver.es\/es\/wp-json\/wp\/v2\/types\/product"}],"replies":[{"embeddable":true,"href":"https:\/\/serradorabellver.es\/es\/wp-json\/wp\/v2\/comments?post=21672"}],"wp:featuredmedia":[{"embeddable":true,"href":"https:\/\/serradorabellver.es\/es\/wp-json\/wp\/v2\/media\/21673"}],"wp:attachment":[{"href":"https:\/\/serradorabellver.es\/es\/wp-json\/wp\/v2\/media?parent=21672"}],"wp:term":[{"taxonomy":"product_brand","embeddable":true,"href":"https:\/\/serradorabellver.es\/es\/wp-json\/wp\/v2\/product_brand?post=21672"},{"taxonomy":"product_cat","embeddable":true,"href":"https:\/\/serradorabellver.es\/es\/wp-json\/wp\/v2\/product_cat?post=21672"},{"taxonomy":"product_tag","embeddable":true,"href":"https:\/\/serradorabellver.es\/es\/wp-json\/wp\/v2\/product_tag?post=21672"}],"curies":[{"name":"wp","href":"https:\/\/api.w.org\/{rel}","templated":true}]}}