{"id":21662,"date":"2025-11-07T17:34:55","date_gmt":"2025-11-07T16:34:55","guid":{"rendered":"https:\/\/serradorabellver.es\/?post_type=product&#038;p=21662"},"modified":"2025-12-07T09:40:10","modified_gmt":"2025-12-07T08:40:10","slug":"lena-densificada-100-resinoso-paleta-960-kg","status":"publish","type":"product","link":"https:\/\/serradorabellver.es\/es\/produit\/lena-densificada-100-resinoso-paleta-960-kg\/","title":{"rendered":"Le\u00f1a Densificada \u2013 100 % Resinoso \u2013 Paleta 960 kg"},"content":{"rendered":"<div class=\"elementor-element elementor-element-71dc8e6e e-con-full e-flex e-con e-child\" data-id=\"71dc8e6e\" data-element_type=\"container\">\n<div class=\"elementor-element elementor-element-7701c818 wd-single-title text-left elementor-widget elementor-widget-wd_single_product_title\" data-id=\"7701c818\" data-element_type=\"widget\" data-widget_type=\"wd_single_product_title.default\">\n<div class=\"elementor-widget-container\">\n<h3 data-start=\"270\" data-end=\"350\"><strong data-start=\"270\" data-end=\"348\">Le\u00f1a densificada 100 % resinoso \u2013 calor eficiente y duradero para tu hogar<\/strong><\/h3>\n<p data-start=\"352\" data-end=\"736\">La <strong data-start=\"355\" data-end=\"407\">paleta de Bois densifi\u00e9 100 % resinoso de 960 kg<\/strong> es ideal para <strong data-start=\"422\" data-end=\"460\">obtener calor intenso y prolongado<\/strong>. Fabricada con madera de con\u00edferas compactada, garantiza <strong data-start=\"518\" data-end=\"574\">alto poder calor\u00edfico, combusti\u00f3n r\u00e1pida y eficiente<\/strong>, y m\u00ednima producci\u00f3n de cenizas. Perfecta para estufas, chimeneas e insertos, asegura <strong data-start=\"661\" data-end=\"699\">una calefacci\u00f3n constante y c\u00f3moda<\/strong> durante toda la temporada de fr\u00edo.<\/p>\n<p data-start=\"738\" data-end=\"772\"><strong data-start=\"738\" data-end=\"770\">Caracter\u00edsticas principales:<\/strong><\/p>\n<ul data-start=\"773\" data-end=\"1098\">\n<li data-start=\"773\" data-end=\"822\">\n<p data-start=\"775\" data-end=\"822\"><strong data-start=\"775\" data-end=\"784\">Peso:<\/strong> 960 kg por paleta, lista para usar.<\/p>\n<\/li>\n<li data-start=\"823\" data-end=\"892\">\n<p data-start=\"825\" data-end=\"892\"><strong data-start=\"825\" data-end=\"844\">Tipo de madera:<\/strong> 100 % resinoso (con\u00edferas), de alta densidad.<\/p>\n<\/li>\n<li data-start=\"893\" data-end=\"958\">\n<p data-start=\"895\" data-end=\"958\"><strong data-start=\"895\" data-end=\"921\">Alto poder calor\u00edfico:<\/strong> ideal para calor intenso y r\u00e1pido.<\/p>\n<\/li>\n<li data-start=\"959\" data-end=\"1013\">\n<p data-start=\"961\" data-end=\"1013\"><strong data-start=\"961\" data-end=\"983\">Combusti\u00f3n limpia:<\/strong> reduce cenizas y emisiones.<\/p>\n<\/li>\n<li data-start=\"1014\" data-end=\"1098\">\n<p data-start=\"1016\" data-end=\"1098\"><strong data-start=\"1016\" data-end=\"1035\">Compatibilidad:<\/strong> apta para estufas, chimeneas e insertos de pellets o madera.<\/p>\n<\/li>\n<\/ul>\n<p data-start=\"1100\" data-end=\"1117\"><strong data-start=\"1100\" data-end=\"1115\">Beneficios:<\/strong><\/p>\n<ul data-start=\"1118\" data-end=\"1390\">\n<li data-start=\"1118\" data-end=\"1178\">\n<p data-start=\"1120\" data-end=\"1178\">Proporciona <strong data-start=\"1132\" data-end=\"1161\">calor intenso y constante<\/strong> para tu hogar.<\/p>\n<\/li>\n<li data-start=\"1179\" data-end=\"1252\">\n<p data-start=\"1181\" data-end=\"1252\">Producto <strong data-start=\"1190\" data-end=\"1215\">econ\u00f3mico y ecol\u00f3gico<\/strong>, respetuoso con el medio ambiente.<\/p>\n<\/li>\n<li data-start=\"1253\" data-end=\"1312\">\n<p data-start=\"1255\" data-end=\"1312\">Paleta compacta para f\u00e1cil almacenamiento y transporte.<\/p>\n<\/li>\n<li data-start=\"1313\" data-end=\"1390\">\n<p data-start=\"1315\" data-end=\"1390\">Madera de con\u00edferas densificada que optimiza el consumo y el rendimiento.<\/p>\n<\/li>\n<\/ul>\n<p data-start=\"1392\" data-end=\"1565\">Con la <strong data-start=\"1399\" data-end=\"1434\">Le\u00f1a densificada 100 % resinoso<\/strong>, disfruta de <strong data-start=\"1448\" data-end=\"1495\">una calefacci\u00f3n potente, eficiente y limpia<\/strong>, garantizando comodidad y ahorro durante toda la temporada de fr\u00edo.<\/p>\n<\/div>\n<\/div>\n<\/div>","protected":false},"excerpt":{"rendered":"<p data-start=\"1738\" data-end=\"1864\">Paleta de Bois densifi\u00e9 100 % resinoso, 960 kg, calor intenso y eficiente para estufas y chimeneas.<\/p>","protected":false},"featured_media":21663,"comment_status":"open","ping_status":"closed","template":"","meta":[],"product_brand":[],"product_cat":[238],"product_tag":[],"class_list":{"0":"post-21662","1":"product","2":"type-product","3":"status-publish","4":"has-post-thumbnail","6":"product_cat-bois-densifies","8":"first","9":"instock","10":"sale","11":"shipping-taxable","12":"purchasable","13":"product-type-simple"},"yoast_head":"<!-- This site is optimized with the Yoast SEO Premium plugin v26.1 (Yoast SEO v26.5) - https:\/\/yoast.com\/wordpress\/plugins\/seo\/ -->\n<title>Bois densifi\u00e9 \u2013 100 % r\u00e9sineux \u2013 Palette de 960 kg - SERRADORA BELLVER SL<\/title>\n<meta name=\"description\" content=\"Bois densifi\u00e9 100 % resinoso \u2013 Paleta 960 kg: calor intenso, eficiente y limpio para estufas, chimeneas e insertos.\" \/>\n<meta name=\"robots\" content=\"noindex, follow, max-snippet:-1, max-image-preview:large, max-video-preview:-1\" \/>\n<meta property=\"og:locale\" content=\"es_MX\" \/>\n<meta property=\"og:type\" content=\"article\" \/>\n<meta property=\"og:title\" content=\"Le\u00f1a Densificada \u2013 100 % Resinoso \u2013 Paleta 960 kg\" \/>\n<meta property=\"og:description\" content=\"Bois densifi\u00e9 100 % resinoso \u2013 Paleta 960 kg: calor intenso, eficiente y limpio para estufas, chimeneas e insertos.\" \/>\n<meta property=\"og:url\" content=\"https:\/\/serradorabellver.es\/es\/produit\/lena-densificada-100-resinoso-paleta-960-kg\/\" \/>\n<meta property=\"og:site_name\" content=\"SERRADORA BELLVER SL\" \/>\n<meta property=\"article:modified_time\" content=\"2025-12-07T08:40:10+00:00\" \/>\n<meta property=\"og:image\" content=\"http:\/\/serradorabellver.es\/wp-content\/uploads\/2025\/11\/t1-2.webp\" \/>\n\t<meta property=\"og:image:width\" content=\"500\" \/>\n\t<meta property=\"og:image:height\" content=\"500\" \/>\n\t<meta property=\"og:image:type\" content=\"image\/webp\" \/>\n<meta name=\"twitter:card\" content=\"summary_large_image\" \/>\n<meta name=\"twitter:label1\" content=\"Precio\" \/>\n\t<meta name=\"twitter:data1\" content=\"220,00&nbsp;&euro;\" \/>\n\t<meta name=\"twitter:label2\" content=\"Disponibilidad\" \/>\n\t<meta name=\"twitter:data2\" content=\"Disponible\" \/>\n<script type=\"application\/ld+json\" class=\"yoast-schema-graph\">{\"@context\":\"https:\/\/schema.org\",\"@graph\":[{\"@type\":\"WebPage\",\"@id\":\"https:\/\/serradorabellver.es\/produit\/lena-densificada-100-resinoso-paleta-960-kg\/\",\"url\":\"https:\/\/serradorabellver.es\/produit\/lena-densificada-100-resinoso-paleta-960-kg\/\",\"name\":\"Bois densifi\u00e9 \u2013 100 % r\u00e9sineux \u2013 Palette de 960 kg - SERRADORA BELLVER SL\",\"isPartOf\":{\"@id\":\"https:\/\/serradorabellver.es\/#website\"},\"primaryImageOfPage\":{\"@id\":\"https:\/\/serradorabellver.es\/produit\/lena-densificada-100-resinoso-paleta-960-kg\/#primaryimage\"},\"image\":{\"@id\":\"https:\/\/serradorabellver.es\/produit\/lena-densificada-100-resinoso-paleta-960-kg\/#primaryimage\"},\"thumbnailUrl\":\"https:\/\/serradorabellver.es\/wp-content\/uploads\/2025\/11\/t1-2.webp\",\"datePublished\":\"2025-11-07T16:34:55+00:00\",\"dateModified\":\"2025-12-07T08:40:10+00:00\",\"description\":\"Bois densifi\u00e9 100 % resinoso \u2013 Paleta 960 kg: calor intenso, eficiente y limpio para estufas, chimeneas e insertos.\",\"breadcrumb\":{\"@id\":\"https:\/\/serradorabellver.es\/produit\/lena-densificada-100-resinoso-paleta-960-kg\/#breadcrumb\"},\"inLanguage\":\"es\",\"potentialAction\":[{\"@type\":\"ReadAction\",\"target\":[\"https:\/\/serradorabellver.es\/produit\/lena-densificada-100-resinoso-paleta-960-kg\/\"]}]},{\"@type\":\"ImageObject\",\"inLanguage\":\"es\",\"@id\":\"https:\/\/serradorabellver.es\/produit\/lena-densificada-100-resinoso-paleta-960-kg\/#primaryimage\",\"url\":\"https:\/\/serradorabellver.es\/wp-content\/uploads\/2025\/11\/t1-2.webp\",\"contentUrl\":\"https:\/\/serradorabellver.es\/wp-content\/uploads\/2025\/11\/t1-2.webp\",\"width\":500,\"height\":500,\"caption\":\"Bois densifi\u00e9 \u2013 100 % r\u00e9sineux \u2013 Palette de 960 kg\"},{\"@type\":\"BreadcrumbList\",\"@id\":\"https:\/\/serradorabellver.es\/produit\/lena-densificada-100-resinoso-paleta-960-kg\/#breadcrumb\",\"itemListElement\":[{\"@type\":\"ListItem\",\"position\":1,\"name\":\"Accueil\",\"item\":\"https:\/\/serradorabellver.es\/\"},{\"@type\":\"ListItem\",\"position\":2,\"name\":\"Nuestra Tienda\",\"item\":\"https:\/\/serradorabellver.es\/boutique\/\"},{\"@type\":\"ListItem\",\"position\":3,\"name\":\"Le\u00f1a Densificada \u2013 100 % Resinoso \u2013 Paleta 960 kg\"}]},{\"@type\":\"WebSite\",\"@id\":\"https:\/\/serradorabellver.es\/#website\",\"url\":\"https:\/\/serradorabellver.es\/\",\"name\":\"SERRADORA BELLVER SL\",\"description\":\"La mejor madera, est\u00e9s donde est\u00e9s en Espa\u00f1a.\",\"publisher\":{\"@id\":\"https:\/\/serradorabellver.es\/#organization\"},\"potentialAction\":[{\"@type\":\"SearchAction\",\"target\":{\"@type\":\"EntryPoint\",\"urlTemplate\":\"https:\/\/serradorabellver.es\/?s={search_term_string}\"},\"query-input\":{\"@type\":\"PropertyValueSpecification\",\"valueRequired\":true,\"valueName\":\"search_term_string\"}}],\"inLanguage\":\"es\"},{\"@type\":\"Organization\",\"@id\":\"https:\/\/serradorabellver.es\/#organization\",\"name\":\"SERRADORA BELLVER SL\",\"url\":\"https:\/\/serradorabellver.es\/\",\"logo\":{\"@type\":\"ImageObject\",\"inLanguage\":\"es\",\"@id\":\"https:\/\/serradorabellver.es\/#\/schema\/logo\/image\/\",\"url\":\"http:\/\/serradorabellver.es\/wp-content\/uploads\/2025\/12\/ff2bfef6-7920-48cb-90f7-56c7a87576a8-removebg-preview.png\",\"contentUrl\":\"http:\/\/serradorabellver.es\/wp-content\/uploads\/2025\/12\/ff2bfef6-7920-48cb-90f7-56c7a87576a8-removebg-preview.png\",\"width\":444,\"height\":148,\"caption\":\"SERRADORA BELLVER SL\"},\"image\":{\"@id\":\"https:\/\/serradorabellver.es\/#\/schema\/logo\/image\/\"}}]}<\/script>\n<meta property=\"product:price:amount\" content=\"220.00\" \/>\n<meta property=\"product:price:currency\" content=\"EUR\" \/>\n<meta property=\"og:availability\" content=\"instock\" \/>\n<meta property=\"product:availability\" content=\"instock\" \/>\n<meta property=\"product:retailer_item_id\" content=\"BD-6851\" \/>\n<meta property=\"product:condition\" content=\"new\" \/>\n<!-- \/ Yoast SEO Premium plugin. -->","yoast_head_json":{"title":"Bois densifi\u00e9 \u2013 100 % r\u00e9sineux \u2013 Palette de 960 kg - SERRADORA BELLVER SL","description":"Bois densifi\u00e9 100 % resinoso \u2013 Paleta 960 kg: calor intenso, eficiente y limpio para estufas, chimeneas e insertos.","robots":{"index":"noindex","follow":"follow","max-snippet":"max-snippet:-1","max-image-preview":"max-image-preview:large","max-video-preview":"max-video-preview:-1"},"og_locale":"es_MX","og_type":"article","og_title":"Le\u00f1a Densificada \u2013 100 % Resinoso \u2013 Paleta 960 kg","og_description":"Bois densifi\u00e9 100 % resinoso \u2013 Paleta 960 kg: calor intenso, eficiente y limpio para estufas, chimeneas e insertos.","og_url":"https:\/\/serradorabellver.es\/es\/produit\/lena-densificada-100-resinoso-paleta-960-kg\/","og_site_name":"SERRADORA BELLVER SL","article_modified_time":"2025-12-07T08:40:10+00:00","og_image":[{"width":500,"height":500,"url":"http:\/\/serradorabellver.es\/wp-content\/uploads\/2025\/11\/t1-2.webp","type":"image\/webp"}],"twitter_card":"summary_large_image","twitter_misc":{"Precio":"220,00&nbsp;&euro;","Disponibilidad":"Disponible"},"schema":{"@context":"https:\/\/schema.org","@graph":[{"@type":"WebPage","@id":"https:\/\/serradorabellver.es\/produit\/lena-densificada-100-resinoso-paleta-960-kg\/","url":"https:\/\/serradorabellver.es\/produit\/lena-densificada-100-resinoso-paleta-960-kg\/","name":"Bois densifi\u00e9 \u2013 100 % r\u00e9sineux \u2013 Palette de 960 kg - SERRADORA BELLVER SL","isPartOf":{"@id":"https:\/\/serradorabellver.es\/#website"},"primaryImageOfPage":{"@id":"https:\/\/serradorabellver.es\/produit\/lena-densificada-100-resinoso-paleta-960-kg\/#primaryimage"},"image":{"@id":"https:\/\/serradorabellver.es\/produit\/lena-densificada-100-resinoso-paleta-960-kg\/#primaryimage"},"thumbnailUrl":"https:\/\/serradorabellver.es\/wp-content\/uploads\/2025\/11\/t1-2.webp","datePublished":"2025-11-07T16:34:55+00:00","dateModified":"2025-12-07T08:40:10+00:00","description":"Bois densifi\u00e9 100 % resinoso \u2013 Paleta 960 kg: calor intenso, eficiente y limpio para estufas, chimeneas e insertos.","breadcrumb":{"@id":"https:\/\/serradorabellver.es\/produit\/lena-densificada-100-resinoso-paleta-960-kg\/#breadcrumb"},"inLanguage":"es","potentialAction":[{"@type":"ReadAction","target":["https:\/\/serradorabellver.es\/produit\/lena-densificada-100-resinoso-paleta-960-kg\/"]}]},{"@type":"ImageObject","inLanguage":"es","@id":"https:\/\/serradorabellver.es\/produit\/lena-densificada-100-resinoso-paleta-960-kg\/#primaryimage","url":"https:\/\/serradorabellver.es\/wp-content\/uploads\/2025\/11\/t1-2.webp","contentUrl":"https:\/\/serradorabellver.es\/wp-content\/uploads\/2025\/11\/t1-2.webp","width":500,"height":500,"caption":"Bois densifi\u00e9 \u2013 100 % r\u00e9sineux \u2013 Palette de 960 kg"},{"@type":"BreadcrumbList","@id":"https:\/\/serradorabellver.es\/produit\/lena-densificada-100-resinoso-paleta-960-kg\/#breadcrumb","itemListElement":[{"@type":"ListItem","position":1,"name":"Accueil","item":"https:\/\/serradorabellver.es\/"},{"@type":"ListItem","position":2,"name":"Nuestra Tienda","item":"https:\/\/serradorabellver.es\/boutique\/"},{"@type":"ListItem","position":3,"name":"Le\u00f1a Densificada \u2013 100 % Resinoso \u2013 Paleta 960 kg"}]},{"@type":"WebSite","@id":"https:\/\/serradorabellver.es\/#website","url":"https:\/\/serradorabellver.es\/","name":"SERRADORA BELLVER SL","description":"La mejor madera, est\u00e9s donde est\u00e9s en Espa\u00f1a.","publisher":{"@id":"https:\/\/serradorabellver.es\/#organization"},"potentialAction":[{"@type":"SearchAction","target":{"@type":"EntryPoint","urlTemplate":"https:\/\/serradorabellver.es\/?s={search_term_string}"},"query-input":{"@type":"PropertyValueSpecification","valueRequired":true,"valueName":"search_term_string"}}],"inLanguage":"es"},{"@type":"Organization","@id":"https:\/\/serradorabellver.es\/#organization","name":"SERRADORA BELLVER SL","url":"https:\/\/serradorabellver.es\/","logo":{"@type":"ImageObject","inLanguage":"es","@id":"https:\/\/serradorabellver.es\/#\/schema\/logo\/image\/","url":"http:\/\/serradorabellver.es\/wp-content\/uploads\/2025\/12\/ff2bfef6-7920-48cb-90f7-56c7a87576a8-removebg-preview.png","contentUrl":"http:\/\/serradorabellver.es\/wp-content\/uploads\/2025\/12\/ff2bfef6-7920-48cb-90f7-56c7a87576a8-removebg-preview.png","width":444,"height":148,"caption":"SERRADORA BELLVER SL"},"image":{"@id":"https:\/\/serradorabellver.es\/#\/schema\/logo\/image\/"}}]},"product_price_amount":"220.00","product_price_currency":"EUR","og_availability":"instock","product_availability":"instock","product_retailer_item_id":"BD-6851","product_condition":"new"},"jetpack_sharing_enabled":true,"_links":{"self":[{"href":"https:\/\/serradorabellver.es\/es\/wp-json\/wp\/v2\/product\/21662","targetHints":{"allow":["GET"]}}],"collection":[{"href":"https:\/\/serradorabellver.es\/es\/wp-json\/wp\/v2\/product"}],"about":[{"href":"https:\/\/serradorabellver.es\/es\/wp-json\/wp\/v2\/types\/product"}],"replies":[{"embeddable":true,"href":"https:\/\/serradorabellver.es\/es\/wp-json\/wp\/v2\/comments?post=21662"}],"wp:featuredmedia":[{"embeddable":true,"href":"https:\/\/serradorabellver.es\/es\/wp-json\/wp\/v2\/media\/21663"}],"wp:attachment":[{"href":"https:\/\/serradorabellver.es\/es\/wp-json\/wp\/v2\/media?parent=21662"}],"wp:term":[{"taxonomy":"product_brand","embeddable":true,"href":"https:\/\/serradorabellver.es\/es\/wp-json\/wp\/v2\/product_brand?post=21662"},{"taxonomy":"product_cat","embeddable":true,"href":"https:\/\/serradorabellver.es\/es\/wp-json\/wp\/v2\/product_cat?post=21662"},{"taxonomy":"product_tag","embeddable":true,"href":"https:\/\/serradorabellver.es\/es\/wp-json\/wp\/v2\/product_tag?post=21662"}],"curies":[{"name":"wp","href":"https:\/\/api.w.org\/{rel}","templated":true}]}}