{"id":21648,"date":"2025-11-07T17:11:55","date_gmt":"2025-11-07T16:11:55","guid":{"rendered":"https:\/\/serradorabellver.es\/?post_type=product&#038;p=21648"},"modified":"2025-11-07T17:11:56","modified_gmt":"2025-11-07T16:11:56","slug":"bois-densifie-buches-de-nuit-palette-de-480-kg","status":"publish","type":"product","link":"https:\/\/serradorabellver.es\/es\/produit\/bois-densifie-buches-de-nuit-palette-de-480-kg\/","title":{"rendered":"Bois densifi\u00e9, b\u00fbches de nuit \u2013 Palette de 480 kg"},"content":{"rendered":"<h2 class=\"product_title entry-title wd-entities-title\">Bois densifi\u00e9, b\u00fbches de nuit \u2013 Palette de 480 kg<\/h2>\n<p data-start=\"179\" data-end=\"359\">Les <strong data-start=\"183\" data-end=\"238\">b\u00fbches de nuit en bois densifi\u00e9 \u2013 palette de 480 kg<\/strong> offrent une solution de chauffage performante et longue dur\u00e9e, id\u00e9ale pour maintenir la chaleur tout au long de la nuit.<\/p>\n<h3 data-start=\"179\" data-end=\"359\">DESCRIPTION<\/h3>\n<p data-start=\"224\" data-end=\"389\">Les <strong data-start=\"228\" data-end=\"263\">b\u00fbches de nuit en bois densifi\u00e9<\/strong> assurent une combustion longue dur\u00e9e. Elles se placent sur un lit de braises, puis on ferme les arriv\u00e9es d\u2019air de l\u2019appareil.<\/p>\n<p data-start=\"391\" data-end=\"664\">Elles offrent une autonomie de <strong data-start=\"422\" data-end=\"438\">6 \u00e0 8 heures<\/strong>, id\u00e9ale pendant la nuit ou en cas d\u2019absence. Leur <strong data-start=\"489\" data-end=\"524\">taux d\u2019humidit\u00e9 inf\u00e9rieur \u00e0 7 %<\/strong> garantit une bonne efficacit\u00e9 \u00e9nerg\u00e9tique. Leur pouvoir calorifique atteint <strong data-start=\"601\" data-end=\"615\">4,9 kWh\/kg<\/strong>, ce qui permet une chaleur durable et r\u00e9guli\u00e8re.<\/p>\n<p data-start=\"666\" data-end=\"872\">Ces b\u00fbches sont <strong data-start=\"682\" data-end=\"700\">sans plastique<\/strong>, ou presque. Elles sont simplement cercl\u00e9es pour limiter l\u2019emballage.<br data-start=\"770\" data-end=\"773\" \/>Elles contribuent \u00e9galement au nettoyage du conduit gr\u00e2ce au <strong data-start=\"834\" data-end=\"848\">miscanthus<\/strong>, qui ass\u00e8che les suies.<\/p>\n<hr data-start=\"874\" data-end=\"877\" \/>\n<h2 data-start=\"879\" data-end=\"912\">\u2705 Caract\u00e9ristiques principales<\/h2>\n<ul data-start=\"913\" data-end=\"1087\">\n<li data-start=\"913\" data-end=\"950\">\n<p data-start=\"915\" data-end=\"950\"><strong data-start=\"915\" data-end=\"940\">Dur\u00e9e de combustion :<\/strong> 6 \u00e0 8 h<\/p>\n<\/li>\n<li data-start=\"951\" data-end=\"991\">\n<p data-start=\"953\" data-end=\"991\"><strong data-start=\"953\" data-end=\"978\">Pouvoir calorifique :<\/strong> 4,9 kWh\/kg<\/p>\n<\/li>\n<li data-start=\"992\" data-end=\"1016\">\n<p data-start=\"994\" data-end=\"1016\"><strong data-start=\"994\" data-end=\"1008\">Humidit\u00e9 :<\/strong> &lt; 7 %<\/p>\n<\/li>\n<li data-start=\"1017\" data-end=\"1046\">\n<p data-start=\"1019\" data-end=\"1046\"><strong data-start=\"1019\" data-end=\"1033\">Longueur :<\/strong> 26 \u00e0 29 cm<\/p>\n<\/li>\n<li data-start=\"1047\" data-end=\"1087\">\n<p data-start=\"1049\" data-end=\"1087\"><strong data-start=\"1049\" data-end=\"1070\">Conditionnement :<\/strong> palette 480 kg<\/p>\n<\/li>\n<\/ul>\n<hr data-start=\"1089\" data-end=\"1092\" \/>\n<h2 data-start=\"1094\" data-end=\"1123\">\u2705 Concernant le miscanthus<\/h2>\n<p data-start=\"1124\" data-end=\"1384\">Le <strong data-start=\"1127\" data-end=\"1141\">miscanthus<\/strong>, aussi appel\u00e9 <em data-start=\"1156\" data-end=\"1174\">herbe \u00e0 \u00e9l\u00e9phant<\/em>, <em data-start=\"1176\" data-end=\"1185\">eulalie<\/em> ou <em data-start=\"1189\" data-end=\"1206\">roseau de Chine<\/em>, est une plante vivace de la famille des gramin\u00e9es. Originaire d\u2019Afrique et d\u2019Asie du Sud, elle favorise une combustion plus propre et aide \u00e0 limiter les d\u00e9p\u00f4ts dans le conduit.<\/p>","protected":false},"excerpt":{"rendered":"<p data-start=\"585\" data-end=\"749\">Palette de <strong data-start=\"596\" data-end=\"641\">480 kg de b\u00fbches de nuit en bois densifi\u00e9<\/strong> : longue combustion, chaleur r\u00e9guli\u00e8re et faible taux de cendres. Solution id\u00e9ale pour po\u00eales et chemin\u00e9es.<\/p>","protected":false},"featured_media":21654,"comment_status":"open","ping_status":"closed","template":"","meta":[],"product_brand":[],"product_cat":[238],"product_tag":[],"class_list":{"0":"post-21648","1":"product","2":"type-product","3":"status-publish","4":"has-post-thumbnail","6":"product_cat-bois-densifies","8":"first","9":"instock","10":"sale","11":"shipping-taxable","12":"purchasable","13":"product-type-simple"},"yoast_head":"<!-- This site is optimized with the Yoast SEO Premium plugin v26.1 (Yoast SEO v26.5) - https:\/\/yoast.com\/wordpress\/plugins\/seo\/ -->\n<title>B\u00fbches de nuit bois densifi\u00e9 \u2013 palette 480 kg<\/title>\n<meta name=\"description\" content=\"Bois densifi\u00e9 b\u00fbches de nuit \u2013 palette 480 kg : dur\u00e9e de combustion prolong\u00e9e, chaleur constante, peu de cendres. Id\u00e9al po\u00eales et chemin\u00e9es.\" \/>\n<meta name=\"robots\" content=\"noindex, follow, max-snippet:-1, max-image-preview:large, max-video-preview:-1\" \/>\n<meta property=\"og:locale\" content=\"es_MX\" \/>\n<meta property=\"og:type\" content=\"article\" \/>\n<meta property=\"og:title\" content=\"Bois densifi\u00e9, b\u00fbches de nuit \u2013 Palette de 480 kg\" \/>\n<meta property=\"og:description\" content=\"Bois densifi\u00e9 b\u00fbches de nuit \u2013 palette 480 kg : dur\u00e9e de combustion prolong\u00e9e, chaleur constante, peu de cendres. Id\u00e9al po\u00eales et chemin\u00e9es.\" \/>\n<meta property=\"og:url\" content=\"https:\/\/serradorabellver.es\/es\/produit\/bois-densifie-buches-de-nuit-palette-de-480-kg\/\" \/>\n<meta property=\"og:site_name\" content=\"SERRADORA BELLVER SL\" \/>\n<meta property=\"article:modified_time\" content=\"2025-11-07T16:11:56+00:00\" \/>\n<meta property=\"og:image\" content=\"http:\/\/serradorabellver.es\/wp-content\/uploads\/2025\/11\/bois-densifie1-2-palette-de-480-kg-700x700-1.jpeg\" \/>\n\t<meta property=\"og:image:width\" content=\"700\" \/>\n\t<meta property=\"og:image:height\" content=\"700\" \/>\n\t<meta property=\"og:image:type\" content=\"image\/jpeg\" \/>\n<meta name=\"twitter:card\" content=\"summary_large_image\" \/>\n<meta name=\"twitter:label1\" content=\"Precio\" \/>\n\t<meta name=\"twitter:data1\" content=\"100,00&nbsp;&euro;\" \/>\n\t<meta name=\"twitter:label2\" content=\"Disponibilidad\" \/>\n\t<meta name=\"twitter:data2\" content=\"Disponible\" \/>\n<script type=\"application\/ld+json\" class=\"yoast-schema-graph\">{\"@context\":\"https:\/\/schema.org\",\"@graph\":[{\"@type\":\"WebPage\",\"@id\":\"https:\/\/serradorabellver.es\/produit\/bois-densifie-buches-de-nuit-palette-de-480-kg\/\",\"url\":\"https:\/\/serradorabellver.es\/produit\/bois-densifie-buches-de-nuit-palette-de-480-kg\/\",\"name\":\"B\u00fbches de nuit bois densifi\u00e9 \u2013 palette 480 kg\",\"isPartOf\":{\"@id\":\"https:\/\/serradorabellver.es\/#website\"},\"primaryImageOfPage\":{\"@id\":\"https:\/\/serradorabellver.es\/produit\/bois-densifie-buches-de-nuit-palette-de-480-kg\/#primaryimage\"},\"image\":{\"@id\":\"https:\/\/serradorabellver.es\/produit\/bois-densifie-buches-de-nuit-palette-de-480-kg\/#primaryimage\"},\"thumbnailUrl\":\"https:\/\/serradorabellver.es\/wp-content\/uploads\/2025\/11\/bois-densifie1-2-palette-de-480-kg-700x700-1.jpeg\",\"datePublished\":\"2025-11-07T16:11:55+00:00\",\"dateModified\":\"2025-11-07T16:11:56+00:00\",\"description\":\"Bois densifi\u00e9 b\u00fbches de nuit \u2013 palette 480 kg : dur\u00e9e de combustion prolong\u00e9e, chaleur constante, peu de cendres. Id\u00e9al po\u00eales et chemin\u00e9es.\",\"breadcrumb\":{\"@id\":\"https:\/\/serradorabellver.es\/produit\/bois-densifie-buches-de-nuit-palette-de-480-kg\/#breadcrumb\"},\"inLanguage\":\"es\",\"potentialAction\":[{\"@type\":\"ReadAction\",\"target\":[\"https:\/\/serradorabellver.es\/produit\/bois-densifie-buches-de-nuit-palette-de-480-kg\/\"]}]},{\"@type\":\"ImageObject\",\"inLanguage\":\"es\",\"@id\":\"https:\/\/serradorabellver.es\/produit\/bois-densifie-buches-de-nuit-palette-de-480-kg\/#primaryimage\",\"url\":\"https:\/\/serradorabellver.es\/wp-content\/uploads\/2025\/11\/bois-densifie1-2-palette-de-480-kg-700x700-1.jpeg\",\"contentUrl\":\"https:\/\/serradorabellver.es\/wp-content\/uploads\/2025\/11\/bois-densifie1-2-palette-de-480-kg-700x700-1.jpeg\",\"width\":700,\"height\":700,\"caption\":\"Bois densifi\u00e9, b\u00fbches de nuit \u2013 Palette de 480 kg\"},{\"@type\":\"BreadcrumbList\",\"@id\":\"https:\/\/serradorabellver.es\/produit\/bois-densifie-buches-de-nuit-palette-de-480-kg\/#breadcrumb\",\"itemListElement\":[{\"@type\":\"ListItem\",\"position\":1,\"name\":\"Accueil\",\"item\":\"https:\/\/serradorabellver.es\/\"},{\"@type\":\"ListItem\",\"position\":2,\"name\":\"Nuestra Tienda\",\"item\":\"https:\/\/serradorabellver.es\/boutique\/\"},{\"@type\":\"ListItem\",\"position\":3,\"name\":\"Bois densifi\u00e9, b\u00fbches de nuit \u2013 Palette de 480 kg\"}]},{\"@type\":\"WebSite\",\"@id\":\"https:\/\/serradorabellver.es\/#website\",\"url\":\"https:\/\/serradorabellver.es\/\",\"name\":\"SERRADORA BELLVER SL\",\"description\":\"La mejor madera, est\u00e9s donde est\u00e9s en Espa\u00f1a.\",\"publisher\":{\"@id\":\"https:\/\/serradorabellver.es\/#organization\"},\"potentialAction\":[{\"@type\":\"SearchAction\",\"target\":{\"@type\":\"EntryPoint\",\"urlTemplate\":\"https:\/\/serradorabellver.es\/?s={search_term_string}\"},\"query-input\":{\"@type\":\"PropertyValueSpecification\",\"valueRequired\":true,\"valueName\":\"search_term_string\"}}],\"inLanguage\":\"es\"},{\"@type\":\"Organization\",\"@id\":\"https:\/\/serradorabellver.es\/#organization\",\"name\":\"SERRADORA BELLVER SL\",\"url\":\"https:\/\/serradorabellver.es\/\",\"logo\":{\"@type\":\"ImageObject\",\"inLanguage\":\"es\",\"@id\":\"https:\/\/serradorabellver.es\/#\/schema\/logo\/image\/\",\"url\":\"http:\/\/serradorabellver.es\/wp-content\/uploads\/2025\/12\/ff2bfef6-7920-48cb-90f7-56c7a87576a8-removebg-preview.png\",\"contentUrl\":\"http:\/\/serradorabellver.es\/wp-content\/uploads\/2025\/12\/ff2bfef6-7920-48cb-90f7-56c7a87576a8-removebg-preview.png\",\"width\":444,\"height\":148,\"caption\":\"SERRADORA BELLVER SL\"},\"image\":{\"@id\":\"https:\/\/serradorabellver.es\/#\/schema\/logo\/image\/\"}}]}<\/script>\n<meta property=\"product:price:amount\" content=\"100.00\" \/>\n<meta property=\"product:price:currency\" content=\"EUR\" \/>\n<meta property=\"og:availability\" content=\"instock\" \/>\n<meta property=\"product:availability\" content=\"instock\" \/>\n<meta property=\"product:retailer_item_id\" content=\"BD-5865564\" \/>\n<meta property=\"product:condition\" content=\"new\" \/>\n<!-- \/ Yoast SEO Premium plugin. -->","yoast_head_json":{"title":"B\u00fbches de nuit bois densifi\u00e9 \u2013 palette 480 kg","description":"Bois densifi\u00e9 b\u00fbches de nuit \u2013 palette 480 kg : dur\u00e9e de combustion prolong\u00e9e, chaleur constante, peu de cendres. Id\u00e9al po\u00eales et chemin\u00e9es.","robots":{"index":"noindex","follow":"follow","max-snippet":"max-snippet:-1","max-image-preview":"max-image-preview:large","max-video-preview":"max-video-preview:-1"},"og_locale":"es_MX","og_type":"article","og_title":"Bois densifi\u00e9, b\u00fbches de nuit \u2013 Palette de 480 kg","og_description":"Bois densifi\u00e9 b\u00fbches de nuit \u2013 palette 480 kg : dur\u00e9e de combustion prolong\u00e9e, chaleur constante, peu de cendres. Id\u00e9al po\u00eales et chemin\u00e9es.","og_url":"https:\/\/serradorabellver.es\/es\/produit\/bois-densifie-buches-de-nuit-palette-de-480-kg\/","og_site_name":"SERRADORA BELLVER SL","article_modified_time":"2025-11-07T16:11:56+00:00","og_image":[{"width":700,"height":700,"url":"http:\/\/serradorabellver.es\/wp-content\/uploads\/2025\/11\/bois-densifie1-2-palette-de-480-kg-700x700-1.jpeg","type":"image\/jpeg"}],"twitter_card":"summary_large_image","twitter_misc":{"Precio":"100,00&nbsp;&euro;","Disponibilidad":"Disponible"},"schema":{"@context":"https:\/\/schema.org","@graph":[{"@type":"WebPage","@id":"https:\/\/serradorabellver.es\/produit\/bois-densifie-buches-de-nuit-palette-de-480-kg\/","url":"https:\/\/serradorabellver.es\/produit\/bois-densifie-buches-de-nuit-palette-de-480-kg\/","name":"B\u00fbches de nuit bois densifi\u00e9 \u2013 palette 480 kg","isPartOf":{"@id":"https:\/\/serradorabellver.es\/#website"},"primaryImageOfPage":{"@id":"https:\/\/serradorabellver.es\/produit\/bois-densifie-buches-de-nuit-palette-de-480-kg\/#primaryimage"},"image":{"@id":"https:\/\/serradorabellver.es\/produit\/bois-densifie-buches-de-nuit-palette-de-480-kg\/#primaryimage"},"thumbnailUrl":"https:\/\/serradorabellver.es\/wp-content\/uploads\/2025\/11\/bois-densifie1-2-palette-de-480-kg-700x700-1.jpeg","datePublished":"2025-11-07T16:11:55+00:00","dateModified":"2025-11-07T16:11:56+00:00","description":"Bois densifi\u00e9 b\u00fbches de nuit \u2013 palette 480 kg : dur\u00e9e de combustion prolong\u00e9e, chaleur constante, peu de cendres. Id\u00e9al po\u00eales et chemin\u00e9es.","breadcrumb":{"@id":"https:\/\/serradorabellver.es\/produit\/bois-densifie-buches-de-nuit-palette-de-480-kg\/#breadcrumb"},"inLanguage":"es","potentialAction":[{"@type":"ReadAction","target":["https:\/\/serradorabellver.es\/produit\/bois-densifie-buches-de-nuit-palette-de-480-kg\/"]}]},{"@type":"ImageObject","inLanguage":"es","@id":"https:\/\/serradorabellver.es\/produit\/bois-densifie-buches-de-nuit-palette-de-480-kg\/#primaryimage","url":"https:\/\/serradorabellver.es\/wp-content\/uploads\/2025\/11\/bois-densifie1-2-palette-de-480-kg-700x700-1.jpeg","contentUrl":"https:\/\/serradorabellver.es\/wp-content\/uploads\/2025\/11\/bois-densifie1-2-palette-de-480-kg-700x700-1.jpeg","width":700,"height":700,"caption":"Bois densifi\u00e9, b\u00fbches de nuit \u2013 Palette de 480 kg"},{"@type":"BreadcrumbList","@id":"https:\/\/serradorabellver.es\/produit\/bois-densifie-buches-de-nuit-palette-de-480-kg\/#breadcrumb","itemListElement":[{"@type":"ListItem","position":1,"name":"Accueil","item":"https:\/\/serradorabellver.es\/"},{"@type":"ListItem","position":2,"name":"Nuestra Tienda","item":"https:\/\/serradorabellver.es\/boutique\/"},{"@type":"ListItem","position":3,"name":"Bois densifi\u00e9, b\u00fbches de nuit \u2013 Palette de 480 kg"}]},{"@type":"WebSite","@id":"https:\/\/serradorabellver.es\/#website","url":"https:\/\/serradorabellver.es\/","name":"SERRADORA BELLVER SL","description":"La mejor madera, est\u00e9s donde est\u00e9s en Espa\u00f1a.","publisher":{"@id":"https:\/\/serradorabellver.es\/#organization"},"potentialAction":[{"@type":"SearchAction","target":{"@type":"EntryPoint","urlTemplate":"https:\/\/serradorabellver.es\/?s={search_term_string}"},"query-input":{"@type":"PropertyValueSpecification","valueRequired":true,"valueName":"search_term_string"}}],"inLanguage":"es"},{"@type":"Organization","@id":"https:\/\/serradorabellver.es\/#organization","name":"SERRADORA BELLVER SL","url":"https:\/\/serradorabellver.es\/","logo":{"@type":"ImageObject","inLanguage":"es","@id":"https:\/\/serradorabellver.es\/#\/schema\/logo\/image\/","url":"http:\/\/serradorabellver.es\/wp-content\/uploads\/2025\/12\/ff2bfef6-7920-48cb-90f7-56c7a87576a8-removebg-preview.png","contentUrl":"http:\/\/serradorabellver.es\/wp-content\/uploads\/2025\/12\/ff2bfef6-7920-48cb-90f7-56c7a87576a8-removebg-preview.png","width":444,"height":148,"caption":"SERRADORA BELLVER SL"},"image":{"@id":"https:\/\/serradorabellver.es\/#\/schema\/logo\/image\/"}}]},"product_price_amount":"100.00","product_price_currency":"EUR","og_availability":"instock","product_availability":"instock","product_retailer_item_id":"BD-5865564","product_condition":"new"},"jetpack_sharing_enabled":true,"_links":{"self":[{"href":"https:\/\/serradorabellver.es\/es\/wp-json\/wp\/v2\/product\/21648","targetHints":{"allow":["GET"]}}],"collection":[{"href":"https:\/\/serradorabellver.es\/es\/wp-json\/wp\/v2\/product"}],"about":[{"href":"https:\/\/serradorabellver.es\/es\/wp-json\/wp\/v2\/types\/product"}],"replies":[{"embeddable":true,"href":"https:\/\/serradorabellver.es\/es\/wp-json\/wp\/v2\/comments?post=21648"}],"wp:featuredmedia":[{"embeddable":true,"href":"https:\/\/serradorabellver.es\/es\/wp-json\/wp\/v2\/media\/21654"}],"wp:attachment":[{"href":"https:\/\/serradorabellver.es\/es\/wp-json\/wp\/v2\/media?parent=21648"}],"wp:term":[{"taxonomy":"product_brand","embeddable":true,"href":"https:\/\/serradorabellver.es\/es\/wp-json\/wp\/v2\/product_brand?post=21648"},{"taxonomy":"product_cat","embeddable":true,"href":"https:\/\/serradorabellver.es\/es\/wp-json\/wp\/v2\/product_cat?post=21648"},{"taxonomy":"product_tag","embeddable":true,"href":"https:\/\/serradorabellver.es\/es\/wp-json\/wp\/v2\/product_tag?post=21648"}],"curies":[{"name":"wp","href":"https:\/\/api.w.org\/{rel}","templated":true}]}}