{"id":21646,"date":"2025-11-07T17:09:44","date_gmt":"2025-11-07T16:09:44","guid":{"rendered":"https:\/\/serradorabellver.es\/?post_type=product&#038;p=21646"},"modified":"2025-12-08T04:08:32","modified_gmt":"2025-12-08T03:08:32","slug":"mezcla-de-briquetas-de-madera-100-roble-briquetas-de-lignito-en-pale-930-kg","status":"publish","type":"product","link":"https:\/\/serradorabellver.es\/es\/produit\/mezcla-de-briquetas-de-madera-100-roble-briquetas-de-lignito-en-pale-930-kg\/","title":{"rendered":"Mezcla de briquetas de madera 100% roble + briquetas de lignito en pal\u00e9 (930 kg)"},"content":{"rendered":"<div class=\"single-product-header\">\n<p data-start=\"264\" data-end=\"569\">Descubra esta combinaci\u00f3n de briquetas de madera 100% roble y briquetas de lignito, ideal para obtener un calor potente, regular y duradero. Las briquetas de roble garantizan una combusti\u00f3n limpia y estable, mientras que las briquetas de lignito aportan una mayor duraci\u00f3n y un excelente poder calor\u00edfico.<\/p>\n<p data-start=\"571\" data-end=\"778\">Este pal\u00e9 de 930 kg es perfecto para hogares que buscan una soluci\u00f3n de calefacci\u00f3n econ\u00f3mica y eficaz. Compatible con estufas, insertables y chimeneas, ofrece un rendimiento \u00f3ptimo durante todo el invierno.<\/p>\n<p data-start=\"780\" data-end=\"806\"><strong data-start=\"780\" data-end=\"806\">Ventajas principales :<\/strong><\/p>\n<ul data-start=\"807\" data-end=\"944\">\n<li data-start=\"807\" data-end=\"842\">\n<p data-start=\"809\" data-end=\"842\">Combusti\u00f3n prolongada y estable<\/p>\n<\/li>\n<li data-start=\"843\" data-end=\"868\">\n<p data-start=\"845\" data-end=\"868\">Alto poder calor\u00edfico<\/p>\n<\/li>\n<li data-start=\"869\" data-end=\"897\">\n<p data-start=\"871\" data-end=\"897\">Menos residuos y cenizas<\/p>\n<\/li>\n<li data-start=\"898\" data-end=\"944\">\n<p data-start=\"900\" data-end=\"944\">Soluci\u00f3n pr\u00e1ctica para almacenar y manipular<\/p>\n<\/li>\n<\/ul>\n<\/div>","protected":false},"excerpt":{"rendered":"<p data-start=\"972\" data-end=\"1087\">Mezcla de briquetas de roble y lignito en pal\u00e9 de 930 kg, ideal para una calefacci\u00f3n potente, econ\u00f3mica y duradera.<\/p>","protected":false},"featured_media":21649,"comment_status":"open","ping_status":"closed","template":"","meta":[],"product_brand":[],"product_cat":[244],"product_tag":[],"class_list":{"0":"post-21646","1":"product","2":"type-product","3":"status-publish","4":"has-post-thumbnail","6":"product_cat-briquettes-charbon","8":"first","9":"instock","10":"shipping-taxable","11":"purchasable","12":"product-type-simple"},"yoast_head":"<!-- This site is optimized with the Yoast SEO Premium plugin v26.1 (Yoast SEO v26.5) - https:\/\/yoast.com\/wordpress\/plugins\/seo\/ -->\n<title>Palette Mixte Briquettes Ch\u00eane + Lignite 930Kg - SERRADORA BELLVER SL<\/title>\n<meta name=\"description\" content=\"Mezcla de briquetas 100% roble + lignito en pal\u00e9 de 930 kg. Alto rendimiento, combusti\u00f3n prolongada y excelente poder calor\u00edfico. Perfecto para estufas y chimeneas.\" \/>\n<meta name=\"robots\" content=\"noindex, follow, max-snippet:-1, max-image-preview:large, max-video-preview:-1\" \/>\n<meta property=\"og:locale\" content=\"es_MX\" \/>\n<meta property=\"og:type\" content=\"article\" \/>\n<meta property=\"og:title\" content=\"Mezcla de briquetas de madera 100% roble + briquetas de lignito en pal\u00e9 (930 kg)\" \/>\n<meta property=\"og:description\" content=\"Mezcla de briquetas 100% roble + lignito en pal\u00e9 de 930 kg. Alto rendimiento, combusti\u00f3n prolongada y excelente poder calor\u00edfico. Perfecto para estufas y chimeneas.\" \/>\n<meta property=\"og:url\" content=\"https:\/\/serradorabellver.es\/es\/produit\/mezcla-de-briquetas-de-madera-100-roble-briquetas-de-lignito-en-pale-930-kg\/\" \/>\n<meta property=\"og:site_name\" content=\"SERRADORA BELLVER SL\" \/>\n<meta property=\"article:modified_time\" content=\"2025-12-08T03:08:32+00:00\" \/>\n<meta property=\"og:image\" content=\"http:\/\/serradorabellver.es\/wp-content\/uploads\/2025\/11\/HOTDEVIL-COMBIPINIBRUINKOOL-1.jpg\" \/>\n\t<meta property=\"og:image:width\" content=\"750\" \/>\n\t<meta property=\"og:image:height\" content=\"750\" \/>\n\t<meta property=\"og:image:type\" content=\"image\/jpeg\" \/>\n<meta name=\"twitter:card\" content=\"summary_large_image\" \/>\n<meta name=\"twitter:label1\" content=\"Precio\" \/>\n\t<meta name=\"twitter:data1\" content=\"375,00&nbsp;&euro;\" \/>\n\t<meta name=\"twitter:label2\" content=\"Disponibilidad\" \/>\n\t<meta name=\"twitter:data2\" content=\"Disponible\" \/>\n<script type=\"application\/ld+json\" class=\"yoast-schema-graph\">{\"@context\":\"https:\/\/schema.org\",\"@graph\":[{\"@type\":\"WebPage\",\"@id\":\"https:\/\/serradorabellver.es\/produit\/mezcla-de-briquetas-de-madera-100-roble-briquetas-de-lignito-en-pale-930-kg\/\",\"url\":\"https:\/\/serradorabellver.es\/produit\/mezcla-de-briquetas-de-madera-100-roble-briquetas-de-lignito-en-pale-930-kg\/\",\"name\":\"Palette Mixte Briquettes Ch\u00eane + Lignite 930Kg - SERRADORA BELLVER SL\",\"isPartOf\":{\"@id\":\"https:\/\/serradorabellver.es\/#website\"},\"primaryImageOfPage\":{\"@id\":\"https:\/\/serradorabellver.es\/produit\/mezcla-de-briquetas-de-madera-100-roble-briquetas-de-lignito-en-pale-930-kg\/#primaryimage\"},\"image\":{\"@id\":\"https:\/\/serradorabellver.es\/produit\/mezcla-de-briquetas-de-madera-100-roble-briquetas-de-lignito-en-pale-930-kg\/#primaryimage\"},\"thumbnailUrl\":\"https:\/\/serradorabellver.es\/wp-content\/uploads\/2025\/11\/HOTDEVIL-COMBIPINIBRUINKOOL-1.jpg\",\"datePublished\":\"2025-11-07T16:09:44+00:00\",\"dateModified\":\"2025-12-08T03:08:32+00:00\",\"description\":\"Mezcla de briquetas 100% roble + lignito en pal\u00e9 de 930 kg. Alto rendimiento, combusti\u00f3n prolongada y excelente poder calor\u00edfico. Perfecto para estufas y chimeneas.\",\"breadcrumb\":{\"@id\":\"https:\/\/serradorabellver.es\/produit\/mezcla-de-briquetas-de-madera-100-roble-briquetas-de-lignito-en-pale-930-kg\/#breadcrumb\"},\"inLanguage\":\"es\",\"potentialAction\":[{\"@type\":\"ReadAction\",\"target\":[\"https:\/\/serradorabellver.es\/produit\/mezcla-de-briquetas-de-madera-100-roble-briquetas-de-lignito-en-pale-930-kg\/\"]}]},{\"@type\":\"ImageObject\",\"inLanguage\":\"es\",\"@id\":\"https:\/\/serradorabellver.es\/produit\/mezcla-de-briquetas-de-madera-100-roble-briquetas-de-lignito-en-pale-930-kg\/#primaryimage\",\"url\":\"https:\/\/serradorabellver.es\/wp-content\/uploads\/2025\/11\/HOTDEVIL-COMBIPINIBRUINKOOL-1.jpg\",\"contentUrl\":\"https:\/\/serradorabellver.es\/wp-content\/uploads\/2025\/11\/HOTDEVIL-COMBIPINIBRUINKOOL-1.jpg\",\"width\":750,\"height\":750,\"caption\":\"Mixte de briquettes de bois 100% ch\u00eane + briquettes de lignite palette (930Kg)\"},{\"@type\":\"BreadcrumbList\",\"@id\":\"https:\/\/serradorabellver.es\/produit\/mezcla-de-briquetas-de-madera-100-roble-briquetas-de-lignito-en-pale-930-kg\/#breadcrumb\",\"itemListElement\":[{\"@type\":\"ListItem\",\"position\":1,\"name\":\"Accueil\",\"item\":\"https:\/\/serradorabellver.es\/\"},{\"@type\":\"ListItem\",\"position\":2,\"name\":\"Nuestra Tienda\",\"item\":\"https:\/\/serradorabellver.es\/boutique\/\"},{\"@type\":\"ListItem\",\"position\":3,\"name\":\"Mezcla de briquetas de madera 100% roble + briquetas de lignito en pal\u00e9 (930 kg)\"}]},{\"@type\":\"WebSite\",\"@id\":\"https:\/\/serradorabellver.es\/#website\",\"url\":\"https:\/\/serradorabellver.es\/\",\"name\":\"SERRADORA BELLVER SL\",\"description\":\"La mejor madera, est\u00e9s donde est\u00e9s en Espa\u00f1a.\",\"publisher\":{\"@id\":\"https:\/\/serradorabellver.es\/#organization\"},\"potentialAction\":[{\"@type\":\"SearchAction\",\"target\":{\"@type\":\"EntryPoint\",\"urlTemplate\":\"https:\/\/serradorabellver.es\/?s={search_term_string}\"},\"query-input\":{\"@type\":\"PropertyValueSpecification\",\"valueRequired\":true,\"valueName\":\"search_term_string\"}}],\"inLanguage\":\"es\"},{\"@type\":\"Organization\",\"@id\":\"https:\/\/serradorabellver.es\/#organization\",\"name\":\"SERRADORA BELLVER SL\",\"url\":\"https:\/\/serradorabellver.es\/\",\"logo\":{\"@type\":\"ImageObject\",\"inLanguage\":\"es\",\"@id\":\"https:\/\/serradorabellver.es\/#\/schema\/logo\/image\/\",\"url\":\"http:\/\/serradorabellver.es\/wp-content\/uploads\/2025\/12\/ff2bfef6-7920-48cb-90f7-56c7a87576a8-removebg-preview.png\",\"contentUrl\":\"http:\/\/serradorabellver.es\/wp-content\/uploads\/2025\/12\/ff2bfef6-7920-48cb-90f7-56c7a87576a8-removebg-preview.png\",\"width\":444,\"height\":148,\"caption\":\"SERRADORA BELLVER SL\"},\"image\":{\"@id\":\"https:\/\/serradorabellver.es\/#\/schema\/logo\/image\/\"}}]}<\/script>\n<meta property=\"product:price:amount\" content=\"375.00\" \/>\n<meta property=\"product:price:currency\" content=\"EUR\" \/>\n<meta property=\"og:availability\" content=\"instock\" \/>\n<meta property=\"product:availability\" content=\"instock\" \/>\n<meta property=\"product:retailer_item_id\" content=\"THR-7509\" \/>\n<meta property=\"product:condition\" content=\"new\" \/>\n<!-- \/ Yoast SEO Premium plugin. -->","yoast_head_json":{"title":"Palette Mixte Briquettes Ch\u00eane + Lignite 930Kg - SERRADORA BELLVER SL","description":"Mezcla de briquetas 100% roble + lignito en pal\u00e9 de 930 kg. Alto rendimiento, combusti\u00f3n prolongada y excelente poder calor\u00edfico. Perfecto para estufas y chimeneas.","robots":{"index":"noindex","follow":"follow","max-snippet":"max-snippet:-1","max-image-preview":"max-image-preview:large","max-video-preview":"max-video-preview:-1"},"og_locale":"es_MX","og_type":"article","og_title":"Mezcla de briquetas de madera 100% roble + briquetas de lignito en pal\u00e9 (930 kg)","og_description":"Mezcla de briquetas 100% roble + lignito en pal\u00e9 de 930 kg. Alto rendimiento, combusti\u00f3n prolongada y excelente poder calor\u00edfico. Perfecto para estufas y chimeneas.","og_url":"https:\/\/serradorabellver.es\/es\/produit\/mezcla-de-briquetas-de-madera-100-roble-briquetas-de-lignito-en-pale-930-kg\/","og_site_name":"SERRADORA BELLVER SL","article_modified_time":"2025-12-08T03:08:32+00:00","og_image":[{"width":750,"height":750,"url":"http:\/\/serradorabellver.es\/wp-content\/uploads\/2025\/11\/HOTDEVIL-COMBIPINIBRUINKOOL-1.jpg","type":"image\/jpeg"}],"twitter_card":"summary_large_image","twitter_misc":{"Precio":"375,00&nbsp;&euro;","Disponibilidad":"Disponible"},"schema":{"@context":"https:\/\/schema.org","@graph":[{"@type":"WebPage","@id":"https:\/\/serradorabellver.es\/produit\/mezcla-de-briquetas-de-madera-100-roble-briquetas-de-lignito-en-pale-930-kg\/","url":"https:\/\/serradorabellver.es\/produit\/mezcla-de-briquetas-de-madera-100-roble-briquetas-de-lignito-en-pale-930-kg\/","name":"Palette Mixte Briquettes Ch\u00eane + Lignite 930Kg - SERRADORA BELLVER SL","isPartOf":{"@id":"https:\/\/serradorabellver.es\/#website"},"primaryImageOfPage":{"@id":"https:\/\/serradorabellver.es\/produit\/mezcla-de-briquetas-de-madera-100-roble-briquetas-de-lignito-en-pale-930-kg\/#primaryimage"},"image":{"@id":"https:\/\/serradorabellver.es\/produit\/mezcla-de-briquetas-de-madera-100-roble-briquetas-de-lignito-en-pale-930-kg\/#primaryimage"},"thumbnailUrl":"https:\/\/serradorabellver.es\/wp-content\/uploads\/2025\/11\/HOTDEVIL-COMBIPINIBRUINKOOL-1.jpg","datePublished":"2025-11-07T16:09:44+00:00","dateModified":"2025-12-08T03:08:32+00:00","description":"Mezcla de briquetas 100% roble + lignito en pal\u00e9 de 930 kg. Alto rendimiento, combusti\u00f3n prolongada y excelente poder calor\u00edfico. Perfecto para estufas y chimeneas.","breadcrumb":{"@id":"https:\/\/serradorabellver.es\/produit\/mezcla-de-briquetas-de-madera-100-roble-briquetas-de-lignito-en-pale-930-kg\/#breadcrumb"},"inLanguage":"es","potentialAction":[{"@type":"ReadAction","target":["https:\/\/serradorabellver.es\/produit\/mezcla-de-briquetas-de-madera-100-roble-briquetas-de-lignito-en-pale-930-kg\/"]}]},{"@type":"ImageObject","inLanguage":"es","@id":"https:\/\/serradorabellver.es\/produit\/mezcla-de-briquetas-de-madera-100-roble-briquetas-de-lignito-en-pale-930-kg\/#primaryimage","url":"https:\/\/serradorabellver.es\/wp-content\/uploads\/2025\/11\/HOTDEVIL-COMBIPINIBRUINKOOL-1.jpg","contentUrl":"https:\/\/serradorabellver.es\/wp-content\/uploads\/2025\/11\/HOTDEVIL-COMBIPINIBRUINKOOL-1.jpg","width":750,"height":750,"caption":"Mixte de briquettes de bois 100% ch\u00eane + briquettes de lignite palette (930Kg)"},{"@type":"BreadcrumbList","@id":"https:\/\/serradorabellver.es\/produit\/mezcla-de-briquetas-de-madera-100-roble-briquetas-de-lignito-en-pale-930-kg\/#breadcrumb","itemListElement":[{"@type":"ListItem","position":1,"name":"Accueil","item":"https:\/\/serradorabellver.es\/"},{"@type":"ListItem","position":2,"name":"Nuestra Tienda","item":"https:\/\/serradorabellver.es\/boutique\/"},{"@type":"ListItem","position":3,"name":"Mezcla de briquetas de madera 100% roble + briquetas de lignito en pal\u00e9 (930 kg)"}]},{"@type":"WebSite","@id":"https:\/\/serradorabellver.es\/#website","url":"https:\/\/serradorabellver.es\/","name":"SERRADORA BELLVER SL","description":"La mejor madera, est\u00e9s donde est\u00e9s en Espa\u00f1a.","publisher":{"@id":"https:\/\/serradorabellver.es\/#organization"},"potentialAction":[{"@type":"SearchAction","target":{"@type":"EntryPoint","urlTemplate":"https:\/\/serradorabellver.es\/?s={search_term_string}"},"query-input":{"@type":"PropertyValueSpecification","valueRequired":true,"valueName":"search_term_string"}}],"inLanguage":"es"},{"@type":"Organization","@id":"https:\/\/serradorabellver.es\/#organization","name":"SERRADORA BELLVER SL","url":"https:\/\/serradorabellver.es\/","logo":{"@type":"ImageObject","inLanguage":"es","@id":"https:\/\/serradorabellver.es\/#\/schema\/logo\/image\/","url":"http:\/\/serradorabellver.es\/wp-content\/uploads\/2025\/12\/ff2bfef6-7920-48cb-90f7-56c7a87576a8-removebg-preview.png","contentUrl":"http:\/\/serradorabellver.es\/wp-content\/uploads\/2025\/12\/ff2bfef6-7920-48cb-90f7-56c7a87576a8-removebg-preview.png","width":444,"height":148,"caption":"SERRADORA BELLVER SL"},"image":{"@id":"https:\/\/serradorabellver.es\/#\/schema\/logo\/image\/"}}]},"product_price_amount":"375.00","product_price_currency":"EUR","og_availability":"instock","product_availability":"instock","product_retailer_item_id":"THR-7509","product_condition":"new"},"jetpack_sharing_enabled":true,"_links":{"self":[{"href":"https:\/\/serradorabellver.es\/es\/wp-json\/wp\/v2\/product\/21646","targetHints":{"allow":["GET"]}}],"collection":[{"href":"https:\/\/serradorabellver.es\/es\/wp-json\/wp\/v2\/product"}],"about":[{"href":"https:\/\/serradorabellver.es\/es\/wp-json\/wp\/v2\/types\/product"}],"replies":[{"embeddable":true,"href":"https:\/\/serradorabellver.es\/es\/wp-json\/wp\/v2\/comments?post=21646"}],"wp:featuredmedia":[{"embeddable":true,"href":"https:\/\/serradorabellver.es\/es\/wp-json\/wp\/v2\/media\/21649"}],"wp:attachment":[{"href":"https:\/\/serradorabellver.es\/es\/wp-json\/wp\/v2\/media?parent=21646"}],"wp:term":[{"taxonomy":"product_brand","embeddable":true,"href":"https:\/\/serradorabellver.es\/es\/wp-json\/wp\/v2\/product_brand?post=21646"},{"taxonomy":"product_cat","embeddable":true,"href":"https:\/\/serradorabellver.es\/es\/wp-json\/wp\/v2\/product_cat?post=21646"},{"taxonomy":"product_tag","embeddable":true,"href":"https:\/\/serradorabellver.es\/es\/wp-json\/wp\/v2\/product_tag?post=21646"}],"curies":[{"name":"wp","href":"https:\/\/api.w.org\/{rel}","templated":true}]}}