{"id":21640,"date":"2025-11-07T16:53:56","date_gmt":"2025-11-07T15:53:56","guid":{"rendered":"https:\/\/serradorabellver.es\/?post_type=product&#038;p=21640"},"modified":"2025-12-08T04:24:54","modified_gmt":"2025-12-08T03:24:54","slug":"briquetas-de-madera-prensada-para-uso-diurno-1000-kg","status":"publish","type":"product","link":"https:\/\/serradorabellver.es\/es\/produit\/briquetas-de-madera-prensada-para-uso-diurno-1000-kg\/","title":{"rendered":"Briquetas de madera prensada para uso diurno \u2013 1000 kg"},"content":{"rendered":"<div class=\"elementor-element elementor-element-71dc8e6e e-con-full e-flex e-con e-child\" data-id=\"71dc8e6e\" data-element_type=\"container\">\n<div class=\"elementor-element elementor-element-7701c818 wd-single-title text-left elementor-widget elementor-widget-wd_single_product_title\" data-id=\"7701c818\" data-element_type=\"widget\" data-widget_type=\"wd_single_product_title.default\">\n<div class=\"elementor-widget-container\">\n<p data-start=\"203\" data-end=\"604\">Las <strong data-start=\"207\" data-end=\"246\">briquetas de madera prensada de d\u00eda<\/strong> son un combustible ecol\u00f3gico y de alto rendimiento, dise\u00f1ado para ofrecer un <strong data-start=\"324\" data-end=\"361\">calor potente, estable y duradero<\/strong> en estufas de le\u00f1a, chimeneas y quemadores de biomasa. Fabricadas \u00fanicamente con <strong data-start=\"443\" data-end=\"472\">madera natural comprimida<\/strong>, sin aditivos ni aglutinantes qu\u00edmicos, estas briquetas garantizan una combusti\u00f3n <strong data-start=\"555\" data-end=\"577\">limpia y eficiente<\/strong>, ideal para un uso diario.<\/p>\n<p data-start=\"606\" data-end=\"859\">Con un pal\u00e9 de <strong data-start=\"621\" data-end=\"632\">1000 kg<\/strong>, dispondr\u00e1 de una gran autonom\u00eda durante toda la temporada de calefacci\u00f3n. Su combusti\u00f3n r\u00e1pida y homog\u00e9nea proporciona una excelente temperatura en poco tiempo, perfecta para calentar espacios de forma econ\u00f3mica y sostenible.<\/p>\n<h3 data-start=\"861\" data-end=\"899\">\ud83d\udd25 <strong data-start=\"868\" data-end=\"899\">Caracter\u00edsticas principales<\/strong><\/h3>\n<ul data-start=\"900\" data-end=\"1187\">\n<li data-start=\"900\" data-end=\"935\">\n<p data-start=\"902\" data-end=\"935\">100 % madera natural comprimida<\/p>\n<\/li>\n<li data-start=\"936\" data-end=\"993\">\n<p data-start=\"938\" data-end=\"993\">Combusti\u00f3n r\u00e1pida, estable y de alto poder calor\u00edfico<\/p>\n<\/li>\n<li data-start=\"994\" data-end=\"1039\">\n<p data-start=\"996\" data-end=\"1039\">Briquetas compactas, f\u00e1ciles de almacenar<\/p>\n<\/li>\n<li data-start=\"1040\" data-end=\"1076\">\n<p data-start=\"1042\" data-end=\"1076\">Producto limpio: muy poca ceniza<\/p>\n<\/li>\n<li data-start=\"1077\" data-end=\"1118\">\n<p data-start=\"1079\" data-end=\"1118\">Sin aditivos ni aglomerantes qu\u00edmicos<\/p>\n<\/li>\n<li data-start=\"1119\" data-end=\"1187\">\n<p data-start=\"1121\" data-end=\"1187\">Ideal para chimeneas, estufas de le\u00f1a y calefacciones de biomasa<\/p>\n<\/li>\n<\/ul>\n<h3 data-start=\"1189\" data-end=\"1220\">\u2b50 <strong data-start=\"1195\" data-end=\"1220\">Ventajas del producto<\/strong><\/h3>\n<ul data-start=\"1221\" data-end=\"1515\">\n<li data-start=\"1221\" data-end=\"1294\">\n<p data-start=\"1223\" data-end=\"1294\"><strong data-start=\"1223\" data-end=\"1251\">Calor inmediato y eficaz<\/strong> gracias a su alto rendimiento energ\u00e9tico<\/p>\n<\/li>\n<li data-start=\"1295\" data-end=\"1348\">\n<p data-start=\"1297\" data-end=\"1348\"><strong data-start=\"1297\" data-end=\"1317\">Ahorro econ\u00f3mico<\/strong> frente a la le\u00f1a tradicional<\/p>\n<\/li>\n<li data-start=\"1349\" data-end=\"1409\">\n<p data-start=\"1351\" data-end=\"1409\"><strong data-start=\"1351\" data-end=\"1371\">Muy baja humedad<\/strong> \u2192 mejor combusti\u00f3n y menos residuos<\/p>\n<\/li>\n<li data-start=\"1410\" data-end=\"1471\">\n<p data-start=\"1412\" data-end=\"1471\"><strong data-start=\"1412\" data-end=\"1434\">Producto ecol\u00f3gico<\/strong> y respetuoso con el medio ambiente<\/p>\n<\/li>\n<li data-start=\"1472\" data-end=\"1515\">\n<p data-start=\"1474\" data-end=\"1515\">Perfecto para uso diario durante el d\u00eda<\/p>\n<\/li>\n<\/ul>\n<h3 data-start=\"1517\" data-end=\"1545\">\ud83c\udfe0 <strong data-start=\"1524\" data-end=\"1545\">Usos recomendados<\/strong><\/h3>\n<p data-start=\"1546\" data-end=\"1586\">Las briquetas de d\u00eda son ideales para:<\/p>\n<ul data-start=\"1587\" data-end=\"1736\">\n<li data-start=\"1587\" data-end=\"1620\">\n<p data-start=\"1589\" data-end=\"1620\">Calentar espacios r\u00e1pidamente<\/p>\n<\/li>\n<li data-start=\"1621\" data-end=\"1660\">\n<p data-start=\"1623\" data-end=\"1660\">Uso continuo en estufas y chimeneas<\/p>\n<\/li>\n<li data-start=\"1661\" data-end=\"1736\">\n<p data-start=\"1663\" data-end=\"1736\">Usuarios que buscan una alternativa limpia y pr\u00e1ctica a la le\u00f1a cl\u00e1sica<\/p>\n<\/li>\n<\/ul>\n<p data-start=\"1738\" data-end=\"1864\">El <strong data-start=\"1741\" data-end=\"1760\">pal\u00e9 de 1000 kg<\/strong> permite un almacenamiento c\u00f3modo y seguro, asegurando un suministro constante durante todo el invierno.<\/p>\n<\/div>\n<\/div>\n<\/div>","protected":false},"excerpt":{"rendered":"<p data-start=\"1914\" data-end=\"2077\">Briquetas de madera prensada de d\u00eda \u2013 Pal\u00e9 de 1000 kg. Combusti\u00f3n potente, limpia y r\u00e1pida. Ideal para chimeneas y estufas de le\u00f1a. Alto rendimiento y baja ceniza.<\/p>","protected":false},"featured_media":21643,"comment_status":"open","ping_status":"closed","template":"","meta":[],"product_brand":[],"product_cat":[238],"product_tag":[],"class_list":{"0":"post-21640","1":"product","2":"type-product","3":"status-publish","4":"has-post-thumbnail","6":"product_cat-bois-densifies","8":"first","9":"instock","10":"sale","11":"shipping-taxable","12":"purchasable","13":"product-type-simple"},"yoast_head":"<!-- This site is optimized with the Yoast SEO Premium plugin v26.1 (Yoast SEO v26.5) - https:\/\/yoast.com\/wordpress\/plugins\/seo\/ -->\n<title>B\u00fbches de bois compress\u00e9 jour \u2013 palette 1000 kg - SERRADORA BELLVER SL<\/title>\n<meta name=\"description\" content=\"Briquetas de madera prensada de d\u00eda \u2013 Pal\u00e9 de 1000 kg. Combusti\u00f3n limpia, alto poder calor\u00edfico y calor inmediato. Perfectas para estufas y chimeneas.\" \/>\n<meta name=\"robots\" content=\"noindex, follow, max-snippet:-1, max-image-preview:large, max-video-preview:-1\" \/>\n<meta property=\"og:locale\" content=\"es_MX\" \/>\n<meta property=\"og:type\" content=\"article\" \/>\n<meta property=\"og:title\" content=\"Briquetas de madera prensada para uso diurno \u2013 1000 kg\" \/>\n<meta property=\"og:description\" content=\"Briquetas de madera prensada de d\u00eda \u2013 Pal\u00e9 de 1000 kg. Combusti\u00f3n limpia, alto poder calor\u00edfico y calor inmediato. Perfectas para estufas y chimeneas.\" \/>\n<meta property=\"og:url\" content=\"https:\/\/serradorabellver.es\/es\/produit\/briquetas-de-madera-prensada-para-uso-diurno-1000-kg\/\" \/>\n<meta property=\"og:site_name\" content=\"SERRADORA BELLVER SL\" \/>\n<meta property=\"article:modified_time\" content=\"2025-12-08T03:24:54+00:00\" \/>\n<meta property=\"og:image\" content=\"http:\/\/serradorabellver.es\/wp-content\/uploads\/2025\/11\/bois-compresse-de-jour-700x700-1.jpeg\" \/>\n\t<meta property=\"og:image:width\" content=\"700\" \/>\n\t<meta property=\"og:image:height\" content=\"700\" \/>\n\t<meta property=\"og:image:type\" content=\"image\/jpeg\" \/>\n<meta name=\"twitter:card\" content=\"summary_large_image\" \/>\n<meta name=\"twitter:label1\" content=\"Precio\" \/>\n\t<meta name=\"twitter:data1\" content=\"199,00&nbsp;&euro;\" \/>\n\t<meta name=\"twitter:label2\" content=\"Disponibilidad\" \/>\n\t<meta name=\"twitter:data2\" content=\"Disponible\" \/>\n<script type=\"application\/ld+json\" class=\"yoast-schema-graph\">{\"@context\":\"https:\/\/schema.org\",\"@graph\":[{\"@type\":\"WebPage\",\"@id\":\"https:\/\/serradorabellver.es\/produit\/briquetas-de-madera-prensada-para-uso-diurno-1000-kg\/\",\"url\":\"https:\/\/serradorabellver.es\/produit\/briquetas-de-madera-prensada-para-uso-diurno-1000-kg\/\",\"name\":\"B\u00fbches de bois compress\u00e9 jour \u2013 palette 1000 kg - SERRADORA BELLVER SL\",\"isPartOf\":{\"@id\":\"https:\/\/serradorabellver.es\/#website\"},\"primaryImageOfPage\":{\"@id\":\"https:\/\/serradorabellver.es\/produit\/briquetas-de-madera-prensada-para-uso-diurno-1000-kg\/#primaryimage\"},\"image\":{\"@id\":\"https:\/\/serradorabellver.es\/produit\/briquetas-de-madera-prensada-para-uso-diurno-1000-kg\/#primaryimage\"},\"thumbnailUrl\":\"https:\/\/serradorabellver.es\/wp-content\/uploads\/2025\/11\/bois-compresse-de-jour-700x700-1.jpeg\",\"datePublished\":\"2025-11-07T15:53:56+00:00\",\"dateModified\":\"2025-12-08T03:24:54+00:00\",\"description\":\"Briquetas de madera prensada de d\u00eda \u2013 Pal\u00e9 de 1000 kg. Combusti\u00f3n limpia, alto poder calor\u00edfico y calor inmediato. Perfectas para estufas y chimeneas.\",\"breadcrumb\":{\"@id\":\"https:\/\/serradorabellver.es\/produit\/briquetas-de-madera-prensada-para-uso-diurno-1000-kg\/#breadcrumb\"},\"inLanguage\":\"es\",\"potentialAction\":[{\"@type\":\"ReadAction\",\"target\":[\"https:\/\/serradorabellver.es\/produit\/briquetas-de-madera-prensada-para-uso-diurno-1000-kg\/\"]}]},{\"@type\":\"ImageObject\",\"inLanguage\":\"es\",\"@id\":\"https:\/\/serradorabellver.es\/produit\/briquetas-de-madera-prensada-para-uso-diurno-1000-kg\/#primaryimage\",\"url\":\"https:\/\/serradorabellver.es\/wp-content\/uploads\/2025\/11\/bois-compresse-de-jour-700x700-1.jpeg\",\"contentUrl\":\"https:\/\/serradorabellver.es\/wp-content\/uploads\/2025\/11\/bois-compresse-de-jour-700x700-1.jpeg\",\"width\":700,\"height\":700,\"caption\":\"B\u00fbches compress\u00e9es de jour pour po\u00eale \u00e0 bois chemin\u00e9e \u2013 1000 Kg\"},{\"@type\":\"BreadcrumbList\",\"@id\":\"https:\/\/serradorabellver.es\/produit\/briquetas-de-madera-prensada-para-uso-diurno-1000-kg\/#breadcrumb\",\"itemListElement\":[{\"@type\":\"ListItem\",\"position\":1,\"name\":\"Accueil\",\"item\":\"https:\/\/serradorabellver.es\/\"},{\"@type\":\"ListItem\",\"position\":2,\"name\":\"Nuestra Tienda\",\"item\":\"https:\/\/serradorabellver.es\/boutique\/\"},{\"@type\":\"ListItem\",\"position\":3,\"name\":\"Briquetas de madera prensada para uso diurno \u2013 1000 kg\"}]},{\"@type\":\"WebSite\",\"@id\":\"https:\/\/serradorabellver.es\/#website\",\"url\":\"https:\/\/serradorabellver.es\/\",\"name\":\"SERRADORA BELLVER SL\",\"description\":\"La mejor madera, est\u00e9s donde est\u00e9s en Espa\u00f1a.\",\"publisher\":{\"@id\":\"https:\/\/serradorabellver.es\/#organization\"},\"potentialAction\":[{\"@type\":\"SearchAction\",\"target\":{\"@type\":\"EntryPoint\",\"urlTemplate\":\"https:\/\/serradorabellver.es\/?s={search_term_string}\"},\"query-input\":{\"@type\":\"PropertyValueSpecification\",\"valueRequired\":true,\"valueName\":\"search_term_string\"}}],\"inLanguage\":\"es\"},{\"@type\":\"Organization\",\"@id\":\"https:\/\/serradorabellver.es\/#organization\",\"name\":\"SERRADORA BELLVER SL\",\"url\":\"https:\/\/serradorabellver.es\/\",\"logo\":{\"@type\":\"ImageObject\",\"inLanguage\":\"es\",\"@id\":\"https:\/\/serradorabellver.es\/#\/schema\/logo\/image\/\",\"url\":\"http:\/\/serradorabellver.es\/wp-content\/uploads\/2025\/12\/ff2bfef6-7920-48cb-90f7-56c7a87576a8-removebg-preview.png\",\"contentUrl\":\"http:\/\/serradorabellver.es\/wp-content\/uploads\/2025\/12\/ff2bfef6-7920-48cb-90f7-56c7a87576a8-removebg-preview.png\",\"width\":444,\"height\":148,\"caption\":\"SERRADORA BELLVER SL\"},\"image\":{\"@id\":\"https:\/\/serradorabellver.es\/#\/schema\/logo\/image\/\"}}]}<\/script>\n<meta property=\"product:price:amount\" content=\"199.00\" \/>\n<meta property=\"product:price:currency\" content=\"EUR\" \/>\n<meta property=\"og:availability\" content=\"instock\" \/>\n<meta property=\"product:availability\" content=\"instock\" \/>\n<meta property=\"product:retailer_item_id\" content=\"BD-858\" \/>\n<meta property=\"product:condition\" content=\"new\" \/>\n<!-- \/ Yoast SEO Premium plugin. -->","yoast_head_json":{"title":"B\u00fbches de bois compress\u00e9 jour \u2013 palette 1000 kg - SERRADORA BELLVER SL","description":"Briquetas de madera prensada de d\u00eda \u2013 Pal\u00e9 de 1000 kg. Combusti\u00f3n limpia, alto poder calor\u00edfico y calor inmediato. Perfectas para estufas y chimeneas.","robots":{"index":"noindex","follow":"follow","max-snippet":"max-snippet:-1","max-image-preview":"max-image-preview:large","max-video-preview":"max-video-preview:-1"},"og_locale":"es_MX","og_type":"article","og_title":"Briquetas de madera prensada para uso diurno \u2013 1000 kg","og_description":"Briquetas de madera prensada de d\u00eda \u2013 Pal\u00e9 de 1000 kg. Combusti\u00f3n limpia, alto poder calor\u00edfico y calor inmediato. Perfectas para estufas y chimeneas.","og_url":"https:\/\/serradorabellver.es\/es\/produit\/briquetas-de-madera-prensada-para-uso-diurno-1000-kg\/","og_site_name":"SERRADORA BELLVER SL","article_modified_time":"2025-12-08T03:24:54+00:00","og_image":[{"width":700,"height":700,"url":"http:\/\/serradorabellver.es\/wp-content\/uploads\/2025\/11\/bois-compresse-de-jour-700x700-1.jpeg","type":"image\/jpeg"}],"twitter_card":"summary_large_image","twitter_misc":{"Precio":"199,00&nbsp;&euro;","Disponibilidad":"Disponible"},"schema":{"@context":"https:\/\/schema.org","@graph":[{"@type":"WebPage","@id":"https:\/\/serradorabellver.es\/produit\/briquetas-de-madera-prensada-para-uso-diurno-1000-kg\/","url":"https:\/\/serradorabellver.es\/produit\/briquetas-de-madera-prensada-para-uso-diurno-1000-kg\/","name":"B\u00fbches de bois compress\u00e9 jour \u2013 palette 1000 kg - SERRADORA BELLVER SL","isPartOf":{"@id":"https:\/\/serradorabellver.es\/#website"},"primaryImageOfPage":{"@id":"https:\/\/serradorabellver.es\/produit\/briquetas-de-madera-prensada-para-uso-diurno-1000-kg\/#primaryimage"},"image":{"@id":"https:\/\/serradorabellver.es\/produit\/briquetas-de-madera-prensada-para-uso-diurno-1000-kg\/#primaryimage"},"thumbnailUrl":"https:\/\/serradorabellver.es\/wp-content\/uploads\/2025\/11\/bois-compresse-de-jour-700x700-1.jpeg","datePublished":"2025-11-07T15:53:56+00:00","dateModified":"2025-12-08T03:24:54+00:00","description":"Briquetas de madera prensada de d\u00eda \u2013 Pal\u00e9 de 1000 kg. Combusti\u00f3n limpia, alto poder calor\u00edfico y calor inmediato. Perfectas para estufas y chimeneas.","breadcrumb":{"@id":"https:\/\/serradorabellver.es\/produit\/briquetas-de-madera-prensada-para-uso-diurno-1000-kg\/#breadcrumb"},"inLanguage":"es","potentialAction":[{"@type":"ReadAction","target":["https:\/\/serradorabellver.es\/produit\/briquetas-de-madera-prensada-para-uso-diurno-1000-kg\/"]}]},{"@type":"ImageObject","inLanguage":"es","@id":"https:\/\/serradorabellver.es\/produit\/briquetas-de-madera-prensada-para-uso-diurno-1000-kg\/#primaryimage","url":"https:\/\/serradorabellver.es\/wp-content\/uploads\/2025\/11\/bois-compresse-de-jour-700x700-1.jpeg","contentUrl":"https:\/\/serradorabellver.es\/wp-content\/uploads\/2025\/11\/bois-compresse-de-jour-700x700-1.jpeg","width":700,"height":700,"caption":"B\u00fbches compress\u00e9es de jour pour po\u00eale \u00e0 bois chemin\u00e9e \u2013 1000 Kg"},{"@type":"BreadcrumbList","@id":"https:\/\/serradorabellver.es\/produit\/briquetas-de-madera-prensada-para-uso-diurno-1000-kg\/#breadcrumb","itemListElement":[{"@type":"ListItem","position":1,"name":"Accueil","item":"https:\/\/serradorabellver.es\/"},{"@type":"ListItem","position":2,"name":"Nuestra Tienda","item":"https:\/\/serradorabellver.es\/boutique\/"},{"@type":"ListItem","position":3,"name":"Briquetas de madera prensada para uso diurno \u2013 1000 kg"}]},{"@type":"WebSite","@id":"https:\/\/serradorabellver.es\/#website","url":"https:\/\/serradorabellver.es\/","name":"SERRADORA BELLVER SL","description":"La mejor madera, est\u00e9s donde est\u00e9s en Espa\u00f1a.","publisher":{"@id":"https:\/\/serradorabellver.es\/#organization"},"potentialAction":[{"@type":"SearchAction","target":{"@type":"EntryPoint","urlTemplate":"https:\/\/serradorabellver.es\/?s={search_term_string}"},"query-input":{"@type":"PropertyValueSpecification","valueRequired":true,"valueName":"search_term_string"}}],"inLanguage":"es"},{"@type":"Organization","@id":"https:\/\/serradorabellver.es\/#organization","name":"SERRADORA BELLVER SL","url":"https:\/\/serradorabellver.es\/","logo":{"@type":"ImageObject","inLanguage":"es","@id":"https:\/\/serradorabellver.es\/#\/schema\/logo\/image\/","url":"http:\/\/serradorabellver.es\/wp-content\/uploads\/2025\/12\/ff2bfef6-7920-48cb-90f7-56c7a87576a8-removebg-preview.png","contentUrl":"http:\/\/serradorabellver.es\/wp-content\/uploads\/2025\/12\/ff2bfef6-7920-48cb-90f7-56c7a87576a8-removebg-preview.png","width":444,"height":148,"caption":"SERRADORA BELLVER SL"},"image":{"@id":"https:\/\/serradorabellver.es\/#\/schema\/logo\/image\/"}}]},"product_price_amount":"199.00","product_price_currency":"EUR","og_availability":"instock","product_availability":"instock","product_retailer_item_id":"BD-858","product_condition":"new"},"jetpack_sharing_enabled":true,"_links":{"self":[{"href":"https:\/\/serradorabellver.es\/es\/wp-json\/wp\/v2\/product\/21640","targetHints":{"allow":["GET"]}}],"collection":[{"href":"https:\/\/serradorabellver.es\/es\/wp-json\/wp\/v2\/product"}],"about":[{"href":"https:\/\/serradorabellver.es\/es\/wp-json\/wp\/v2\/types\/product"}],"replies":[{"embeddable":true,"href":"https:\/\/serradorabellver.es\/es\/wp-json\/wp\/v2\/comments?post=21640"}],"wp:featuredmedia":[{"embeddable":true,"href":"https:\/\/serradorabellver.es\/es\/wp-json\/wp\/v2\/media\/21643"}],"wp:attachment":[{"href":"https:\/\/serradorabellver.es\/es\/wp-json\/wp\/v2\/media?parent=21640"}],"wp:term":[{"taxonomy":"product_brand","embeddable":true,"href":"https:\/\/serradorabellver.es\/es\/wp-json\/wp\/v2\/product_brand?post=21640"},{"taxonomy":"product_cat","embeddable":true,"href":"https:\/\/serradorabellver.es\/es\/wp-json\/wp\/v2\/product_cat?post=21640"},{"taxonomy":"product_tag","embeddable":true,"href":"https:\/\/serradorabellver.es\/es\/wp-json\/wp\/v2\/product_tag?post=21640"}],"curies":[{"name":"wp","href":"https:\/\/api.w.org\/{rel}","templated":true}]}}