{"id":21626,"date":"2025-11-07T15:07:53","date_gmt":"2025-11-07T14:07:53","guid":{"rendered":"https:\/\/serradorabellver.es\/?post_type=product&#038;p=21626"},"modified":"2025-12-08T04:32:36","modified_gmt":"2025-12-08T03:32:36","slug":"4-pales-de-lena-2-roble-blanco-2-haya-avellano-troncos-de-50-cm","status":"publish","type":"product","link":"https:\/\/serradorabellver.es\/es\/produit\/4-pales-de-lena-2-roble-blanco-2-haya-avellano-troncos-de-50-cm\/","title":{"rendered":"4 pal\u00e9s de le\u00f1a \u2013 2 roble blanco + 2 haya\/avellano \u2013 Troncos de 50 cm"},"content":{"rendered":"<p data-start=\"315\" data-end=\"622\">Disfruta de un <strong data-start=\"330\" data-end=\"377\">suministro completo de le\u00f1a de alta calidad<\/strong> con este paquete de <strong data-start=\"398\" data-end=\"428\">4 pal\u00e9s de b\u00fbches de 50 cm<\/strong>: 2 pal\u00e9s de <strong data-start=\"441\" data-end=\"457\">roble blanco<\/strong> y 2 pal\u00e9s de <strong data-start=\"471\" data-end=\"488\">haya\/avellano<\/strong>. Esta combinaci\u00f3n ofrece <strong data-start=\"514\" data-end=\"553\">calor intenso, duradero y eficiente<\/strong>, adapt\u00e1ndose a todo tipo de estufas, chimeneas e insertos de madera.<\/p>\n<p data-start=\"624\" data-end=\"974\">Los troncos de <strong data-start=\"639\" data-end=\"660\">50 cm de longitud<\/strong> facilitan la manipulaci\u00f3n y permiten una <strong data-start=\"702\" data-end=\"737\">combusti\u00f3n estable y prolongada<\/strong>, mientras que la mezcla de <strong data-start=\"765\" data-end=\"782\">maderas duras<\/strong> proporciona un <strong data-start=\"798\" data-end=\"865\">equilibrio perfecto entre encendido r\u00e1pido y duraci\u00f3n del calor<\/strong>. Perfecto para usuarios que buscan <strong data-start=\"901\" data-end=\"973\">comodidad, eficiencia y ahorro durante toda la temporada de invierno<\/strong>.<\/p>\n<h3 data-start=\"976\" data-end=\"1014\">\ud83d\udd25 <strong data-start=\"983\" data-end=\"1014\">Caracter\u00edsticas principales<\/strong><\/h3>\n<ul data-start=\"1015\" data-end=\"1279\">\n<li data-start=\"1015\" data-end=\"1043\">\n<p data-start=\"1017\" data-end=\"1043\">4 pal\u00e9s de le\u00f1a de 50 cm<\/p>\n<\/li>\n<li data-start=\"1044\" data-end=\"1098\">\n<p data-start=\"1046\" data-end=\"1098\">2 pal\u00e9s de roble blanco y 2 pal\u00e9s de haya\/avellano<\/p>\n<\/li>\n<li data-start=\"1099\" data-end=\"1153\">\n<p data-start=\"1101\" data-end=\"1153\">Alto poder calor\u00edfico \u2192 calor intenso y prolongado<\/p>\n<\/li>\n<li data-start=\"1154\" data-end=\"1188\">\n<p data-start=\"1156\" data-end=\"1188\">Combusti\u00f3n estable y eficiente<\/p>\n<\/li>\n<li data-start=\"1189\" data-end=\"1225\">\n<p data-start=\"1191\" data-end=\"1225\">Troncos secos y listos para usar<\/p>\n<\/li>\n<li data-start=\"1226\" data-end=\"1279\">\n<p data-start=\"1228\" data-end=\"1279\">Formato homog\u00e9neo, f\u00e1cil de almacenar y manipular<\/p>\n<\/li>\n<\/ul>\n<h3 data-start=\"1281\" data-end=\"1299\">\u2b50 <strong data-start=\"1287\" data-end=\"1299\">Ventajas<\/strong><\/h3>\n<ul data-start=\"1300\" data-end=\"1572\">\n<li data-start=\"1300\" data-end=\"1350\">\n<p data-start=\"1302\" data-end=\"1350\"><strong data-start=\"1302\" data-end=\"1320\">Calor duradero<\/strong> gracias a las maderas duras<\/p>\n<\/li>\n<li data-start=\"1351\" data-end=\"1425\">\n<p data-start=\"1353\" data-end=\"1425\"><strong data-start=\"1353\" data-end=\"1373\">Encendido r\u00e1pido<\/strong> con haya\/avellano y duraci\u00f3n prolongada con roble<\/p>\n<\/li>\n<li data-start=\"1426\" data-end=\"1500\">\n<p data-start=\"1428\" data-end=\"1500\"><strong data-start=\"1428\" data-end=\"1449\">Ahorro de energ\u00eda<\/strong> y mejor rendimiento frente a la le\u00f1a tradicional<\/p>\n<\/li>\n<li data-start=\"1501\" data-end=\"1533\">\n<p data-start=\"1503\" data-end=\"1533\">Producto natural y ecol\u00f3gico<\/p>\n<\/li>\n<li data-start=\"1534\" data-end=\"1572\">\n<p data-start=\"1536\" data-end=\"1572\">Perfecto para uso dom\u00e9stico diario<\/p>\n<\/li>\n<\/ul>\n<h3 data-start=\"1574\" data-end=\"1602\">\ud83c\udfe0 <strong data-start=\"1581\" data-end=\"1602\">Usos recomendados<\/strong><\/h3>\n<ul data-start=\"1603\" data-end=\"1761\">\n<li data-start=\"1603\" data-end=\"1653\">\n<p data-start=\"1605\" data-end=\"1653\">Estufas de le\u00f1a, chimeneas abiertas o cerradas<\/p>\n<\/li>\n<li data-start=\"1654\" data-end=\"1676\">\n<p data-start=\"1656\" data-end=\"1676\">Insertos de madera<\/p>\n<\/li>\n<li data-start=\"1677\" data-end=\"1761\">\n<p data-start=\"1679\" data-end=\"1761\">Para usuarios que buscan un suministro estable de le\u00f1a durante toda la temporada<\/p>\n<\/li>\n<\/ul>","protected":false},"excerpt":{"rendered":"<p data-start=\"1811\" data-end=\"1940\">4 pal\u00e9s de le\u00f1a \u2013 2 roble blanco + 2 haya\/avellano \u2013 Troncos de 50 cm. Combusti\u00f3n eficiente, calor duradero y f\u00e1cil de almacenar.<\/p>","protected":false},"featured_media":21632,"comment_status":"open","ping_status":"closed","template":"","meta":[],"product_brand":[],"product_cat":[234],"product_tag":[],"class_list":{"0":"post-21626","1":"product","2":"type-product","3":"status-publish","4":"has-post-thumbnail","6":"product_cat-bois-de-chauffage","8":"first","9":"instock","10":"sale","11":"shipping-taxable","12":"purchasable","13":"product-type-simple"},"yoast_head":"<!-- This site is optimized with the Yoast SEO Premium plugin v26.1 (Yoast SEO v26.5) - https:\/\/yoast.com\/wordpress\/plugins\/seo\/ -->\n<title>Bois de chauffage 50 cm \u2013 palettes ch\u00eane, h\u00eatre et charme - SERRADORA BELLVER SL<\/title>\n<meta name=\"description\" content=\"4 pal\u00e9s de le\u00f1a (2 roble blanco + 2 haya\/avellano) \u2013 Troncos de 50 cm. Combusti\u00f3n estable, calor intenso y duradero para estufas y chimeneas.\" \/>\n<meta name=\"robots\" content=\"noindex, follow, max-snippet:-1, max-image-preview:large, max-video-preview:-1\" \/>\n<meta property=\"og:locale\" content=\"es_MX\" \/>\n<meta property=\"og:type\" content=\"article\" \/>\n<meta property=\"og:title\" content=\"4 pal\u00e9s de le\u00f1a \u2013 2 roble blanco + 2 haya\/avellano \u2013 Troncos de 50 cm\" \/>\n<meta property=\"og:description\" content=\"4 pal\u00e9s de le\u00f1a (2 roble blanco + 2 haya\/avellano) \u2013 Troncos de 50 cm. Combusti\u00f3n estable, calor intenso y duradero para estufas y chimeneas.\" \/>\n<meta property=\"og:url\" content=\"https:\/\/serradorabellver.es\/es\/produit\/4-pales-de-lena-2-roble-blanco-2-haya-avellano-troncos-de-50-cm\/\" \/>\n<meta property=\"og:site_name\" content=\"SERRADORA BELLVER SL\" \/>\n<meta property=\"article:modified_time\" content=\"2025-12-08T03:32:36+00:00\" \/>\n<meta property=\"og:image\" content=\"http:\/\/serradorabellver.es\/wp-content\/uploads\/2025\/11\/151-4-Palettes-2-chene-blanc-2-HetreCharme-Buches-de-40-cm-2-1-700x736-1.jpeg\" \/>\n\t<meta property=\"og:image:width\" content=\"700\" \/>\n\t<meta property=\"og:image:height\" content=\"736\" \/>\n\t<meta property=\"og:image:type\" content=\"image\/jpeg\" \/>\n<meta name=\"twitter:card\" content=\"summary_large_image\" \/>\n<meta name=\"twitter:label1\" content=\"Precio\" \/>\n\t<meta name=\"twitter:data1\" content=\"299,00&nbsp;&euro;\" \/>\n\t<meta name=\"twitter:label2\" content=\"Disponibilidad\" \/>\n\t<meta name=\"twitter:data2\" content=\"Disponible\" \/>\n<script type=\"application\/ld+json\" class=\"yoast-schema-graph\">{\"@context\":\"https:\/\/schema.org\",\"@graph\":[{\"@type\":\"WebPage\",\"@id\":\"https:\/\/serradorabellver.es\/produit\/4-pales-de-lena-2-roble-blanco-2-haya-avellano-troncos-de-50-cm\/\",\"url\":\"https:\/\/serradorabellver.es\/produit\/4-pales-de-lena-2-roble-blanco-2-haya-avellano-troncos-de-50-cm\/\",\"name\":\"Bois de chauffage 50 cm \u2013 palettes ch\u00eane, h\u00eatre et charme - SERRADORA BELLVER SL\",\"isPartOf\":{\"@id\":\"https:\/\/serradorabellver.es\/#website\"},\"primaryImageOfPage\":{\"@id\":\"https:\/\/serradorabellver.es\/produit\/4-pales-de-lena-2-roble-blanco-2-haya-avellano-troncos-de-50-cm\/#primaryimage\"},\"image\":{\"@id\":\"https:\/\/serradorabellver.es\/produit\/4-pales-de-lena-2-roble-blanco-2-haya-avellano-troncos-de-50-cm\/#primaryimage\"},\"thumbnailUrl\":\"https:\/\/serradorabellver.es\/wp-content\/uploads\/2025\/11\/151-4-Palettes-2-chene-blanc-2-HetreCharme-Buches-de-40-cm-2-1-700x736-1.jpeg\",\"datePublished\":\"2025-11-07T14:07:53+00:00\",\"dateModified\":\"2025-12-08T03:32:36+00:00\",\"description\":\"4 pal\u00e9s de le\u00f1a (2 roble blanco + 2 haya\/avellano) \u2013 Troncos de 50 cm. Combusti\u00f3n estable, calor intenso y duradero para estufas y chimeneas.\",\"breadcrumb\":{\"@id\":\"https:\/\/serradorabellver.es\/produit\/4-pales-de-lena-2-roble-blanco-2-haya-avellano-troncos-de-50-cm\/#breadcrumb\"},\"inLanguage\":\"es\",\"potentialAction\":[{\"@type\":\"ReadAction\",\"target\":[\"https:\/\/serradorabellver.es\/produit\/4-pales-de-lena-2-roble-blanco-2-haya-avellano-troncos-de-50-cm\/\"]}]},{\"@type\":\"ImageObject\",\"inLanguage\":\"es\",\"@id\":\"https:\/\/serradorabellver.es\/produit\/4-pales-de-lena-2-roble-blanco-2-haya-avellano-troncos-de-50-cm\/#primaryimage\",\"url\":\"https:\/\/serradorabellver.es\/wp-content\/uploads\/2025\/11\/151-4-Palettes-2-chene-blanc-2-HetreCharme-Buches-de-40-cm-2-1-700x736-1.jpeg\",\"contentUrl\":\"https:\/\/serradorabellver.es\/wp-content\/uploads\/2025\/11\/151-4-Palettes-2-chene-blanc-2-HetreCharme-Buches-de-40-cm-2-1-700x736-1.jpeg\",\"width\":700,\"height\":736,\"caption\":\"4 X Palettes (2 ch\u00eane blanc + 2 H\u00eatre\/Charme) \u2013 B\u00fbches de 50 cm\"},{\"@type\":\"BreadcrumbList\",\"@id\":\"https:\/\/serradorabellver.es\/produit\/4-pales-de-lena-2-roble-blanco-2-haya-avellano-troncos-de-50-cm\/#breadcrumb\",\"itemListElement\":[{\"@type\":\"ListItem\",\"position\":1,\"name\":\"Accueil\",\"item\":\"https:\/\/serradorabellver.es\/\"},{\"@type\":\"ListItem\",\"position\":2,\"name\":\"Nuestra Tienda\",\"item\":\"https:\/\/serradorabellver.es\/boutique\/\"},{\"@type\":\"ListItem\",\"position\":3,\"name\":\"4 pal\u00e9s de le\u00f1a \u2013 2 roble blanco + 2 haya\/avellano \u2013 Troncos de 50 cm\"}]},{\"@type\":\"WebSite\",\"@id\":\"https:\/\/serradorabellver.es\/#website\",\"url\":\"https:\/\/serradorabellver.es\/\",\"name\":\"SERRADORA BELLVER SL\",\"description\":\"La mejor madera, est\u00e9s donde est\u00e9s en Espa\u00f1a.\",\"publisher\":{\"@id\":\"https:\/\/serradorabellver.es\/#organization\"},\"potentialAction\":[{\"@type\":\"SearchAction\",\"target\":{\"@type\":\"EntryPoint\",\"urlTemplate\":\"https:\/\/serradorabellver.es\/?s={search_term_string}\"},\"query-input\":{\"@type\":\"PropertyValueSpecification\",\"valueRequired\":true,\"valueName\":\"search_term_string\"}}],\"inLanguage\":\"es\"},{\"@type\":\"Organization\",\"@id\":\"https:\/\/serradorabellver.es\/#organization\",\"name\":\"SERRADORA BELLVER SL\",\"url\":\"https:\/\/serradorabellver.es\/\",\"logo\":{\"@type\":\"ImageObject\",\"inLanguage\":\"es\",\"@id\":\"https:\/\/serradorabellver.es\/#\/schema\/logo\/image\/\",\"url\":\"http:\/\/serradorabellver.es\/wp-content\/uploads\/2025\/12\/ff2bfef6-7920-48cb-90f7-56c7a87576a8-removebg-preview.png\",\"contentUrl\":\"http:\/\/serradorabellver.es\/wp-content\/uploads\/2025\/12\/ff2bfef6-7920-48cb-90f7-56c7a87576a8-removebg-preview.png\",\"width\":444,\"height\":148,\"caption\":\"SERRADORA BELLVER SL\"},\"image\":{\"@id\":\"https:\/\/serradorabellver.es\/#\/schema\/logo\/image\/\"}}]}<\/script>\n<meta property=\"product:price:amount\" content=\"299.00\" \/>\n<meta property=\"product:price:currency\" content=\"EUR\" \/>\n<meta property=\"og:availability\" content=\"instock\" \/>\n<meta property=\"product:availability\" content=\"instock\" \/>\n<meta property=\"product:retailer_item_id\" content=\"BDC-94555\" \/>\n<meta property=\"product:condition\" content=\"new\" \/>\n<!-- \/ Yoast SEO Premium plugin. -->","yoast_head_json":{"title":"Bois de chauffage 50 cm \u2013 palettes ch\u00eane, h\u00eatre et charme - SERRADORA BELLVER SL","description":"4 pal\u00e9s de le\u00f1a (2 roble blanco + 2 haya\/avellano) \u2013 Troncos de 50 cm. Combusti\u00f3n estable, calor intenso y duradero para estufas y chimeneas.","robots":{"index":"noindex","follow":"follow","max-snippet":"max-snippet:-1","max-image-preview":"max-image-preview:large","max-video-preview":"max-video-preview:-1"},"og_locale":"es_MX","og_type":"article","og_title":"4 pal\u00e9s de le\u00f1a \u2013 2 roble blanco + 2 haya\/avellano \u2013 Troncos de 50 cm","og_description":"4 pal\u00e9s de le\u00f1a (2 roble blanco + 2 haya\/avellano) \u2013 Troncos de 50 cm. Combusti\u00f3n estable, calor intenso y duradero para estufas y chimeneas.","og_url":"https:\/\/serradorabellver.es\/es\/produit\/4-pales-de-lena-2-roble-blanco-2-haya-avellano-troncos-de-50-cm\/","og_site_name":"SERRADORA BELLVER SL","article_modified_time":"2025-12-08T03:32:36+00:00","og_image":[{"width":700,"height":736,"url":"http:\/\/serradorabellver.es\/wp-content\/uploads\/2025\/11\/151-4-Palettes-2-chene-blanc-2-HetreCharme-Buches-de-40-cm-2-1-700x736-1.jpeg","type":"image\/jpeg"}],"twitter_card":"summary_large_image","twitter_misc":{"Precio":"299,00&nbsp;&euro;","Disponibilidad":"Disponible"},"schema":{"@context":"https:\/\/schema.org","@graph":[{"@type":"WebPage","@id":"https:\/\/serradorabellver.es\/produit\/4-pales-de-lena-2-roble-blanco-2-haya-avellano-troncos-de-50-cm\/","url":"https:\/\/serradorabellver.es\/produit\/4-pales-de-lena-2-roble-blanco-2-haya-avellano-troncos-de-50-cm\/","name":"Bois de chauffage 50 cm \u2013 palettes ch\u00eane, h\u00eatre et charme - SERRADORA BELLVER SL","isPartOf":{"@id":"https:\/\/serradorabellver.es\/#website"},"primaryImageOfPage":{"@id":"https:\/\/serradorabellver.es\/produit\/4-pales-de-lena-2-roble-blanco-2-haya-avellano-troncos-de-50-cm\/#primaryimage"},"image":{"@id":"https:\/\/serradorabellver.es\/produit\/4-pales-de-lena-2-roble-blanco-2-haya-avellano-troncos-de-50-cm\/#primaryimage"},"thumbnailUrl":"https:\/\/serradorabellver.es\/wp-content\/uploads\/2025\/11\/151-4-Palettes-2-chene-blanc-2-HetreCharme-Buches-de-40-cm-2-1-700x736-1.jpeg","datePublished":"2025-11-07T14:07:53+00:00","dateModified":"2025-12-08T03:32:36+00:00","description":"4 pal\u00e9s de le\u00f1a (2 roble blanco + 2 haya\/avellano) \u2013 Troncos de 50 cm. Combusti\u00f3n estable, calor intenso y duradero para estufas y chimeneas.","breadcrumb":{"@id":"https:\/\/serradorabellver.es\/produit\/4-pales-de-lena-2-roble-blanco-2-haya-avellano-troncos-de-50-cm\/#breadcrumb"},"inLanguage":"es","potentialAction":[{"@type":"ReadAction","target":["https:\/\/serradorabellver.es\/produit\/4-pales-de-lena-2-roble-blanco-2-haya-avellano-troncos-de-50-cm\/"]}]},{"@type":"ImageObject","inLanguage":"es","@id":"https:\/\/serradorabellver.es\/produit\/4-pales-de-lena-2-roble-blanco-2-haya-avellano-troncos-de-50-cm\/#primaryimage","url":"https:\/\/serradorabellver.es\/wp-content\/uploads\/2025\/11\/151-4-Palettes-2-chene-blanc-2-HetreCharme-Buches-de-40-cm-2-1-700x736-1.jpeg","contentUrl":"https:\/\/serradorabellver.es\/wp-content\/uploads\/2025\/11\/151-4-Palettes-2-chene-blanc-2-HetreCharme-Buches-de-40-cm-2-1-700x736-1.jpeg","width":700,"height":736,"caption":"4 X Palettes (2 ch\u00eane blanc + 2 H\u00eatre\/Charme) \u2013 B\u00fbches de 50 cm"},{"@type":"BreadcrumbList","@id":"https:\/\/serradorabellver.es\/produit\/4-pales-de-lena-2-roble-blanco-2-haya-avellano-troncos-de-50-cm\/#breadcrumb","itemListElement":[{"@type":"ListItem","position":1,"name":"Accueil","item":"https:\/\/serradorabellver.es\/"},{"@type":"ListItem","position":2,"name":"Nuestra Tienda","item":"https:\/\/serradorabellver.es\/boutique\/"},{"@type":"ListItem","position":3,"name":"4 pal\u00e9s de le\u00f1a \u2013 2 roble blanco + 2 haya\/avellano \u2013 Troncos de 50 cm"}]},{"@type":"WebSite","@id":"https:\/\/serradorabellver.es\/#website","url":"https:\/\/serradorabellver.es\/","name":"SERRADORA BELLVER SL","description":"La mejor madera, est\u00e9s donde est\u00e9s en Espa\u00f1a.","publisher":{"@id":"https:\/\/serradorabellver.es\/#organization"},"potentialAction":[{"@type":"SearchAction","target":{"@type":"EntryPoint","urlTemplate":"https:\/\/serradorabellver.es\/?s={search_term_string}"},"query-input":{"@type":"PropertyValueSpecification","valueRequired":true,"valueName":"search_term_string"}}],"inLanguage":"es"},{"@type":"Organization","@id":"https:\/\/serradorabellver.es\/#organization","name":"SERRADORA BELLVER SL","url":"https:\/\/serradorabellver.es\/","logo":{"@type":"ImageObject","inLanguage":"es","@id":"https:\/\/serradorabellver.es\/#\/schema\/logo\/image\/","url":"http:\/\/serradorabellver.es\/wp-content\/uploads\/2025\/12\/ff2bfef6-7920-48cb-90f7-56c7a87576a8-removebg-preview.png","contentUrl":"http:\/\/serradorabellver.es\/wp-content\/uploads\/2025\/12\/ff2bfef6-7920-48cb-90f7-56c7a87576a8-removebg-preview.png","width":444,"height":148,"caption":"SERRADORA BELLVER SL"},"image":{"@id":"https:\/\/serradorabellver.es\/#\/schema\/logo\/image\/"}}]},"product_price_amount":"299.00","product_price_currency":"EUR","og_availability":"instock","product_availability":"instock","product_retailer_item_id":"BDC-94555","product_condition":"new"},"jetpack_sharing_enabled":true,"_links":{"self":[{"href":"https:\/\/serradorabellver.es\/es\/wp-json\/wp\/v2\/product\/21626","targetHints":{"allow":["GET"]}}],"collection":[{"href":"https:\/\/serradorabellver.es\/es\/wp-json\/wp\/v2\/product"}],"about":[{"href":"https:\/\/serradorabellver.es\/es\/wp-json\/wp\/v2\/types\/product"}],"replies":[{"embeddable":true,"href":"https:\/\/serradorabellver.es\/es\/wp-json\/wp\/v2\/comments?post=21626"}],"wp:featuredmedia":[{"embeddable":true,"href":"https:\/\/serradorabellver.es\/es\/wp-json\/wp\/v2\/media\/21632"}],"wp:attachment":[{"href":"https:\/\/serradorabellver.es\/es\/wp-json\/wp\/v2\/media?parent=21626"}],"wp:term":[{"taxonomy":"product_brand","embeddable":true,"href":"https:\/\/serradorabellver.es\/es\/wp-json\/wp\/v2\/product_brand?post=21626"},{"taxonomy":"product_cat","embeddable":true,"href":"https:\/\/serradorabellver.es\/es\/wp-json\/wp\/v2\/product_cat?post=21626"},{"taxonomy":"product_tag","embeddable":true,"href":"https:\/\/serradorabellver.es\/es\/wp-json\/wp\/v2\/product_tag?post=21626"}],"curies":[{"name":"wp","href":"https:\/\/api.w.org\/{rel}","templated":true}]}}