{"id":21580,"date":"2025-11-07T13:08:13","date_gmt":"2025-11-07T12:08:13","guid":{"rendered":"https:\/\/serradorabellver.es\/?post_type=product&#038;p=21580"},"modified":"2025-12-08T05:02:42","modified_gmt":"2025-12-08T04:02:42","slug":"lena-para-calefaccion-50-cm-ballot-en-pale-2-m%c2%b3","status":"publish","type":"product","link":"https:\/\/serradorabellver.es\/es\/produit\/lena-para-calefaccion-50-cm-ballot-en-pale-2-m%c2%b3\/","title":{"rendered":"Le\u00f1a para calefacci\u00f3n \u2013 50 cm \u2013 Ballot en pal\u00e9 2 m\u00b3"},"content":{"rendered":"<p data-start=\"279\" data-end=\"608\">El <strong data-start=\"282\" data-end=\"324\">pal\u00e9 de le\u00f1a en ballot de 50 cm (2 m\u00b3)<\/strong> es ideal para quienes buscan un suministro pr\u00e1ctico y eficiente de le\u00f1a para estufas, chimeneas e insertos de madera. Cada tronco ha sido cuidadosamente seleccionado y secado para garantizar <strong data-start=\"516\" data-end=\"566\">una combusti\u00f3n prolongada, estable y eficiente<\/strong>, con m\u00ednima producci\u00f3n de cenizas y humo.<\/p>\n<p data-start=\"610\" data-end=\"802\">El formato <strong data-start=\"621\" data-end=\"647\">ballot en pal\u00e9 de 2 m\u00b3<\/strong> permite un <strong data-start=\"659\" data-end=\"708\">almacenamiento compacto y transporte sencillo<\/strong>, asegurando que siempre tengas le\u00f1a lista para usar durante toda la temporada de calefacci\u00f3n.<\/p>\n<h3 data-start=\"804\" data-end=\"842\">\ud83d\udd25 <strong data-start=\"811\" data-end=\"842\">Caracter\u00edsticas principales<\/strong><\/h3>\n<ul data-start=\"843\" data-end=\"1131\">\n<li data-start=\"843\" data-end=\"886\">\n<p data-start=\"845\" data-end=\"886\">Le\u00f1a natural de 50 cm en formato ballot<\/p>\n<\/li>\n<li data-start=\"887\" data-end=\"921\">\n<p data-start=\"889\" data-end=\"921\">Pal\u00e9 de 2 m\u00b3 \u2192 lista para usar<\/p>\n<\/li>\n<li data-start=\"922\" data-end=\"964\">\n<p data-start=\"924\" data-end=\"964\">Troncos secos y listos para su consumo<\/p>\n<\/li>\n<li data-start=\"965\" data-end=\"1000\">\n<p data-start=\"967\" data-end=\"1000\">Combusti\u00f3n estable y prolongada<\/p>\n<\/li>\n<li data-start=\"1001\" data-end=\"1049\">\n<p data-start=\"1003\" data-end=\"1049\">Bajo contenido de humedad \u2192 encendido r\u00e1pido<\/p>\n<\/li>\n<li data-start=\"1050\" data-end=\"1089\">\n<p data-start=\"1052\" data-end=\"1089\">M\u00ednima producci\u00f3n de cenizas y humo<\/p>\n<\/li>\n<li data-start=\"1090\" data-end=\"1131\">\n<p data-start=\"1092\" data-end=\"1131\">Almacenamiento y transporte pr\u00e1cticos<\/p>\n<\/li>\n<\/ul>\n<h3 data-start=\"1133\" data-end=\"1151\">\u2b50 <strong data-start=\"1139\" data-end=\"1151\">Ventajas<\/strong><\/h3>\n<ul data-start=\"1152\" data-end=\"1347\">\n<li data-start=\"1152\" data-end=\"1184\">\n<p data-start=\"1154\" data-end=\"1184\"><strong data-start=\"1154\" data-end=\"1182\">Calor intenso y duradero<\/strong><\/p>\n<\/li>\n<li data-start=\"1185\" data-end=\"1218\">\n<p data-start=\"1187\" data-end=\"1218\"><strong data-start=\"1187\" data-end=\"1216\">Encendido r\u00e1pido y seguro<\/strong><\/p>\n<\/li>\n<li data-start=\"1219\" data-end=\"1278\">\n<p data-start=\"1221\" data-end=\"1278\"><strong data-start=\"1221\" data-end=\"1242\">Ahorro energ\u00e9tico<\/strong> gracias a la combusti\u00f3n eficiente<\/p>\n<\/li>\n<li data-start=\"1279\" data-end=\"1311\">\n<p data-start=\"1281\" data-end=\"1311\">Producto natural y ecol\u00f3gico<\/p>\n<\/li>\n<li data-start=\"1312\" data-end=\"1347\">\n<p data-start=\"1314\" data-end=\"1347\">Ideal para uso dom\u00e9stico diario<\/p>\n<\/li>\n<\/ul>\n<h3 data-start=\"1349\" data-end=\"1377\">\ud83c\udfe0 <strong data-start=\"1356\" data-end=\"1377\">Usos recomendados<\/strong><\/h3>\n<ul data-start=\"1378\" data-end=\"1517\">\n<li data-start=\"1378\" data-end=\"1397\">\n<p data-start=\"1380\" data-end=\"1397\">Estufas de le\u00f1a<\/p>\n<\/li>\n<li data-start=\"1398\" data-end=\"1431\">\n<p data-start=\"1400\" data-end=\"1431\">Chimeneas abiertas o cerradas<\/p>\n<\/li>\n<li data-start=\"1432\" data-end=\"1454\">\n<p data-start=\"1434\" data-end=\"1454\">Insertos de madera<\/p>\n<\/li>\n<li data-start=\"1455\" data-end=\"1517\">\n<p data-start=\"1457\" data-end=\"1517\">Usuarios que buscan un suministro estable y c\u00f3modo de le\u00f1a<\/p>\n<\/li>\n<\/ul>","protected":false},"excerpt":{"rendered":"<p data-start=\"1567\" data-end=\"1707\">Le\u00f1a para calefacci\u00f3n \u2013 50 cm \u2013 Ballot en pal\u00e9 2 m\u00b3. Combusti\u00f3n limpia, calor duradero y f\u00e1cil de almacenar. Ideal para estufas y chimeneas.<\/p>","protected":false},"featured_media":21584,"comment_status":"open","ping_status":"closed","template":"","meta":[],"product_brand":[],"product_cat":[243],"product_tag":[],"class_list":{"0":"post-21580","1":"product","2":"type-product","3":"status-publish","4":"has-post-thumbnail","6":"product_cat-bois-de-chauffage-en-palette","8":"first","9":"instock","10":"sale","11":"shipping-taxable","12":"purchasable","13":"product-type-simple"},"yoast_head":"<!-- This site is optimized with the Yoast SEO Premium plugin v26.1 (Yoast SEO v26.5) - https:\/\/yoast.com\/wordpress\/plugins\/seo\/ -->\n<title>Bois de chauffage sec 50 cm \u2013 ballot sur palette 2 m\u00b3 - SERRADORA BELLVER SL<\/title>\n<meta name=\"description\" content=\"Pal\u00e9 de le\u00f1a en ballot de 50 cm \u2013 2 m\u00b3. Combusti\u00f3n eficiente, calor prolongado y m\u00ednima ceniza. Perfecto para estufas, chimeneas e insertos de madera.\" \/>\n<meta name=\"robots\" content=\"noindex, follow, max-snippet:-1, max-image-preview:large, max-video-preview:-1\" \/>\n<meta property=\"og:locale\" content=\"es_MX\" \/>\n<meta property=\"og:type\" content=\"article\" \/>\n<meta property=\"og:title\" content=\"Le\u00f1a para calefacci\u00f3n \u2013 50 cm \u2013 Ballot en pal\u00e9 2 m\u00b3\" \/>\n<meta property=\"og:description\" content=\"Pal\u00e9 de le\u00f1a en ballot de 50 cm \u2013 2 m\u00b3. Combusti\u00f3n eficiente, calor prolongado y m\u00ednima ceniza. Perfecto para estufas, chimeneas e insertos de madera.\" \/>\n<meta property=\"og:url\" content=\"https:\/\/serradorabellver.es\/es\/produit\/lena-para-calefaccion-50-cm-ballot-en-pale-2-m\u00b3\/\" \/>\n<meta property=\"og:site_name\" content=\"SERRADORA BELLVER SL\" \/>\n<meta property=\"article:modified_time\" content=\"2025-12-08T04:02:42+00:00\" \/>\n<meta property=\"og:image\" content=\"http:\/\/serradorabellver.es\/wp-content\/uploads\/2025\/11\/buches-de-bois-sec-50cm-0-1.webp\" \/>\n\t<meta property=\"og:image:width\" content=\"800\" \/>\n\t<meta property=\"og:image:height\" content=\"800\" \/>\n\t<meta property=\"og:image:type\" content=\"image\/webp\" \/>\n<meta name=\"twitter:card\" content=\"summary_large_image\" \/>\n<meta name=\"twitter:label1\" content=\"Precio\" \/>\n\t<meta name=\"twitter:data1\" content=\"290,00&nbsp;&euro;\" \/>\n\t<meta name=\"twitter:label2\" content=\"Disponibilidad\" \/>\n\t<meta name=\"twitter:data2\" content=\"Disponible\" \/>\n<script type=\"application\/ld+json\" class=\"yoast-schema-graph\">{\"@context\":\"https:\/\/schema.org\",\"@graph\":[{\"@type\":\"WebPage\",\"@id\":\"https:\/\/serradorabellver.es\/produit\/lena-para-calefaccion-50-cm-ballot-en-pale-2-m%c2%b3\/\",\"url\":\"https:\/\/serradorabellver.es\/produit\/lena-para-calefaccion-50-cm-ballot-en-pale-2-m%c2%b3\/\",\"name\":\"Bois de chauffage sec 50 cm \u2013 ballot sur palette 2 m\u00b3 - SERRADORA BELLVER SL\",\"isPartOf\":{\"@id\":\"https:\/\/serradorabellver.es\/#website\"},\"primaryImageOfPage\":{\"@id\":\"https:\/\/serradorabellver.es\/produit\/lena-para-calefaccion-50-cm-ballot-en-pale-2-m%c2%b3\/#primaryimage\"},\"image\":{\"@id\":\"https:\/\/serradorabellver.es\/produit\/lena-para-calefaccion-50-cm-ballot-en-pale-2-m%c2%b3\/#primaryimage\"},\"thumbnailUrl\":\"https:\/\/serradorabellver.es\/wp-content\/uploads\/2025\/11\/buches-de-bois-sec-50cm-0-1.webp\",\"datePublished\":\"2025-11-07T12:08:13+00:00\",\"dateModified\":\"2025-12-08T04:02:42+00:00\",\"description\":\"Pal\u00e9 de le\u00f1a en ballot de 50 cm \u2013 2 m\u00b3. Combusti\u00f3n eficiente, calor prolongado y m\u00ednima ceniza. Perfecto para estufas, chimeneas e insertos de madera.\",\"breadcrumb\":{\"@id\":\"https:\/\/serradorabellver.es\/produit\/lena-para-calefaccion-50-cm-ballot-en-pale-2-m%c2%b3\/#breadcrumb\"},\"inLanguage\":\"es\",\"potentialAction\":[{\"@type\":\"ReadAction\",\"target\":[\"https:\/\/serradorabellver.es\/produit\/lena-para-calefaccion-50-cm-ballot-en-pale-2-m%c2%b3\/\"]}]},{\"@type\":\"ImageObject\",\"inLanguage\":\"es\",\"@id\":\"https:\/\/serradorabellver.es\/produit\/lena-para-calefaccion-50-cm-ballot-en-pale-2-m%c2%b3\/#primaryimage\",\"url\":\"https:\/\/serradorabellver.es\/wp-content\/uploads\/2025\/11\/buches-de-bois-sec-50cm-0-1.webp\",\"contentUrl\":\"https:\/\/serradorabellver.es\/wp-content\/uploads\/2025\/11\/buches-de-bois-sec-50cm-0-1.webp\",\"width\":800,\"height\":800,\"caption\":\"Bois de chauffage \u2013 50 cm \u2013 ballot sur palette 2 m\u00b3\"},{\"@type\":\"BreadcrumbList\",\"@id\":\"https:\/\/serradorabellver.es\/produit\/lena-para-calefaccion-50-cm-ballot-en-pale-2-m%c2%b3\/#breadcrumb\",\"itemListElement\":[{\"@type\":\"ListItem\",\"position\":1,\"name\":\"Accueil\",\"item\":\"https:\/\/serradorabellver.es\/\"},{\"@type\":\"ListItem\",\"position\":2,\"name\":\"Nuestra Tienda\",\"item\":\"https:\/\/serradorabellver.es\/boutique\/\"},{\"@type\":\"ListItem\",\"position\":3,\"name\":\"Le\u00f1a para calefacci\u00f3n \u2013 50 cm \u2013 Ballot en pal\u00e9 2 m\u00b3\"}]},{\"@type\":\"WebSite\",\"@id\":\"https:\/\/serradorabellver.es\/#website\",\"url\":\"https:\/\/serradorabellver.es\/\",\"name\":\"SERRADORA BELLVER SL\",\"description\":\"La mejor madera, est\u00e9s donde est\u00e9s en Espa\u00f1a.\",\"publisher\":{\"@id\":\"https:\/\/serradorabellver.es\/#organization\"},\"potentialAction\":[{\"@type\":\"SearchAction\",\"target\":{\"@type\":\"EntryPoint\",\"urlTemplate\":\"https:\/\/serradorabellver.es\/?s={search_term_string}\"},\"query-input\":{\"@type\":\"PropertyValueSpecification\",\"valueRequired\":true,\"valueName\":\"search_term_string\"}}],\"inLanguage\":\"es\"},{\"@type\":\"Organization\",\"@id\":\"https:\/\/serradorabellver.es\/#organization\",\"name\":\"SERRADORA BELLVER SL\",\"url\":\"https:\/\/serradorabellver.es\/\",\"logo\":{\"@type\":\"ImageObject\",\"inLanguage\":\"es\",\"@id\":\"https:\/\/serradorabellver.es\/#\/schema\/logo\/image\/\",\"url\":\"http:\/\/serradorabellver.es\/wp-content\/uploads\/2025\/12\/ff2bfef6-7920-48cb-90f7-56c7a87576a8-removebg-preview.png\",\"contentUrl\":\"http:\/\/serradorabellver.es\/wp-content\/uploads\/2025\/12\/ff2bfef6-7920-48cb-90f7-56c7a87576a8-removebg-preview.png\",\"width\":444,\"height\":148,\"caption\":\"SERRADORA BELLVER SL\"},\"image\":{\"@id\":\"https:\/\/serradorabellver.es\/#\/schema\/logo\/image\/\"}}]}<\/script>\n<meta property=\"product:price:amount\" content=\"290.00\" \/>\n<meta property=\"product:price:currency\" content=\"EUR\" \/>\n<meta property=\"og:availability\" content=\"instock\" \/>\n<meta property=\"product:availability\" content=\"instock\" \/>\n<meta property=\"product:retailer_item_id\" content=\"BCP-963\" \/>\n<meta property=\"product:condition\" content=\"new\" \/>\n<!-- \/ Yoast SEO Premium plugin. -->","yoast_head_json":{"title":"Bois de chauffage sec 50 cm \u2013 ballot sur palette 2 m\u00b3 - SERRADORA BELLVER SL","description":"Pal\u00e9 de le\u00f1a en ballot de 50 cm \u2013 2 m\u00b3. Combusti\u00f3n eficiente, calor prolongado y m\u00ednima ceniza. Perfecto para estufas, chimeneas e insertos de madera.","robots":{"index":"noindex","follow":"follow","max-snippet":"max-snippet:-1","max-image-preview":"max-image-preview:large","max-video-preview":"max-video-preview:-1"},"og_locale":"es_MX","og_type":"article","og_title":"Le\u00f1a para calefacci\u00f3n \u2013 50 cm \u2013 Ballot en pal\u00e9 2 m\u00b3","og_description":"Pal\u00e9 de le\u00f1a en ballot de 50 cm \u2013 2 m\u00b3. Combusti\u00f3n eficiente, calor prolongado y m\u00ednima ceniza. Perfecto para estufas, chimeneas e insertos de madera.","og_url":"https:\/\/serradorabellver.es\/es\/produit\/lena-para-calefaccion-50-cm-ballot-en-pale-2-m\u00b3\/","og_site_name":"SERRADORA BELLVER SL","article_modified_time":"2025-12-08T04:02:42+00:00","og_image":[{"width":800,"height":800,"url":"http:\/\/serradorabellver.es\/wp-content\/uploads\/2025\/11\/buches-de-bois-sec-50cm-0-1.webp","type":"image\/webp"}],"twitter_card":"summary_large_image","twitter_misc":{"Precio":"290,00&nbsp;&euro;","Disponibilidad":"Disponible"},"schema":{"@context":"https:\/\/schema.org","@graph":[{"@type":"WebPage","@id":"https:\/\/serradorabellver.es\/produit\/lena-para-calefaccion-50-cm-ballot-en-pale-2-m%c2%b3\/","url":"https:\/\/serradorabellver.es\/produit\/lena-para-calefaccion-50-cm-ballot-en-pale-2-m%c2%b3\/","name":"Bois de chauffage sec 50 cm \u2013 ballot sur palette 2 m\u00b3 - SERRADORA BELLVER SL","isPartOf":{"@id":"https:\/\/serradorabellver.es\/#website"},"primaryImageOfPage":{"@id":"https:\/\/serradorabellver.es\/produit\/lena-para-calefaccion-50-cm-ballot-en-pale-2-m%c2%b3\/#primaryimage"},"image":{"@id":"https:\/\/serradorabellver.es\/produit\/lena-para-calefaccion-50-cm-ballot-en-pale-2-m%c2%b3\/#primaryimage"},"thumbnailUrl":"https:\/\/serradorabellver.es\/wp-content\/uploads\/2025\/11\/buches-de-bois-sec-50cm-0-1.webp","datePublished":"2025-11-07T12:08:13+00:00","dateModified":"2025-12-08T04:02:42+00:00","description":"Pal\u00e9 de le\u00f1a en ballot de 50 cm \u2013 2 m\u00b3. Combusti\u00f3n eficiente, calor prolongado y m\u00ednima ceniza. Perfecto para estufas, chimeneas e insertos de madera.","breadcrumb":{"@id":"https:\/\/serradorabellver.es\/produit\/lena-para-calefaccion-50-cm-ballot-en-pale-2-m%c2%b3\/#breadcrumb"},"inLanguage":"es","potentialAction":[{"@type":"ReadAction","target":["https:\/\/serradorabellver.es\/produit\/lena-para-calefaccion-50-cm-ballot-en-pale-2-m%c2%b3\/"]}]},{"@type":"ImageObject","inLanguage":"es","@id":"https:\/\/serradorabellver.es\/produit\/lena-para-calefaccion-50-cm-ballot-en-pale-2-m%c2%b3\/#primaryimage","url":"https:\/\/serradorabellver.es\/wp-content\/uploads\/2025\/11\/buches-de-bois-sec-50cm-0-1.webp","contentUrl":"https:\/\/serradorabellver.es\/wp-content\/uploads\/2025\/11\/buches-de-bois-sec-50cm-0-1.webp","width":800,"height":800,"caption":"Bois de chauffage \u2013 50 cm \u2013 ballot sur palette 2 m\u00b3"},{"@type":"BreadcrumbList","@id":"https:\/\/serradorabellver.es\/produit\/lena-para-calefaccion-50-cm-ballot-en-pale-2-m%c2%b3\/#breadcrumb","itemListElement":[{"@type":"ListItem","position":1,"name":"Accueil","item":"https:\/\/serradorabellver.es\/"},{"@type":"ListItem","position":2,"name":"Nuestra Tienda","item":"https:\/\/serradorabellver.es\/boutique\/"},{"@type":"ListItem","position":3,"name":"Le\u00f1a para calefacci\u00f3n \u2013 50 cm \u2013 Ballot en pal\u00e9 2 m\u00b3"}]},{"@type":"WebSite","@id":"https:\/\/serradorabellver.es\/#website","url":"https:\/\/serradorabellver.es\/","name":"SERRADORA BELLVER SL","description":"La mejor madera, est\u00e9s donde est\u00e9s en Espa\u00f1a.","publisher":{"@id":"https:\/\/serradorabellver.es\/#organization"},"potentialAction":[{"@type":"SearchAction","target":{"@type":"EntryPoint","urlTemplate":"https:\/\/serradorabellver.es\/?s={search_term_string}"},"query-input":{"@type":"PropertyValueSpecification","valueRequired":true,"valueName":"search_term_string"}}],"inLanguage":"es"},{"@type":"Organization","@id":"https:\/\/serradorabellver.es\/#organization","name":"SERRADORA BELLVER SL","url":"https:\/\/serradorabellver.es\/","logo":{"@type":"ImageObject","inLanguage":"es","@id":"https:\/\/serradorabellver.es\/#\/schema\/logo\/image\/","url":"http:\/\/serradorabellver.es\/wp-content\/uploads\/2025\/12\/ff2bfef6-7920-48cb-90f7-56c7a87576a8-removebg-preview.png","contentUrl":"http:\/\/serradorabellver.es\/wp-content\/uploads\/2025\/12\/ff2bfef6-7920-48cb-90f7-56c7a87576a8-removebg-preview.png","width":444,"height":148,"caption":"SERRADORA BELLVER SL"},"image":{"@id":"https:\/\/serradorabellver.es\/#\/schema\/logo\/image\/"}}]},"product_price_amount":"290.00","product_price_currency":"EUR","og_availability":"instock","product_availability":"instock","product_retailer_item_id":"BCP-963","product_condition":"new"},"jetpack_sharing_enabled":true,"_links":{"self":[{"href":"https:\/\/serradorabellver.es\/es\/wp-json\/wp\/v2\/product\/21580","targetHints":{"allow":["GET"]}}],"collection":[{"href":"https:\/\/serradorabellver.es\/es\/wp-json\/wp\/v2\/product"}],"about":[{"href":"https:\/\/serradorabellver.es\/es\/wp-json\/wp\/v2\/types\/product"}],"replies":[{"embeddable":true,"href":"https:\/\/serradorabellver.es\/es\/wp-json\/wp\/v2\/comments?post=21580"}],"wp:featuredmedia":[{"embeddable":true,"href":"https:\/\/serradorabellver.es\/es\/wp-json\/wp\/v2\/media\/21584"}],"wp:attachment":[{"href":"https:\/\/serradorabellver.es\/es\/wp-json\/wp\/v2\/media?parent=21580"}],"wp:term":[{"taxonomy":"product_brand","embeddable":true,"href":"https:\/\/serradorabellver.es\/es\/wp-json\/wp\/v2\/product_brand?post=21580"},{"taxonomy":"product_cat","embeddable":true,"href":"https:\/\/serradorabellver.es\/es\/wp-json\/wp\/v2\/product_cat?post=21580"},{"taxonomy":"product_tag","embeddable":true,"href":"https:\/\/serradorabellver.es\/es\/wp-json\/wp\/v2\/product_tag?post=21580"}],"curies":[{"name":"wp","href":"https:\/\/api.w.org\/{rel}","templated":true}]}}