{"id":21542,"date":"2025-11-07T10:38:50","date_gmt":"2025-11-07T09:38:50","guid":{"rendered":"https:\/\/serradorabellver.es\/?post_type=product&#038;p=21542"},"modified":"2025-12-08T06:02:41","modified_gmt":"2025-12-08T05:02:41","slug":"estufa-de-pellets-vittoria-plus-estanca-14-kw","status":"publish","type":"product","link":"https:\/\/serradorabellver.es\/es\/produit\/estufa-de-pellets-vittoria-plus-estanca-14-kw\/","title":{"rendered":"Estufa de pellets Vittoria Plus Estanca \u2013 14 kW"},"content":{"rendered":"<div class=\"single-product-header\">\n<p data-start=\"271\" data-end=\"570\">La <strong data-start=\"274\" data-end=\"326\">Estufa de pellets Vittoria Plus Estanca de 14 kW<\/strong> combina <strong data-start=\"335\" data-end=\"371\">potencia, eficiencia y seguridad<\/strong>, ofreciendo un <strong data-start=\"387\" data-end=\"417\">calor constante y duradero<\/strong> para espacios medianos y grandes. Dise\u00f1ada para ser <strong data-start=\"470\" data-end=\"481\">estanca<\/strong>, garantiza una combusti\u00f3n \u00f3ptima y segura, incluso en entornos con ventilaci\u00f3n limitada.<\/p>\n<p data-start=\"572\" data-end=\"970\">Con su <strong data-start=\"579\" data-end=\"600\">potencia de 14 kW<\/strong>, la Vittoria Plus es ideal para calentar habitaciones amplias y mantener un ambiente confortable durante toda la temporada de fr\u00edo. Su <strong data-start=\"736\" data-end=\"796\">sistema de control inteligente y programaci\u00f3n autom\u00e1tica<\/strong> permite optimizar el consumo de pellets, asegurando eficiencia energ\u00e9tica y confort m\u00e1ximo. Adem\u00e1s, su dise\u00f1o moderno y elegante se integra perfectamente en cualquier hogar.<\/p>\n<h3 data-start=\"972\" data-end=\"1010\">\ud83d\udd25 <strong data-start=\"979\" data-end=\"1010\">Caracter\u00edsticas principales<\/strong><\/h3>\n<ul data-start=\"1011\" data-end=\"1235\">\n<li data-start=\"1011\" data-end=\"1030\">\n<p data-start=\"1013\" data-end=\"1030\">Potencia: 14 kW<\/p>\n<\/li>\n<li data-start=\"1031\" data-end=\"1065\">\n<p data-start=\"1033\" data-end=\"1065\">Combustible: pellets de madera<\/p>\n<\/li>\n<li data-start=\"1066\" data-end=\"1110\">\n<p data-start=\"1068\" data-end=\"1110\">Estanca \u2192 combusti\u00f3n segura y controlada<\/p>\n<\/li>\n<li data-start=\"1111\" data-end=\"1144\">\n<p data-start=\"1113\" data-end=\"1144\">Combusti\u00f3n limpia y eficiente<\/p>\n<\/li>\n<li data-start=\"1145\" data-end=\"1205\">\n<p data-start=\"1147\" data-end=\"1205\">Sistema de control inteligente y programaci\u00f3n autom\u00e1tica<\/p>\n<\/li>\n<li data-start=\"1206\" data-end=\"1235\">\n<p data-start=\"1208\" data-end=\"1235\">Dise\u00f1o moderno y elegante<\/p>\n<\/li>\n<\/ul>\n<h3 data-start=\"1237\" data-end=\"1255\">\u2b50 <strong data-start=\"1243\" data-end=\"1255\">Ventajas<\/strong><\/h3>\n<ul data-start=\"1256\" data-end=\"1505\">\n<li data-start=\"1256\" data-end=\"1288\">\n<p data-start=\"1258\" data-end=\"1288\"><strong data-start=\"1258\" data-end=\"1286\">Calor intenso y duradero<\/strong><\/p>\n<\/li>\n<li data-start=\"1289\" data-end=\"1326\">\n<p data-start=\"1291\" data-end=\"1326\"><strong data-start=\"1291\" data-end=\"1324\">Encendido autom\u00e1tico y seguro<\/strong><\/p>\n<\/li>\n<li data-start=\"1327\" data-end=\"1387\">\n<p data-start=\"1329\" data-end=\"1387\"><strong data-start=\"1329\" data-end=\"1359\">Alta eficiencia energ\u00e9tica<\/strong> y bajo consumo de pellets<\/p>\n<\/li>\n<li data-start=\"1388\" data-end=\"1442\">\n<p data-start=\"1390\" data-end=\"1442\">M\u00ednima producci\u00f3n de cenizas y f\u00e1cil mantenimiento<\/p>\n<\/li>\n<li data-start=\"1443\" data-end=\"1505\">\n<p data-start=\"1445\" data-end=\"1505\">Ideal para hogares modernos que buscan confort y seguridad<\/p>\n<\/li>\n<\/ul>\n<h3 data-start=\"1507\" data-end=\"1535\">\ud83c\udfe0 <strong data-start=\"1514\" data-end=\"1535\">Usos recomendados<\/strong><\/h3>\n<ul data-start=\"1536\" data-end=\"1682\">\n<li data-start=\"1536\" data-end=\"1566\">\n<p data-start=\"1538\" data-end=\"1566\">Salas de estar y comedores<\/p>\n<\/li>\n<li data-start=\"1567\" data-end=\"1605\">\n<p data-start=\"1569\" data-end=\"1605\">Casas unifamiliares y apartamentos<\/p>\n<\/li>\n<li data-start=\"1606\" data-end=\"1682\">\n<p data-start=\"1608\" data-end=\"1682\">Espacios medianos a grandes que requieren calefacci\u00f3n eficiente y segura<\/p>\n<\/li>\n<\/ul>\n<\/div>","protected":false},"excerpt":{"rendered":"<p data-start=\"1732\" data-end=\"1881\">Estufa de pellets Vittoria Plus Estanca \u2013 14 kW. Combusti\u00f3n limpia y segura, calor duradero y dise\u00f1o moderno. Ideal para espacios medianos y grandes.<\/p>","protected":false},"featured_media":21543,"comment_status":"open","ping_status":"closed","template":"","meta":[],"product_brand":[],"product_cat":[242],"product_tag":[],"class_list":{"0":"post-21542","1":"product","2":"type-product","3":"status-publish","4":"has-post-thumbnail","6":"product_cat-poele-cheminee","8":"first","9":"instock","10":"shipping-taxable","11":"purchasable","12":"product-type-simple"},"yoast_head":"<!-- This site is optimized with the Yoast SEO Premium plugin v26.1 (Yoast SEO v26.5) - https:\/\/yoast.com\/wordpress\/plugins\/seo\/ -->\n<title>Po\u00eale \u00e0 granul\u00e9s Vittoria Plus \u00e9tanche 14kW - SERRADORA BELLVER SL<\/title>\n<meta name=\"description\" content=\"Estufa de pellets Vittoria Plus Estanca 14 kW. Alta eficiencia, combusti\u00f3n segura y calor constante. Perfecta para salones y espacios amplios.\" \/>\n<meta name=\"robots\" content=\"noindex, follow, max-snippet:-1, max-image-preview:large, max-video-preview:-1\" \/>\n<meta property=\"og:locale\" content=\"es_MX\" \/>\n<meta property=\"og:type\" content=\"article\" \/>\n<meta property=\"og:title\" content=\"Estufa de pellets Vittoria Plus Estanca \u2013 14 kW\" \/>\n<meta property=\"og:description\" content=\"Estufa de pellets Vittoria Plus Estanca 14 kW. Alta eficiencia, combusti\u00f3n segura y calor constante. Perfecta para salones y espacios amplios.\" \/>\n<meta property=\"og:url\" content=\"https:\/\/serradorabellver.es\/es\/produit\/estufa-de-pellets-vittoria-plus-estanca-14-kw\/\" \/>\n<meta property=\"og:site_name\" content=\"SERRADORA BELLVER SL\" \/>\n<meta property=\"article:modified_time\" content=\"2025-12-08T05:02:41+00:00\" \/>\n<meta property=\"og:image\" content=\"http:\/\/serradorabellver.es\/wp-content\/uploads\/2025\/11\/A-1-1024x1024-1.png\" \/>\n\t<meta property=\"og:image:width\" content=\"1024\" \/>\n\t<meta property=\"og:image:height\" content=\"1024\" \/>\n\t<meta property=\"og:image:type\" content=\"image\/png\" \/>\n<meta name=\"twitter:card\" content=\"summary_large_image\" \/>\n<meta name=\"twitter:label1\" content=\"Precio\" \/>\n\t<meta name=\"twitter:data1\" content=\"950,00&nbsp;&euro;\" \/>\n\t<meta name=\"twitter:label2\" content=\"Disponibilidad\" \/>\n\t<meta name=\"twitter:data2\" content=\"Disponible\" \/>\n<script type=\"application\/ld+json\" class=\"yoast-schema-graph\">{\"@context\":\"https:\/\/schema.org\",\"@graph\":[{\"@type\":\"WebPage\",\"@id\":\"https:\/\/serradorabellver.es\/produit\/estufa-de-pellets-vittoria-plus-estanca-14-kw\/\",\"url\":\"https:\/\/serradorabellver.es\/produit\/estufa-de-pellets-vittoria-plus-estanca-14-kw\/\",\"name\":\"Po\u00eale \u00e0 granul\u00e9s Vittoria Plus \u00e9tanche 14kW - SERRADORA BELLVER SL\",\"isPartOf\":{\"@id\":\"https:\/\/serradorabellver.es\/#website\"},\"primaryImageOfPage\":{\"@id\":\"https:\/\/serradorabellver.es\/produit\/estufa-de-pellets-vittoria-plus-estanca-14-kw\/#primaryimage\"},\"image\":{\"@id\":\"https:\/\/serradorabellver.es\/produit\/estufa-de-pellets-vittoria-plus-estanca-14-kw\/#primaryimage\"},\"thumbnailUrl\":\"https:\/\/serradorabellver.es\/wp-content\/uploads\/2025\/11\/A-1-1024x1024-1.png\",\"datePublished\":\"2025-11-07T09:38:50+00:00\",\"dateModified\":\"2025-12-08T05:02:41+00:00\",\"description\":\"Estufa de pellets Vittoria Plus Estanca 14 kW. Alta eficiencia, combusti\u00f3n segura y calor constante. Perfecta para salones y espacios amplios.\",\"breadcrumb\":{\"@id\":\"https:\/\/serradorabellver.es\/produit\/estufa-de-pellets-vittoria-plus-estanca-14-kw\/#breadcrumb\"},\"inLanguage\":\"es\",\"potentialAction\":[{\"@type\":\"ReadAction\",\"target\":[\"https:\/\/serradorabellver.es\/produit\/estufa-de-pellets-vittoria-plus-estanca-14-kw\/\"]}]},{\"@type\":\"ImageObject\",\"inLanguage\":\"es\",\"@id\":\"https:\/\/serradorabellver.es\/produit\/estufa-de-pellets-vittoria-plus-estanca-14-kw\/#primaryimage\",\"url\":\"https:\/\/serradorabellver.es\/wp-content\/uploads\/2025\/11\/A-1-1024x1024-1.png\",\"contentUrl\":\"https:\/\/serradorabellver.es\/wp-content\/uploads\/2025\/11\/A-1-1024x1024-1.png\",\"width\":1024,\"height\":1024,\"caption\":\"Po\u00eale \u00e0 granul\u00e9s Vittoria Plus \u00e9tanche 14kW\"},{\"@type\":\"BreadcrumbList\",\"@id\":\"https:\/\/serradorabellver.es\/produit\/estufa-de-pellets-vittoria-plus-estanca-14-kw\/#breadcrumb\",\"itemListElement\":[{\"@type\":\"ListItem\",\"position\":1,\"name\":\"Accueil\",\"item\":\"https:\/\/serradorabellver.es\/\"},{\"@type\":\"ListItem\",\"position\":2,\"name\":\"Nuestra Tienda\",\"item\":\"https:\/\/serradorabellver.es\/boutique\/\"},{\"@type\":\"ListItem\",\"position\":3,\"name\":\"Estufa de pellets Vittoria Plus Estanca \u2013 14 kW\"}]},{\"@type\":\"WebSite\",\"@id\":\"https:\/\/serradorabellver.es\/#website\",\"url\":\"https:\/\/serradorabellver.es\/\",\"name\":\"SERRADORA BELLVER SL\",\"description\":\"La mejor madera, est\u00e9s donde est\u00e9s en Espa\u00f1a.\",\"publisher\":{\"@id\":\"https:\/\/serradorabellver.es\/#organization\"},\"potentialAction\":[{\"@type\":\"SearchAction\",\"target\":{\"@type\":\"EntryPoint\",\"urlTemplate\":\"https:\/\/serradorabellver.es\/?s={search_term_string}\"},\"query-input\":{\"@type\":\"PropertyValueSpecification\",\"valueRequired\":true,\"valueName\":\"search_term_string\"}}],\"inLanguage\":\"es\"},{\"@type\":\"Organization\",\"@id\":\"https:\/\/serradorabellver.es\/#organization\",\"name\":\"SERRADORA BELLVER SL\",\"url\":\"https:\/\/serradorabellver.es\/\",\"logo\":{\"@type\":\"ImageObject\",\"inLanguage\":\"es\",\"@id\":\"https:\/\/serradorabellver.es\/#\/schema\/logo\/image\/\",\"url\":\"http:\/\/serradorabellver.es\/wp-content\/uploads\/2025\/12\/ff2bfef6-7920-48cb-90f7-56c7a87576a8-removebg-preview.png\",\"contentUrl\":\"http:\/\/serradorabellver.es\/wp-content\/uploads\/2025\/12\/ff2bfef6-7920-48cb-90f7-56c7a87576a8-removebg-preview.png\",\"width\":444,\"height\":148,\"caption\":\"SERRADORA BELLVER SL\"},\"image\":{\"@id\":\"https:\/\/serradorabellver.es\/#\/schema\/logo\/image\/\"}}]}<\/script>\n<meta property=\"product:price:amount\" content=\"950.00\" \/>\n<meta property=\"product:price:currency\" content=\"EUR\" \/>\n<meta property=\"og:availability\" content=\"instock\" \/>\n<meta property=\"product:availability\" content=\"instock\" \/>\n<meta property=\"product:retailer_item_id\" content=\"GTA-1785\" \/>\n<meta property=\"product:condition\" content=\"new\" \/>\n<!-- \/ Yoast SEO Premium plugin. -->","yoast_head_json":{"title":"Po\u00eale \u00e0 granul\u00e9s Vittoria Plus \u00e9tanche 14kW - SERRADORA BELLVER SL","description":"Estufa de pellets Vittoria Plus Estanca 14 kW. Alta eficiencia, combusti\u00f3n segura y calor constante. Perfecta para salones y espacios amplios.","robots":{"index":"noindex","follow":"follow","max-snippet":"max-snippet:-1","max-image-preview":"max-image-preview:large","max-video-preview":"max-video-preview:-1"},"og_locale":"es_MX","og_type":"article","og_title":"Estufa de pellets Vittoria Plus Estanca \u2013 14 kW","og_description":"Estufa de pellets Vittoria Plus Estanca 14 kW. Alta eficiencia, combusti\u00f3n segura y calor constante. Perfecta para salones y espacios amplios.","og_url":"https:\/\/serradorabellver.es\/es\/produit\/estufa-de-pellets-vittoria-plus-estanca-14-kw\/","og_site_name":"SERRADORA BELLVER SL","article_modified_time":"2025-12-08T05:02:41+00:00","og_image":[{"width":1024,"height":1024,"url":"http:\/\/serradorabellver.es\/wp-content\/uploads\/2025\/11\/A-1-1024x1024-1.png","type":"image\/png"}],"twitter_card":"summary_large_image","twitter_misc":{"Precio":"950,00&nbsp;&euro;","Disponibilidad":"Disponible"},"schema":{"@context":"https:\/\/schema.org","@graph":[{"@type":"WebPage","@id":"https:\/\/serradorabellver.es\/produit\/estufa-de-pellets-vittoria-plus-estanca-14-kw\/","url":"https:\/\/serradorabellver.es\/produit\/estufa-de-pellets-vittoria-plus-estanca-14-kw\/","name":"Po\u00eale \u00e0 granul\u00e9s Vittoria Plus \u00e9tanche 14kW - SERRADORA BELLVER SL","isPartOf":{"@id":"https:\/\/serradorabellver.es\/#website"},"primaryImageOfPage":{"@id":"https:\/\/serradorabellver.es\/produit\/estufa-de-pellets-vittoria-plus-estanca-14-kw\/#primaryimage"},"image":{"@id":"https:\/\/serradorabellver.es\/produit\/estufa-de-pellets-vittoria-plus-estanca-14-kw\/#primaryimage"},"thumbnailUrl":"https:\/\/serradorabellver.es\/wp-content\/uploads\/2025\/11\/A-1-1024x1024-1.png","datePublished":"2025-11-07T09:38:50+00:00","dateModified":"2025-12-08T05:02:41+00:00","description":"Estufa de pellets Vittoria Plus Estanca 14 kW. Alta eficiencia, combusti\u00f3n segura y calor constante. Perfecta para salones y espacios amplios.","breadcrumb":{"@id":"https:\/\/serradorabellver.es\/produit\/estufa-de-pellets-vittoria-plus-estanca-14-kw\/#breadcrumb"},"inLanguage":"es","potentialAction":[{"@type":"ReadAction","target":["https:\/\/serradorabellver.es\/produit\/estufa-de-pellets-vittoria-plus-estanca-14-kw\/"]}]},{"@type":"ImageObject","inLanguage":"es","@id":"https:\/\/serradorabellver.es\/produit\/estufa-de-pellets-vittoria-plus-estanca-14-kw\/#primaryimage","url":"https:\/\/serradorabellver.es\/wp-content\/uploads\/2025\/11\/A-1-1024x1024-1.png","contentUrl":"https:\/\/serradorabellver.es\/wp-content\/uploads\/2025\/11\/A-1-1024x1024-1.png","width":1024,"height":1024,"caption":"Po\u00eale \u00e0 granul\u00e9s Vittoria Plus \u00e9tanche 14kW"},{"@type":"BreadcrumbList","@id":"https:\/\/serradorabellver.es\/produit\/estufa-de-pellets-vittoria-plus-estanca-14-kw\/#breadcrumb","itemListElement":[{"@type":"ListItem","position":1,"name":"Accueil","item":"https:\/\/serradorabellver.es\/"},{"@type":"ListItem","position":2,"name":"Nuestra Tienda","item":"https:\/\/serradorabellver.es\/boutique\/"},{"@type":"ListItem","position":3,"name":"Estufa de pellets Vittoria Plus Estanca \u2013 14 kW"}]},{"@type":"WebSite","@id":"https:\/\/serradorabellver.es\/#website","url":"https:\/\/serradorabellver.es\/","name":"SERRADORA BELLVER SL","description":"La mejor madera, est\u00e9s donde est\u00e9s en Espa\u00f1a.","publisher":{"@id":"https:\/\/serradorabellver.es\/#organization"},"potentialAction":[{"@type":"SearchAction","target":{"@type":"EntryPoint","urlTemplate":"https:\/\/serradorabellver.es\/?s={search_term_string}"},"query-input":{"@type":"PropertyValueSpecification","valueRequired":true,"valueName":"search_term_string"}}],"inLanguage":"es"},{"@type":"Organization","@id":"https:\/\/serradorabellver.es\/#organization","name":"SERRADORA BELLVER SL","url":"https:\/\/serradorabellver.es\/","logo":{"@type":"ImageObject","inLanguage":"es","@id":"https:\/\/serradorabellver.es\/#\/schema\/logo\/image\/","url":"http:\/\/serradorabellver.es\/wp-content\/uploads\/2025\/12\/ff2bfef6-7920-48cb-90f7-56c7a87576a8-removebg-preview.png","contentUrl":"http:\/\/serradorabellver.es\/wp-content\/uploads\/2025\/12\/ff2bfef6-7920-48cb-90f7-56c7a87576a8-removebg-preview.png","width":444,"height":148,"caption":"SERRADORA BELLVER SL"},"image":{"@id":"https:\/\/serradorabellver.es\/#\/schema\/logo\/image\/"}}]},"product_price_amount":"950.00","product_price_currency":"EUR","og_availability":"instock","product_availability":"instock","product_retailer_item_id":"GTA-1785","product_condition":"new"},"jetpack_sharing_enabled":true,"_links":{"self":[{"href":"https:\/\/serradorabellver.es\/es\/wp-json\/wp\/v2\/product\/21542","targetHints":{"allow":["GET"]}}],"collection":[{"href":"https:\/\/serradorabellver.es\/es\/wp-json\/wp\/v2\/product"}],"about":[{"href":"https:\/\/serradorabellver.es\/es\/wp-json\/wp\/v2\/types\/product"}],"replies":[{"embeddable":true,"href":"https:\/\/serradorabellver.es\/es\/wp-json\/wp\/v2\/comments?post=21542"}],"wp:featuredmedia":[{"embeddable":true,"href":"https:\/\/serradorabellver.es\/es\/wp-json\/wp\/v2\/media\/21543"}],"wp:attachment":[{"href":"https:\/\/serradorabellver.es\/es\/wp-json\/wp\/v2\/media?parent=21542"}],"wp:term":[{"taxonomy":"product_brand","embeddable":true,"href":"https:\/\/serradorabellver.es\/es\/wp-json\/wp\/v2\/product_brand?post=21542"},{"taxonomy":"product_cat","embeddable":true,"href":"https:\/\/serradorabellver.es\/es\/wp-json\/wp\/v2\/product_cat?post=21542"},{"taxonomy":"product_tag","embeddable":true,"href":"https:\/\/serradorabellver.es\/es\/wp-json\/wp\/v2\/product_tag?post=21542"}],"curies":[{"name":"wp","href":"https:\/\/api.w.org\/{rel}","templated":true}]}}