{"id":8911,"date":"2022-07-11T09:37:49","date_gmt":"2022-07-11T09:37:49","guid":{"rendered":"http:\/\/localhost\/dev\/mottav9\/?page_id=8911"},"modified":"2025-12-06T05:50:16","modified_gmt":"2025-12-06T04:50:16","slug":"suivi-de-commande","status":"publish","type":"page","link":"https:\/\/serradorabellver.es\/es\/suivi-de-commande\/","title":{"rendered":"Seguimiento de pedidos"},"content":{"rendered":"<div class=\"woocommerce\"><\/div>","protected":false},"excerpt":{"rendered":"","protected":false},"author":3,"featured_media":0,"parent":0,"menu_order":0,"comment_status":"closed","ping_status":"closed","template":"","meta":{"footnotes":""},"class_list":["post-8911","page","type-page","status-publish","hentry"],"yoast_head":"<!-- This site is optimized with the Yoast SEO Premium plugin v26.1 (Yoast SEO v26.5) - https:\/\/yoast.com\/wordpress\/plugins\/seo\/ -->\n<title>Seguimiento de pedidos - SERRADORA BELLVER SL<\/title>\n<meta name=\"robots\" content=\"noindex, follow, max-snippet:-1, max-image-preview:large, max-video-preview:-1\" \/>\n<meta property=\"og:locale\" content=\"es_MX\" \/>\n<meta property=\"og:type\" content=\"article\" \/>\n<meta property=\"og:title\" content=\"Seguimiento de pedidos\" \/>\n<meta property=\"og:url\" content=\"https:\/\/serradorabellver.es\/es\/suivi-de-commande\/\" \/>\n<meta property=\"og:site_name\" content=\"SERRADORA BELLVER SL\" \/>\n<meta property=\"article:modified_time\" content=\"2025-12-06T04:50:16+00:00\" \/>\n<meta name=\"twitter:card\" content=\"summary_large_image\" \/>\n<script type=\"application\/ld+json\" class=\"yoast-schema-graph\">{\"@context\":\"https:\/\/schema.org\",\"@graph\":[{\"@type\":\"WebPage\",\"@id\":\"https:\/\/serradorabellver.es\/suivi-de-commande\/\",\"url\":\"https:\/\/serradorabellver.es\/suivi-de-commande\/\",\"name\":\"Seguimiento de pedidos - SERRADORA BELLVER SL\",\"isPartOf\":{\"@id\":\"https:\/\/serradorabellver.es\/#website\"},\"datePublished\":\"2022-07-11T09:37:49+00:00\",\"dateModified\":\"2025-12-06T04:50:16+00:00\",\"breadcrumb\":{\"@id\":\"https:\/\/serradorabellver.es\/suivi-de-commande\/#breadcrumb\"},\"inLanguage\":\"es\",\"potentialAction\":[{\"@type\":\"ReadAction\",\"target\":[\"https:\/\/serradorabellver.es\/suivi-de-commande\/\"]}]},{\"@type\":\"BreadcrumbList\",\"@id\":\"https:\/\/serradorabellver.es\/suivi-de-commande\/#breadcrumb\",\"itemListElement\":[{\"@type\":\"ListItem\",\"position\":1,\"name\":\"Accueil\",\"item\":\"https:\/\/serradorabellver.es\/\"},{\"@type\":\"ListItem\",\"position\":2,\"name\":\"Seguimiento de pedidos\"}]},{\"@type\":\"WebSite\",\"@id\":\"https:\/\/serradorabellver.es\/#website\",\"url\":\"https:\/\/serradorabellver.es\/\",\"name\":\"SERRADORA BELLVER SL\",\"description\":\"La mejor madera, est\u00e9s donde est\u00e9s en Espa\u00f1a.\",\"publisher\":{\"@id\":\"https:\/\/serradorabellver.es\/#organization\"},\"potentialAction\":[{\"@type\":\"SearchAction\",\"target\":{\"@type\":\"EntryPoint\",\"urlTemplate\":\"https:\/\/serradorabellver.es\/?s={search_term_string}\"},\"query-input\":{\"@type\":\"PropertyValueSpecification\",\"valueRequired\":true,\"valueName\":\"search_term_string\"}}],\"inLanguage\":\"es\"},{\"@type\":\"Organization\",\"@id\":\"https:\/\/serradorabellver.es\/#organization\",\"name\":\"SERRADORA BELLVER SL\",\"url\":\"https:\/\/serradorabellver.es\/\",\"logo\":{\"@type\":\"ImageObject\",\"inLanguage\":\"es\",\"@id\":\"https:\/\/serradorabellver.es\/#\/schema\/logo\/image\/\",\"url\":\"http:\/\/serradorabellver.es\/wp-content\/uploads\/2025\/12\/ff2bfef6-7920-48cb-90f7-56c7a87576a8-removebg-preview.png\",\"contentUrl\":\"http:\/\/serradorabellver.es\/wp-content\/uploads\/2025\/12\/ff2bfef6-7920-48cb-90f7-56c7a87576a8-removebg-preview.png\",\"width\":444,\"height\":148,\"caption\":\"SERRADORA BELLVER SL\"},\"image\":{\"@id\":\"https:\/\/serradorabellver.es\/#\/schema\/logo\/image\/\"}}]}<\/script>\n<!-- \/ Yoast SEO Premium plugin. -->","yoast_head_json":{"title":"Seguimiento de pedidos - SERRADORA BELLVER SL","robots":{"index":"noindex","follow":"follow","max-snippet":"max-snippet:-1","max-image-preview":"max-image-preview:large","max-video-preview":"max-video-preview:-1"},"og_locale":"es_MX","og_type":"article","og_title":"Seguimiento de pedidos","og_url":"https:\/\/serradorabellver.es\/es\/suivi-de-commande\/","og_site_name":"SERRADORA BELLVER SL","article_modified_time":"2025-12-06T04:50:16+00:00","twitter_card":"summary_large_image","schema":{"@context":"https:\/\/schema.org","@graph":[{"@type":"WebPage","@id":"https:\/\/serradorabellver.es\/suivi-de-commande\/","url":"https:\/\/serradorabellver.es\/suivi-de-commande\/","name":"Seguimiento de pedidos - SERRADORA BELLVER SL","isPartOf":{"@id":"https:\/\/serradorabellver.es\/#website"},"datePublished":"2022-07-11T09:37:49+00:00","dateModified":"2025-12-06T04:50:16+00:00","breadcrumb":{"@id":"https:\/\/serradorabellver.es\/suivi-de-commande\/#breadcrumb"},"inLanguage":"es","potentialAction":[{"@type":"ReadAction","target":["https:\/\/serradorabellver.es\/suivi-de-commande\/"]}]},{"@type":"BreadcrumbList","@id":"https:\/\/serradorabellver.es\/suivi-de-commande\/#breadcrumb","itemListElement":[{"@type":"ListItem","position":1,"name":"Accueil","item":"https:\/\/serradorabellver.es\/"},{"@type":"ListItem","position":2,"name":"Seguimiento de pedidos"}]},{"@type":"WebSite","@id":"https:\/\/serradorabellver.es\/#website","url":"https:\/\/serradorabellver.es\/","name":"SERRADORA BELLVER SL","description":"La mejor madera, est\u00e9s donde est\u00e9s en Espa\u00f1a.","publisher":{"@id":"https:\/\/serradorabellver.es\/#organization"},"potentialAction":[{"@type":"SearchAction","target":{"@type":"EntryPoint","urlTemplate":"https:\/\/serradorabellver.es\/?s={search_term_string}"},"query-input":{"@type":"PropertyValueSpecification","valueRequired":true,"valueName":"search_term_string"}}],"inLanguage":"es"},{"@type":"Organization","@id":"https:\/\/serradorabellver.es\/#organization","name":"SERRADORA BELLVER SL","url":"https:\/\/serradorabellver.es\/","logo":{"@type":"ImageObject","inLanguage":"es","@id":"https:\/\/serradorabellver.es\/#\/schema\/logo\/image\/","url":"http:\/\/serradorabellver.es\/wp-content\/uploads\/2025\/12\/ff2bfef6-7920-48cb-90f7-56c7a87576a8-removebg-preview.png","contentUrl":"http:\/\/serradorabellver.es\/wp-content\/uploads\/2025\/12\/ff2bfef6-7920-48cb-90f7-56c7a87576a8-removebg-preview.png","width":444,"height":148,"caption":"SERRADORA BELLVER SL"},"image":{"@id":"https:\/\/serradorabellver.es\/#\/schema\/logo\/image\/"}}]}},"jetpack_sharing_enabled":true,"_links":{"self":[{"href":"https:\/\/serradorabellver.es\/es\/wp-json\/wp\/v2\/pages\/8911","targetHints":{"allow":["GET"]}}],"collection":[{"href":"https:\/\/serradorabellver.es\/es\/wp-json\/wp\/v2\/pages"}],"about":[{"href":"https:\/\/serradorabellver.es\/es\/wp-json\/wp\/v2\/types\/page"}],"author":[{"embeddable":true,"href":"https:\/\/serradorabellver.es\/es\/wp-json\/wp\/v2\/users\/3"}],"replies":[{"embeddable":true,"href":"https:\/\/serradorabellver.es\/es\/wp-json\/wp\/v2\/comments?post=8911"}],"version-history":[{"count":2,"href":"https:\/\/serradorabellver.es\/es\/wp-json\/wp\/v2\/pages\/8911\/revisions"}],"predecessor-version":[{"id":21962,"href":"https:\/\/serradorabellver.es\/es\/wp-json\/wp\/v2\/pages\/8911\/revisions\/21962"}],"wp:attachment":[{"href":"https:\/\/serradorabellver.es\/es\/wp-json\/wp\/v2\/media?parent=8911"}],"curies":[{"name":"wp","href":"https:\/\/api.w.org\/{rel}","templated":true}]}}