{"id":18766,"date":"2022-10-04T04:35:52","date_gmt":"2022-10-04T04:35:52","guid":{"rendered":"https:\/\/motta.uix.store\/electronic\/?page_id=18766"},"modified":"2026-02-18T21:07:20","modified_gmt":"2026-02-18T20:07:20","slug":"mention-legale","status":"publish","type":"page","link":"https:\/\/serradorabellver.es\/es\/mention-legale\/","title":{"rendered":"Aviso Legal"},"content":{"rendered":"<div data-elementor-type=\"wp-page\" data-elementor-id=\"18766\" class=\"elementor elementor-18766\">\n\t\t\t\t<div class=\"elementor-element elementor-element-48d4fdb e-flex e-con-boxed e-con e-parent\" data-id=\"48d4fdb\" data-element_type=\"container\">\n\t\t\t\t\t<div class=\"e-con-inner\">\n\t\t\t\t<div class=\"elementor-element elementor-element-c9d6440 elementor-widget elementor-widget-text-editor\" data-id=\"c9d6440\" data-element_type=\"widget\" data-widget_type=\"text-editor.default\">\n\t\t\t\t\t\t\t\t\t<h2><img decoding=\"async\" class=\"emoji\" role=\"img\" draggable=\"false\" src=\"https:\/\/s.w.org\/images\/core\/emoji\/16.0.1\/svg\/2696.svg\" alt=\"\u2696\ufe0f\"> Aviso legal \u2013 <strong>Serradora Bellver Sl<\/strong><\/h2>\n<h3>1. Editor del sitio<\/h3>\n<p>El presente sitio est\u00e1 editado por: <strong>Serradora Bellver Sl<\/strong><br><strong>Direcci\u00f3n:<\/strong> Lugar tarambollo, s\/n, carballo, 15100, la coru\u00f1a, Spain<br><strong>Tel\u00e9fono:<\/strong> +34 602 37 21 51<br><strong>E-mail:<\/strong> <a class=\"decorated-link cursor-pointer\" rel=\"noopener\">contacto@serradorabellver.es<\/a><\/p>\n<p><strong>Director de la publicaci\u00f3n:<\/strong> El responsable de la empresa Serradora Bellver Sl<br><strong>Responsable editorial:<\/strong> Departamento de comunicaci\u00f3n de Serradora Bellver Sl<\/p>\n<hr>\n<h3>2. Alojamiento<\/h3>\n<p>El sitio <strong>Serradora Bellver Sl<\/strong><br>SARL con un capital de 100 000 \u20ac<br><strong>Direcci\u00f3n:<\/strong> 222-224 Boulevard Gustave Flaubert, 63000 Clermont-Ferrand, Francia<br><strong>Tel\u00e9fono:<\/strong> +33 4 44 44 60 40<\/p>\n<hr>\n<h3>3. Dise\u00f1o y desarrollo del sitio<\/h3>\n<p>El sitio <strong>Serradora Bellver Sl<\/strong> ha sido dise\u00f1ado y desarrollado por:<br><strong>Serradora Bellver Sl \u2013 Equipo Web<\/strong><br>Contacto: <a class=\"decorated-link cursor-pointer\" rel=\"noopener\">contacto@serradorabellver.es<\/a><\/p>\n<hr>\n<h3>4. Actividad<\/h3>\n<p><strong>Serradora Bellver Sl<\/strong> est\u00e1 especializada en la <strong>venta de le\u00f1a para calefacci\u00f3n, pellets, briquetas y combustibles ecol\u00f3gicos<\/strong> destinados a particulares y profesionales en Francia y Europa.<\/p>\n<p>La informaci\u00f3n presente en el sitio se proporciona \u00fanicamente a t\u00edtulo informativo.<br>A pesar del cuidado en su exactitud, <strong>Serradora Bellver Sl<\/strong> no podr\u00e1 ser considerada responsable de errores, omisiones o modificaciones posteriores.<\/p>\n<hr>\n<h3>5. Propiedad intelectual<\/h3>\n<p>Todos los elementos presentes en el sitio <strong>Serradora Bellver Sl<\/strong> (textos, im\u00e1genes, gr\u00e1ficos, logotipos, iconos, v\u00eddeos, bases de datos, etc.) est\u00e1n protegidos por el <strong>C\u00f3digo de la Propiedad Intelectual<\/strong> y siguen siendo propiedad exclusiva de <strong>Serradora Bellver Sl<\/strong>, salvo menci\u00f3n contraria.<\/p>\n<p>Queda prohibida cualquier reproducci\u00f3n, representaci\u00f3n, modificaci\u00f3n, publicaci\u00f3n o adaptaci\u00f3n total o parcial del sitio, en cualquier soporte, sin autorizaci\u00f3n previa y por escrito del editor.<\/p>\n<hr>\n<h3>6. Datos personales<\/h3>\n<p>De conformidad con el <strong>Reglamento General de Protecci\u00f3n de Datos (RGPD)<\/strong> y la <strong>Ley de Inform\u00e1tica y Libertades<\/strong>, <strong>Serradora Bellver Sl<\/strong> recoge y trata los datos personales de sus clientes y visitantes respetando su privacidad.<\/p>\n<p>La informaci\u00f3n recogida a trav\u00e9s de nuestros formularios se destina exclusivamente a un uso interno (gesti\u00f3n de pedidos, atenci\u00f3n al cliente, newsletter, etc.) y <strong>nunca se vende<\/strong> a terceros.<\/p>\n<p>Usted dispone en todo momento de un <strong>derecho de acceso, rectificaci\u00f3n, supresi\u00f3n u oposici\u00f3n<\/strong> respecto a sus datos personales.<br>Para ejercer este derecho, puede contactarnos en:<br><img decoding=\"async\" class=\"emoji\" role=\"img\" draggable=\"false\" src=\"https:\/\/s.w.org\/images\/core\/emoji\/16.0.1\/svg\/1f4e7.svg\" alt=\"\ud83d\udce7\"> <strong><a class=\"decorated-link cursor-pointer\" rel=\"noopener\">contact@serradorabellver.es<\/a><\/strong><\/p>\n<p>Para m\u00e1s informaci\u00f3n, consulte nuestra p\u00e1gina de <strong>Pol\u00edtica de Privacidad<\/strong>.<\/p>\n<hr>\n<h3>7. Cookies<\/h3>\n<p>El sitio <strong>Serradora Bellver Sl<\/strong> utiliza cookies para mejorar la navegaci\u00f3n y analizar la audiencia.<br>Puede gestionar sus preferencias en cualquier momento a trav\u00e9s de nuestra p\u00e1gina de <strong>Gesti\u00f3n de cookies<\/strong>.<\/p>\n<hr>\n<h3>8. Limitaci\u00f3n de responsabilidad<\/h3>\n<p><strong>Serradora Bellver Sl<\/strong> se esfuerza por garantizar la exactitud y actualizaci\u00f3n de la informaci\u00f3n publicada en el sitio, pero no puede ser considerada responsable:<\/p>\n<ul>\n<li>De errores, omisiones o inexactitudes,<\/li>\n<li>De interrupciones o mal funcionamiento del sitio,<\/li>\n<li>O de cualquier da\u00f1o directo o indirecto derivado del acceso o uso del sitio.<\/li>\n<\/ul>\n<hr>\n<h3>9. Ley aplicable y jurisdicci\u00f3n competente<\/h3>\n<p>El presente aviso legal est\u00e1 sujeto al <strong>derecho franc\u00e9s<\/strong>.<br>En caso de litigio, y en ausencia de acuerdo amistoso, <strong>los tribunales franceses<\/strong> ser\u00e1n los \u00fanicos competentes.<\/p>\n<hr>\n<h3>10. Contacto<\/h3>\n<p>Para cualquier consulta relativa al sitio o a su contenido, puede escribirnos a:<br><img decoding=\"async\" class=\"emoji\" role=\"img\" draggable=\"false\" src=\"https:\/\/s.w.org\/images\/core\/emoji\/16.0.1\/svg\/1f4cd.svg\" alt=\"\ud83d\udccd\"> <strong>Serradora Bellver Sl<\/strong> \u2013 Lugar tarambollo, s\/n, carballo, 15100, la coru\u00f1a, Spain<br><img decoding=\"async\" class=\"emoji\" role=\"img\" draggable=\"false\" src=\"https:\/\/s.w.org\/images\/core\/emoji\/16.0.1\/svg\/1f4e7.svg\" alt=\"\ud83d\udce7\"> <strong><a class=\"decorated-link cursor-pointer\" rel=\"noopener\">contacto@serradorabellver.es<\/a><\/strong><br><img decoding=\"async\" class=\"emoji\" role=\"img\" draggable=\"false\" src=\"https:\/\/s.w.org\/images\/core\/emoji\/16.0.1\/svg\/1f4de.svg\" alt=\"\ud83d\udcde\"> <strong>+34 602 37 21 51<\/strong><\/p>\t\t\t\t\t\t\t\t<\/div>\n\t\t\t\t\t<\/div>\n\t\t\t\t<\/div>\n\t\t\t\t<\/div>","protected":false},"excerpt":{"rendered":"<p>Aviso legal \u2013 Serradora Bellver Sl 1. Editor del sitio El presente sitio est\u00e1 editado por: Serradora Bellver SlDirecci\u00f3n: Lugar tarambollo, s\/n, carballo, 15100, la coru\u00f1a, SpainTel\u00e9fono: +34 602 37 21 51E-mail: contacto@serradorabellver.es Director de la publicaci\u00f3n: El responsable de la empresa Serradora Bellver SlResponsable editorial: Departamento de comunicaci\u00f3n de Serradora Bellver Sl 2. Alojamiento [&hellip;]<\/p>\n","protected":false},"author":3,"featured_media":0,"parent":0,"menu_order":0,"comment_status":"closed","ping_status":"closed","template":"","meta":{"footnotes":""},"class_list":["post-18766","page","type-page","status-publish","hentry"],"yoast_head":"<!-- This site is optimized with the Yoast SEO Premium plugin v26.1 (Yoast SEO v26.5) - https:\/\/yoast.com\/wordpress\/plugins\/seo\/ -->\n<title>Aviso Legal - SERRADORA BELLVER SL<\/title>\n<meta name=\"robots\" content=\"noindex, follow, max-snippet:-1, max-image-preview:large, max-video-preview:-1\" \/>\n<meta property=\"og:locale\" content=\"es_MX\" \/>\n<meta property=\"og:type\" content=\"article\" \/>\n<meta property=\"og:title\" content=\"Aviso Legal\" \/>\n<meta property=\"og:description\" content=\"Aviso legal \u2013 Serradora Bellver Sl 1. Editor del sitio El presente sitio est\u00e1 editado por: Serradora Bellver SlDirecci\u00f3n: Lugar tarambollo, s\/n, carballo, 15100, la coru\u00f1a, SpainTel\u00e9fono: +34 602 37 21 51E-mail: contacto@serradorabellver.es Director de la publicaci\u00f3n: El responsable de la empresa Serradora Bellver SlResponsable editorial: Departamento de comunicaci\u00f3n de Serradora Bellver Sl 2. Alojamiento [&hellip;]\" \/>\n<meta property=\"og:url\" content=\"https:\/\/serradorabellver.es\/es\/mention-legale\/\" \/>\n<meta property=\"og:site_name\" content=\"SERRADORA BELLVER SL\" \/>\n<meta property=\"article:modified_time\" content=\"2026-02-18T20:07:20+00:00\" \/>\n<meta property=\"og:image\" content=\"https:\/\/s.w.org\/images\/core\/emoji\/16.0.1\/svg\/2696.svg\" \/>\n<meta name=\"twitter:card\" content=\"summary_large_image\" \/>\n<meta name=\"twitter:label1\" content=\"Tiempo de lectura\" \/>\n\t<meta name=\"twitter:data1\" content=\"4 minutos\" \/>\n<script type=\"application\/ld+json\" class=\"yoast-schema-graph\">{\"@context\":\"https:\/\/schema.org\",\"@graph\":[{\"@type\":\"WebPage\",\"@id\":\"https:\/\/serradorabellver.es\/mention-legale\/\",\"url\":\"https:\/\/serradorabellver.es\/mention-legale\/\",\"name\":\"Aviso Legal - SERRADORA BELLVER SL\",\"isPartOf\":{\"@id\":\"https:\/\/serradorabellver.es\/#website\"},\"primaryImageOfPage\":{\"@id\":\"https:\/\/serradorabellver.es\/mention-legale\/#primaryimage\"},\"image\":{\"@id\":\"https:\/\/serradorabellver.es\/mention-legale\/#primaryimage\"},\"thumbnailUrl\":\"https:\/\/s.w.org\/images\/core\/emoji\/16.0.1\/svg\/2696.svg\",\"datePublished\":\"2022-10-04T04:35:52+00:00\",\"dateModified\":\"2026-02-18T20:07:20+00:00\",\"breadcrumb\":{\"@id\":\"https:\/\/serradorabellver.es\/mention-legale\/#breadcrumb\"},\"inLanguage\":\"es\",\"potentialAction\":[{\"@type\":\"ReadAction\",\"target\":[\"https:\/\/serradorabellver.es\/mention-legale\/\"]}]},{\"@type\":\"ImageObject\",\"inLanguage\":\"es\",\"@id\":\"https:\/\/serradorabellver.es\/mention-legale\/#primaryimage\",\"url\":\"https:\/\/s.w.org\/images\/core\/emoji\/16.0.1\/svg\/2696.svg\",\"contentUrl\":\"https:\/\/s.w.org\/images\/core\/emoji\/16.0.1\/svg\/2696.svg\"},{\"@type\":\"BreadcrumbList\",\"@id\":\"https:\/\/serradorabellver.es\/mention-legale\/#breadcrumb\",\"itemListElement\":[{\"@type\":\"ListItem\",\"position\":1,\"name\":\"Accueil\",\"item\":\"https:\/\/serradorabellver.es\/\"},{\"@type\":\"ListItem\",\"position\":2,\"name\":\"Aviso Legal\"}]},{\"@type\":\"WebSite\",\"@id\":\"https:\/\/serradorabellver.es\/#website\",\"url\":\"https:\/\/serradorabellver.es\/\",\"name\":\"SERRADORA BELLVER SL\",\"description\":\"La mejor madera, est\u00e9s donde est\u00e9s en Espa\u00f1a.\",\"publisher\":{\"@id\":\"https:\/\/serradorabellver.es\/#organization\"},\"potentialAction\":[{\"@type\":\"SearchAction\",\"target\":{\"@type\":\"EntryPoint\",\"urlTemplate\":\"https:\/\/serradorabellver.es\/?s={search_term_string}\"},\"query-input\":{\"@type\":\"PropertyValueSpecification\",\"valueRequired\":true,\"valueName\":\"search_term_string\"}}],\"inLanguage\":\"es\"},{\"@type\":\"Organization\",\"@id\":\"https:\/\/serradorabellver.es\/#organization\",\"name\":\"SERRADORA BELLVER SL\",\"url\":\"https:\/\/serradorabellver.es\/\",\"logo\":{\"@type\":\"ImageObject\",\"inLanguage\":\"es\",\"@id\":\"https:\/\/serradorabellver.es\/#\/schema\/logo\/image\/\",\"url\":\"http:\/\/serradorabellver.es\/wp-content\/uploads\/2025\/12\/ff2bfef6-7920-48cb-90f7-56c7a87576a8-removebg-preview.png\",\"contentUrl\":\"http:\/\/serradorabellver.es\/wp-content\/uploads\/2025\/12\/ff2bfef6-7920-48cb-90f7-56c7a87576a8-removebg-preview.png\",\"width\":444,\"height\":148,\"caption\":\"SERRADORA BELLVER SL\"},\"image\":{\"@id\":\"https:\/\/serradorabellver.es\/#\/schema\/logo\/image\/\"}}]}<\/script>\n<!-- \/ Yoast SEO Premium plugin. -->","yoast_head_json":{"title":"Aviso Legal - SERRADORA BELLVER SL","robots":{"index":"noindex","follow":"follow","max-snippet":"max-snippet:-1","max-image-preview":"max-image-preview:large","max-video-preview":"max-video-preview:-1"},"og_locale":"es_MX","og_type":"article","og_title":"Aviso Legal","og_description":"Aviso legal \u2013 Serradora Bellver Sl 1. Editor del sitio El presente sitio est\u00e1 editado por: Serradora Bellver SlDirecci\u00f3n: Lugar tarambollo, s\/n, carballo, 15100, la coru\u00f1a, SpainTel\u00e9fono: +34 602 37 21 51E-mail: contacto@serradorabellver.es Director de la publicaci\u00f3n: El responsable de la empresa Serradora Bellver SlResponsable editorial: Departamento de comunicaci\u00f3n de Serradora Bellver Sl 2. Alojamiento [&hellip;]","og_url":"https:\/\/serradorabellver.es\/es\/mention-legale\/","og_site_name":"SERRADORA BELLVER SL","article_modified_time":"2026-02-18T20:07:20+00:00","og_image":[{"url":"https:\/\/s.w.org\/images\/core\/emoji\/16.0.1\/svg\/2696.svg","type":"","width":"","height":""}],"twitter_card":"summary_large_image","twitter_misc":{"Tiempo de lectura":"4 minutos"},"schema":{"@context":"https:\/\/schema.org","@graph":[{"@type":"WebPage","@id":"https:\/\/serradorabellver.es\/mention-legale\/","url":"https:\/\/serradorabellver.es\/mention-legale\/","name":"Aviso Legal - SERRADORA BELLVER SL","isPartOf":{"@id":"https:\/\/serradorabellver.es\/#website"},"primaryImageOfPage":{"@id":"https:\/\/serradorabellver.es\/mention-legale\/#primaryimage"},"image":{"@id":"https:\/\/serradorabellver.es\/mention-legale\/#primaryimage"},"thumbnailUrl":"https:\/\/s.w.org\/images\/core\/emoji\/16.0.1\/svg\/2696.svg","datePublished":"2022-10-04T04:35:52+00:00","dateModified":"2026-02-18T20:07:20+00:00","breadcrumb":{"@id":"https:\/\/serradorabellver.es\/mention-legale\/#breadcrumb"},"inLanguage":"es","potentialAction":[{"@type":"ReadAction","target":["https:\/\/serradorabellver.es\/mention-legale\/"]}]},{"@type":"ImageObject","inLanguage":"es","@id":"https:\/\/serradorabellver.es\/mention-legale\/#primaryimage","url":"https:\/\/s.w.org\/images\/core\/emoji\/16.0.1\/svg\/2696.svg","contentUrl":"https:\/\/s.w.org\/images\/core\/emoji\/16.0.1\/svg\/2696.svg"},{"@type":"BreadcrumbList","@id":"https:\/\/serradorabellver.es\/mention-legale\/#breadcrumb","itemListElement":[{"@type":"ListItem","position":1,"name":"Accueil","item":"https:\/\/serradorabellver.es\/"},{"@type":"ListItem","position":2,"name":"Aviso Legal"}]},{"@type":"WebSite","@id":"https:\/\/serradorabellver.es\/#website","url":"https:\/\/serradorabellver.es\/","name":"SERRADORA BELLVER SL","description":"La mejor madera, est\u00e9s donde est\u00e9s en Espa\u00f1a.","publisher":{"@id":"https:\/\/serradorabellver.es\/#organization"},"potentialAction":[{"@type":"SearchAction","target":{"@type":"EntryPoint","urlTemplate":"https:\/\/serradorabellver.es\/?s={search_term_string}"},"query-input":{"@type":"PropertyValueSpecification","valueRequired":true,"valueName":"search_term_string"}}],"inLanguage":"es"},{"@type":"Organization","@id":"https:\/\/serradorabellver.es\/#organization","name":"SERRADORA BELLVER SL","url":"https:\/\/serradorabellver.es\/","logo":{"@type":"ImageObject","inLanguage":"es","@id":"https:\/\/serradorabellver.es\/#\/schema\/logo\/image\/","url":"http:\/\/serradorabellver.es\/wp-content\/uploads\/2025\/12\/ff2bfef6-7920-48cb-90f7-56c7a87576a8-removebg-preview.png","contentUrl":"http:\/\/serradorabellver.es\/wp-content\/uploads\/2025\/12\/ff2bfef6-7920-48cb-90f7-56c7a87576a8-removebg-preview.png","width":444,"height":148,"caption":"SERRADORA BELLVER SL"},"image":{"@id":"https:\/\/serradorabellver.es\/#\/schema\/logo\/image\/"}}]}},"jetpack_sharing_enabled":true,"_links":{"self":[{"href":"https:\/\/serradorabellver.es\/es\/wp-json\/wp\/v2\/pages\/18766","targetHints":{"allow":["GET"]}}],"collection":[{"href":"https:\/\/serradorabellver.es\/es\/wp-json\/wp\/v2\/pages"}],"about":[{"href":"https:\/\/serradorabellver.es\/es\/wp-json\/wp\/v2\/types\/page"}],"author":[{"embeddable":true,"href":"https:\/\/serradorabellver.es\/es\/wp-json\/wp\/v2\/users\/3"}],"replies":[{"embeddable":true,"href":"https:\/\/serradorabellver.es\/es\/wp-json\/wp\/v2\/comments?post=18766"}],"version-history":[{"count":29,"href":"https:\/\/serradorabellver.es\/es\/wp-json\/wp\/v2\/pages\/18766\/revisions"}],"predecessor-version":[{"id":22256,"href":"https:\/\/serradorabellver.es\/es\/wp-json\/wp\/v2\/pages\/18766\/revisions\/22256"}],"wp:attachment":[{"href":"https:\/\/serradorabellver.es\/es\/wp-json\/wp\/v2\/media?parent=18766"}],"curies":[{"name":"wp","href":"https:\/\/api.w.org\/{rel}","templated":true}]}}