{"id":18715,"date":"2022-10-04T04:22:43","date_gmt":"2022-10-04T04:22:43","guid":{"rendered":"https:\/\/motta.uix.store\/electronic\/?page_id=18715"},"modified":"2025-12-10T11:37:46","modified_gmt":"2025-12-10T10:37:46","slug":"gerer-les-cookies","status":"publish","type":"page","link":"https:\/\/serradorabellver.es\/es\/gerer-les-cookies\/","title":{"rendered":"Administrar cookies"},"content":{"rendered":"<div data-elementor-type=\"wp-page\" data-elementor-id=\"18715\" class=\"elementor elementor-18715\">\n\t\t\t\t<div class=\"elementor-element elementor-element-45694cf e-flex e-con-boxed e-con e-parent\" data-id=\"45694cf\" data-element_type=\"container\">\n\t\t\t\t\t<div class=\"e-con-inner\">\n\t\t\t\t<div class=\"elementor-element elementor-element-6c2127f elementor-widget elementor-widget-text-editor\" data-id=\"6c2127f\" data-element_type=\"widget\" data-widget_type=\"text-editor.default\">\n\t\t\t\t\t\t\t\t\t<p data-start=\"391\" data-end=\"720\">Bienvenido a <strong data-start=\"405\" data-end=\"428\">Serradora Bellver Sl<\/strong>, su socio de confianza para una calefacci\u00f3n natural, econ\u00f3mica y sostenible.<br data-start=\"513\" data-end=\"516\" \/>Nos especializamos en la venta de le\u00f1a, pellets y otras fuentes de energ\u00eda renovables para particulares y profesionales de toda Europa.<\/p>\n\n\n<hr data-start=\"722\" data-end=\"725\" \/>\n\n<h3 data-start=\"727\">Nuestra misi\u00f3n:<\/h3>\nproporcionarle calefacci\u00f3n natural. En Serradora Bellver Sl, creemos que la comodidad de su hogar no debe ir en detrimento del planeta. Por eso, seleccionamos cuidadosamente madera procedente de bosques gestionados de forma sostenible. <strong data-start=\"1003\" data-end=\"1024\">pellets certificados<\/strong> y <strong data-start=\"1032\" data-end=\"1073\">productos de alta eficiencia energ\u00e9tica<\/strong>.\n<p data-start=\"1078\" data-end=\"1269\">Nuestro objetivo es simple:<br data-start=\"1105\" data-end=\"1108\" \/><img decoding=\"async\" class=\"emoji\" role=\"img\" draggable=\"false\" src=\"https:\/\/s.w.org\/images\/core\/emoji\/16.0.1\/svg\/27a1.svg\" alt=\"\u27a1\ufe0f\" \/> Ofrecerle calor natural, econ\u00f3mico y ecol\u00f3gico, garantizando una calidad superior y una entrega r\u00e1pida a domicilio.<\/p>\n\n\n<hr data-start=\"1271\" data-end=\"1274\" \/>\n\n<h3 data-start=\"1276\" data-end=\"1295\">Nuestros productos<\/h3>\n<p data-start=\"1296\" data-end=\"1371\">Ofrecemos una amplia gama de combustibles de madera para todas sus necesidades:<\/p>\n\n<ul data-start=\"1373\" data-end=\"1619\">\n \t<li data-start=\"1373\" data-end=\"1441\">\n<p data-start=\"1375\" data-end=\"1441\"><strong data-start=\"1375\" data-end=\"1396\">Le\u00f1a<\/strong> (le\u00f1os partidos, secos, listos para quemar)<\/p>\n<\/li>\n \t<li data-start=\"1442\" data-end=\"1494\">\n<p data-start=\"1444\" data-end=\"1494\"><strong data-start=\"1444\" data-end=\"1474\">Pellets de madera de alto rendimiento<\/strong><\/p>\n<\/li>\n \t<li data-start=\"1495\" data-end=\"1533\">\n<p data-start=\"1497\" data-end=\"1533\"><strong data-start=\"1497\" data-end=\"1519\">Briquetas de madera comprimidas<\/strong><\/p>\n<\/li>\n \t<li data-start=\"1534\" data-end=\"1565\">\n<p data-start=\"1536\" data-end=\"1565\"><strong data-start=\"1536\" data-end=\"1563\">Pastillas de encendido ecol\u00f3gicas<\/strong><\/p>\n<\/li>\n \t<li data-start=\"1566\" data-end=\"1619\">\n<p data-start=\"1568\" data-end=\"1619\"><strong data-start=\"1568\" data-end=\"1619\">Accesorios para el almacenamiento y mantenimiento de estufas<\/strong><\/p>\n<\/li>\n<\/ul>\n<p data-start=\"1621\" data-end=\"1732\">Todos nuestros productos est\u00e1n probados y certificados seg\u00fan las normas europeas de calidad y eficiencia energ\u00e9tica.<\/p>\n\n\n<hr data-start=\"1734\" data-end=\"1737\" \/>\n\n<h3 data-start=\"1739\" data-end=\"1772\"><img decoding=\"async\" class=\"emoji\" role=\"img\" draggable=\"false\" src=\"https:\/\/s.w.org\/images\/core\/emoji\/16.0.1\/svg\/1f69a.svg\" alt=\"\ud83d\ude9a\" \/> Entrega r\u00e1pida y fiable<\/h3>\nTrabajamos con <strong data-start=\"1799\" data-end=\"1828\">transportistas especializados<\/strong> en el env\u00edo de le\u00f1a para garantizar:\n<ul data-start=\"1888\" data-end=\"2054\">\n \t<li data-start=\"1888\" data-end=\"1948\">\n<p data-start=\"1890\" data-end=\"1948\">Entrega r\u00e1pida en toda Spain y Europa,<\/p>\n<\/li>\n \t<li data-start=\"1949\" data-end=\"1991\">\n<p data-start=\"1951\" data-end=\"1991\">Seguimiento preciso de los pedidos,<\/p>\n<\/li>\n \t<li data-start=\"1992\" data-end=\"2054\">\n<p data-start=\"1994\" data-end=\"2054\">Y una presentaci\u00f3n profesional de sus palets o Cordones.<\/p>\n<\/li>\n<\/ul>\nNuestra red log\u00edstica nos permite entregar directamente a su domicilio, en pal\u00e9s o a granel, seg\u00fan sus necesidades.\n\n<hr data-start=\"2179\" data-end=\"2182\" \/>\n\n<h3 data-start=\"2184\" data-end=\"2234\"><img decoding=\"async\" class=\"emoji\" role=\"img\" draggable=\"false\" src=\"https:\/\/s.w.org\/images\/core\/emoji\/16.0.1\/svg\/1f30d.svg\" alt=\"\ud83c\udf0d\" \/> Un eUna empresa comprometida con el medio ambiente<\/h3>\n<p data-start=\"2235\" data-end=\"2319\">Nos enorgullece promover la <strong data-start=\"2284\" data-end=\"2317\">energ\u00eda limpia y responsable<\/strong>:<\/p>\n\n<ul data-start=\"2320\" data-end=\"2495\">\n \t<li data-start=\"2320\" data-end=\"2367\">\n<p data-start=\"2322\" data-end=\"2367\">Madera procedente de <strong data-start=\"2335\" data-end=\"2365\">bosques locales y sostenibles<\/strong><\/p>\n<\/li>\n \t<li data-start=\"2368\" data-end=\"2432\">\n<p data-start=\"2370\" data-end=\"2432\">Reducci\u00f3n de la huella de carbono mediante cadenas de suministro cortas<\/p>\n<\/li>\n \t<li data-start=\"2433\" data-end=\"2495\">\n<p data-start=\"2435\" data-end=\"2495\">Embalaje reciclable y socios con certificaci\u00f3n PEFC\/FSC<\/p>\n<\/li>\n<\/ul>\n<p data-start=\"2497\" data-end=\"2624\">Cada compra en <strong data-start=\"2514\" data-end=\"2537\">Serradora Bellver Sl<\/strong> contribuye a apoyar una <strong data-start=\"2563\" data-end=\"2594\">econom\u00eda forestal sostenible<\/strong> y a preservar nuestro planeta.<\/p>\n\n\n<hr data-start=\"2626\" data-end=\"2629\" \/>\n\n<h3 data-start=\"2631\" data-end=\"2652\"><img decoding=\"async\" class=\"emoji\" role=\"img\" draggable=\"false\" src=\"https:\/\/s.w.org\/images\/core\/emoji\/16.0.1\/svg\/1f91d.svg\" alt=\"\ud83e\udd1d\" \/> Nuestra promesa<\/h3>\n<ul data-start=\"2653\" data-end=\"2799\">\n \t<li data-start=\"2653\" data-end=\"2683\">\n<p data-start=\"2655\" data-end=\"2683\"><img decoding=\"async\" class=\"emoji\" role=\"img\" draggable=\"false\" src=\"https:\/\/s.w.org\/images\/core\/emoji\/16.0.1\/svg\/1f512.svg\" alt=\"\ud83d\udd12\" \/> Pago 100% seguro<\/p>\n<\/li>\n \t<li data-start=\"2684\" data-end=\"2709\">\n<p data-start=\"2686\" data-end=\"2709\"><img decoding=\"async\" class=\"emoji\" role=\"img\" draggable=\"false\" src=\"https:\/\/s.w.org\/images\/core\/emoji\/16.0.1\/svg\/1f4e6.svg\" alt=\"\ud83d\udce6\" \/> Entrega garantizada<\/p>\n<\/li>\n \t<li data-start=\"2710\" data-end=\"2756\">\n<p data-start=\"2712\" data-end=\"2756\"><img decoding=\"async\" class=\"emoji\" role=\"img\" draggable=\"false\" src=\"https:\/\/s.w.org\/images\/core\/emoji\/16.0.1\/svg\/1f4ac.svg\" alt=\"\ud83d\udcac\" \/> Servicio al cliente atento y profesional<\/p>\n<\/li>\n \t<li data-start=\"2757\" data-end=\"2799\">\n<p data-start=\"2759\" data-end=\"2799\"><img decoding=\"async\" class=\"emoji\" role=\"img\" draggable=\"false\" src=\"https:\/\/s.w.org\/images\/core\/emoji\/16.0.1\/svg\/1f4b0.svg\" alt=\"\ud83d\udcb0\" \/> Precios transparentes sin cargos ocultos<\/p>\n<\/li>\n<\/ul>\n<p data-start=\"2801\" data-end=\"2925\">En <strong data-start=\"2806\" data-end=\"2829\">Serradora Bellver Sl<\/strong>, queremos que cada cliente disfrute de la <strong data-start=\"2876\" data-end=\"2905\">calidez natural de la madera<\/strong> con total confianza.<\/p>\n\n\n<hr data-start=\"2927\" data-end=\"2930\" \/>\n\n<h3 data-start=\"2932\">Cont\u00e1ctanos<\/h3>\n<p data-start=\"2954\" data-end=\"3069\">\u00bfTienes alguna pregunta, necesitas asesoramiento o un presupuesto personalizado?<br data-start=\"3026\" data-end=\"3029\" \/>Nuestro equipo est\u00e1 a tu servicio:<\/p>\n<p data-start=\"3071\" data-end=\"3164\"><img decoding=\"async\" class=\"emoji\" role=\"img\" draggable=\"false\" src=\"https:\/\/s.w.org\/images\/core\/emoji\/16.0.1\/svg\/1f4e7.svg\" alt=\"\ud83d\udce7\" \/> <strong data-start=\"3074\" data-end=\"3105\"><a class=\"decorated-link cursor-pointer\" rel=\"noopener\" data-start=\"3076\" data-end=\"3103\">contacto@serradorabellver.es<\/a><\/strong><br data-start=\"3105\" data-end=\"3108\" \/><img decoding=\"async\" class=\"emoji\" src=\"https:\/\/s.w.org\/images\/core\/emoji\/16.0.1\/svg\/1f4de.svg\" alt=\"\ud83d\udcde\" \/> <strong>+34 602 37 21 51<\/strong><\/p>\t\t\t\t\t\t\t\t<\/div>\n\t\t\t\t\t<\/div>\n\t\t\t\t<\/div>\n\t\t\t\t<\/div>","protected":false},"excerpt":{"rendered":"<p>Bienvenido a Serradora Bellver Sl, su socio de confianza para una calefacci\u00f3n natural, econ\u00f3mica y sostenible.Nos especializamos en la venta de le\u00f1a, pellets y otras fuentes de energ\u00eda renovables para particulares y profesionales de toda Europa. Nuestra misi\u00f3n: proporcionarle calefacci\u00f3n natural. En Serradora Bellver Sl, creemos que la comodidad de su hogar no debe ir [&hellip;]<\/p>\n","protected":false},"author":3,"featured_media":0,"parent":0,"menu_order":0,"comment_status":"closed","ping_status":"closed","template":"","meta":{"footnotes":""},"class_list":["post-18715","page","type-page","status-publish","hentry"],"yoast_head":"<!-- This site is optimized with the Yoast SEO Premium plugin v26.1 (Yoast SEO v26.5) - https:\/\/yoast.com\/wordpress\/plugins\/seo\/ -->\n<title>Administrar cookies - SERRADORA BELLVER SL<\/title>\n<meta name=\"robots\" content=\"noindex, follow, max-snippet:-1, max-image-preview:large, max-video-preview:-1\" \/>\n<meta property=\"og:locale\" content=\"es_MX\" \/>\n<meta property=\"og:type\" content=\"article\" \/>\n<meta property=\"og:title\" content=\"Administrar cookies\" \/>\n<meta property=\"og:description\" content=\"Bienvenido a Serradora Bellver Sl, su socio de confianza para una calefacci\u00f3n natural, econ\u00f3mica y sostenible.Nos especializamos en la venta de le\u00f1a, pellets y otras fuentes de energ\u00eda renovables para particulares y profesionales de toda Europa. Nuestra misi\u00f3n: proporcionarle calefacci\u00f3n natural. En Serradora Bellver Sl, creemos que la comodidad de su hogar no debe ir [&hellip;]\" \/>\n<meta property=\"og:url\" content=\"https:\/\/serradorabellver.es\/es\/gerer-les-cookies\/\" \/>\n<meta property=\"og:site_name\" content=\"SERRADORA BELLVER SL\" \/>\n<meta property=\"article:modified_time\" content=\"2025-12-10T10:37:46+00:00\" \/>\n<meta property=\"og:image\" content=\"https:\/\/s.w.org\/images\/core\/emoji\/16.0.1\/svg\/27a1.svg\" \/>\n<meta name=\"twitter:card\" content=\"summary_large_image\" \/>\n<meta name=\"twitter:label1\" content=\"Tiempo de lectura\" \/>\n\t<meta name=\"twitter:data1\" content=\"4 minutos\" \/>\n<script type=\"application\/ld+json\" class=\"yoast-schema-graph\">{\"@context\":\"https:\/\/schema.org\",\"@graph\":[{\"@type\":\"WebPage\",\"@id\":\"https:\/\/serradorabellver.es\/gerer-les-cookies\/\",\"url\":\"https:\/\/serradorabellver.es\/gerer-les-cookies\/\",\"name\":\"Administrar cookies - SERRADORA BELLVER SL\",\"isPartOf\":{\"@id\":\"https:\/\/serradorabellver.es\/#website\"},\"primaryImageOfPage\":{\"@id\":\"https:\/\/serradorabellver.es\/gerer-les-cookies\/#primaryimage\"},\"image\":{\"@id\":\"https:\/\/serradorabellver.es\/gerer-les-cookies\/#primaryimage\"},\"thumbnailUrl\":\"https:\/\/s.w.org\/images\/core\/emoji\/16.0.1\/svg\/27a1.svg\",\"datePublished\":\"2022-10-04T04:22:43+00:00\",\"dateModified\":\"2025-12-10T10:37:46+00:00\",\"breadcrumb\":{\"@id\":\"https:\/\/serradorabellver.es\/gerer-les-cookies\/#breadcrumb\"},\"inLanguage\":\"es\",\"potentialAction\":[{\"@type\":\"ReadAction\",\"target\":[\"https:\/\/serradorabellver.es\/gerer-les-cookies\/\"]}]},{\"@type\":\"ImageObject\",\"inLanguage\":\"es\",\"@id\":\"https:\/\/serradorabellver.es\/gerer-les-cookies\/#primaryimage\",\"url\":\"https:\/\/s.w.org\/images\/core\/emoji\/16.0.1\/svg\/27a1.svg\",\"contentUrl\":\"https:\/\/s.w.org\/images\/core\/emoji\/16.0.1\/svg\/27a1.svg\"},{\"@type\":\"BreadcrumbList\",\"@id\":\"https:\/\/serradorabellver.es\/gerer-les-cookies\/#breadcrumb\",\"itemListElement\":[{\"@type\":\"ListItem\",\"position\":1,\"name\":\"Accueil\",\"item\":\"https:\/\/serradorabellver.es\/\"},{\"@type\":\"ListItem\",\"position\":2,\"name\":\"Administrar cookies\"}]},{\"@type\":\"WebSite\",\"@id\":\"https:\/\/serradorabellver.es\/#website\",\"url\":\"https:\/\/serradorabellver.es\/\",\"name\":\"SERRADORA BELLVER SL\",\"description\":\"La mejor madera, est\u00e9s donde est\u00e9s en Espa\u00f1a.\",\"publisher\":{\"@id\":\"https:\/\/serradorabellver.es\/#organization\"},\"potentialAction\":[{\"@type\":\"SearchAction\",\"target\":{\"@type\":\"EntryPoint\",\"urlTemplate\":\"https:\/\/serradorabellver.es\/?s={search_term_string}\"},\"query-input\":{\"@type\":\"PropertyValueSpecification\",\"valueRequired\":true,\"valueName\":\"search_term_string\"}}],\"inLanguage\":\"es\"},{\"@type\":\"Organization\",\"@id\":\"https:\/\/serradorabellver.es\/#organization\",\"name\":\"SERRADORA BELLVER SL\",\"url\":\"https:\/\/serradorabellver.es\/\",\"logo\":{\"@type\":\"ImageObject\",\"inLanguage\":\"es\",\"@id\":\"https:\/\/serradorabellver.es\/#\/schema\/logo\/image\/\",\"url\":\"http:\/\/serradorabellver.es\/wp-content\/uploads\/2025\/12\/ff2bfef6-7920-48cb-90f7-56c7a87576a8-removebg-preview.png\",\"contentUrl\":\"http:\/\/serradorabellver.es\/wp-content\/uploads\/2025\/12\/ff2bfef6-7920-48cb-90f7-56c7a87576a8-removebg-preview.png\",\"width\":444,\"height\":148,\"caption\":\"SERRADORA BELLVER SL\"},\"image\":{\"@id\":\"https:\/\/serradorabellver.es\/#\/schema\/logo\/image\/\"}}]}<\/script>\n<!-- \/ Yoast SEO Premium plugin. -->","yoast_head_json":{"title":"Administrar cookies - SERRADORA BELLVER SL","robots":{"index":"noindex","follow":"follow","max-snippet":"max-snippet:-1","max-image-preview":"max-image-preview:large","max-video-preview":"max-video-preview:-1"},"og_locale":"es_MX","og_type":"article","og_title":"Administrar cookies","og_description":"Bienvenido a Serradora Bellver Sl, su socio de confianza para una calefacci\u00f3n natural, econ\u00f3mica y sostenible.Nos especializamos en la venta de le\u00f1a, pellets y otras fuentes de energ\u00eda renovables para particulares y profesionales de toda Europa. Nuestra misi\u00f3n: proporcionarle calefacci\u00f3n natural. En Serradora Bellver Sl, creemos que la comodidad de su hogar no debe ir [&hellip;]","og_url":"https:\/\/serradorabellver.es\/es\/gerer-les-cookies\/","og_site_name":"SERRADORA BELLVER SL","article_modified_time":"2025-12-10T10:37:46+00:00","og_image":[{"url":"https:\/\/s.w.org\/images\/core\/emoji\/16.0.1\/svg\/27a1.svg","type":"","width":"","height":""}],"twitter_card":"summary_large_image","twitter_misc":{"Tiempo de lectura":"4 minutos"},"schema":{"@context":"https:\/\/schema.org","@graph":[{"@type":"WebPage","@id":"https:\/\/serradorabellver.es\/gerer-les-cookies\/","url":"https:\/\/serradorabellver.es\/gerer-les-cookies\/","name":"Administrar cookies - SERRADORA BELLVER SL","isPartOf":{"@id":"https:\/\/serradorabellver.es\/#website"},"primaryImageOfPage":{"@id":"https:\/\/serradorabellver.es\/gerer-les-cookies\/#primaryimage"},"image":{"@id":"https:\/\/serradorabellver.es\/gerer-les-cookies\/#primaryimage"},"thumbnailUrl":"https:\/\/s.w.org\/images\/core\/emoji\/16.0.1\/svg\/27a1.svg","datePublished":"2022-10-04T04:22:43+00:00","dateModified":"2025-12-10T10:37:46+00:00","breadcrumb":{"@id":"https:\/\/serradorabellver.es\/gerer-les-cookies\/#breadcrumb"},"inLanguage":"es","potentialAction":[{"@type":"ReadAction","target":["https:\/\/serradorabellver.es\/gerer-les-cookies\/"]}]},{"@type":"ImageObject","inLanguage":"es","@id":"https:\/\/serradorabellver.es\/gerer-les-cookies\/#primaryimage","url":"https:\/\/s.w.org\/images\/core\/emoji\/16.0.1\/svg\/27a1.svg","contentUrl":"https:\/\/s.w.org\/images\/core\/emoji\/16.0.1\/svg\/27a1.svg"},{"@type":"BreadcrumbList","@id":"https:\/\/serradorabellver.es\/gerer-les-cookies\/#breadcrumb","itemListElement":[{"@type":"ListItem","position":1,"name":"Accueil","item":"https:\/\/serradorabellver.es\/"},{"@type":"ListItem","position":2,"name":"Administrar cookies"}]},{"@type":"WebSite","@id":"https:\/\/serradorabellver.es\/#website","url":"https:\/\/serradorabellver.es\/","name":"SERRADORA BELLVER SL","description":"La mejor madera, est\u00e9s donde est\u00e9s en Espa\u00f1a.","publisher":{"@id":"https:\/\/serradorabellver.es\/#organization"},"potentialAction":[{"@type":"SearchAction","target":{"@type":"EntryPoint","urlTemplate":"https:\/\/serradorabellver.es\/?s={search_term_string}"},"query-input":{"@type":"PropertyValueSpecification","valueRequired":true,"valueName":"search_term_string"}}],"inLanguage":"es"},{"@type":"Organization","@id":"https:\/\/serradorabellver.es\/#organization","name":"SERRADORA BELLVER SL","url":"https:\/\/serradorabellver.es\/","logo":{"@type":"ImageObject","inLanguage":"es","@id":"https:\/\/serradorabellver.es\/#\/schema\/logo\/image\/","url":"http:\/\/serradorabellver.es\/wp-content\/uploads\/2025\/12\/ff2bfef6-7920-48cb-90f7-56c7a87576a8-removebg-preview.png","contentUrl":"http:\/\/serradorabellver.es\/wp-content\/uploads\/2025\/12\/ff2bfef6-7920-48cb-90f7-56c7a87576a8-removebg-preview.png","width":444,"height":148,"caption":"SERRADORA BELLVER SL"},"image":{"@id":"https:\/\/serradorabellver.es\/#\/schema\/logo\/image\/"}}]}},"jetpack_sharing_enabled":true,"_links":{"self":[{"href":"https:\/\/serradorabellver.es\/es\/wp-json\/wp\/v2\/pages\/18715","targetHints":{"allow":["GET"]}}],"collection":[{"href":"https:\/\/serradorabellver.es\/es\/wp-json\/wp\/v2\/pages"}],"about":[{"href":"https:\/\/serradorabellver.es\/es\/wp-json\/wp\/v2\/types\/page"}],"author":[{"embeddable":true,"href":"https:\/\/serradorabellver.es\/es\/wp-json\/wp\/v2\/users\/3"}],"replies":[{"embeddable":true,"href":"https:\/\/serradorabellver.es\/es\/wp-json\/wp\/v2\/comments?post=18715"}],"version-history":[{"count":17,"href":"https:\/\/serradorabellver.es\/es\/wp-json\/wp\/v2\/pages\/18715\/revisions"}],"predecessor-version":[{"id":22190,"href":"https:\/\/serradorabellver.es\/es\/wp-json\/wp\/v2\/pages\/18715\/revisions\/22190"}],"wp:attachment":[{"href":"https:\/\/serradorabellver.es\/es\/wp-json\/wp\/v2\/media?parent=18715"}],"curies":[{"name":"wp","href":"https:\/\/api.w.org\/{rel}","templated":true}]}}