{"id":15,"date":"2025-11-04T13:01:31","date_gmt":"2025-11-04T12:01:31","guid":{"rendered":"https:\/\/serradorabellver.es\/wishlist\/"},"modified":"2026-02-18T20:49:01","modified_gmt":"2026-02-18T19:49:01","slug":"wishlist","status":"publish","type":"page","link":"https:\/\/serradorabellver.es\/es\/wishlist\/","title":{"rendered":"Favoritos"},"content":{"rendered":"<div class=\"woocommerce wocommerce-wishlist wcboost-wishlist\"><div class=\"wishlist-empty-form\">\n\t<div class=\"wishlist-empty-icon\">\n\t\t<span class=\"motta-button__icon\"><span class=\"motta-svg-icon motta-svg-icon--wishlist\" ><svg width=\"24\" height=\"24\" aria-hidden=\"true\" role=\"img\" focusable=\"false\" viewbox=\"0 0 32 32\"><path d=\"M22.736 6.4v0c1.792 0 3.44 1.12 4.128 2.768 0.8 1.92 0.112 4.144-1.856 6.112l-9.024 8.992-9.024-8.976c-1.984-1.984-2.64-4.144-1.824-6.080 0.688-1.68 2.352-2.8 4.144-2.8 1.504 0 3.040 0.752 4.448 2.16l2.256 2.256 2.256-2.256c1.44-1.424 2.992-2.176 4.496-2.176zM22.736 3.2c-2.176 0-4.544 0.912-6.752 3.104-2.192-2.176-4.544-3.088-6.704-3.088-6.368 0-11.040 7.904-4.576 14.336l11.28 11.248 11.28-11.248c6.496-6.448 1.856-14.352-4.528-14.352v0z\"><\/path><\/svg><\/span><\/span>\n\t<\/div>\n\n\t<div class=\"wishlist-empty woocommerce-info\">\n\t\tLooks like you don&rsquo;t have anything saved\t<\/div>\n\t<div class=\"wishlist-empty woocommerce-info-description\">\n\t\tSign in to sync your Saved Items across all your devices.\t<\/div>\n\n\t<p class=\"return-to-shop\">\n\t\t<a href=\"https:\/\/serradorabellver.es\/es\/mon-compte\/\" class=\"button wc-backward\">Sign in<\/a>\t<\/p>\n<\/div>\n\n<\/div>","protected":false},"excerpt":{"rendered":"","protected":false},"author":3,"featured_media":0,"parent":0,"menu_order":0,"comment_status":"closed","ping_status":"closed","template":"","meta":{"footnotes":""},"class_list":["post-15","page","type-page","status-publish","hentry"],"yoast_head":"<!-- This site is optimized with the Yoast SEO Premium plugin v26.1 (Yoast SEO v26.5) - https:\/\/yoast.com\/wordpress\/plugins\/seo\/ -->\n<title>Favoritos - SERRADORA BELLVER SL<\/title>\n<meta name=\"robots\" content=\"noindex, follow, max-snippet:-1, max-image-preview:large, max-video-preview:-1\" \/>\n<meta property=\"og:locale\" content=\"es_MX\" \/>\n<meta property=\"og:type\" content=\"article\" \/>\n<meta property=\"og:title\" content=\"Favoritos\" \/>\n<meta property=\"og:url\" content=\"https:\/\/serradorabellver.es\/es\/wishlist\/\" \/>\n<meta property=\"og:site_name\" content=\"SERRADORA BELLVER SL\" \/>\n<meta property=\"article:modified_time\" content=\"2026-02-18T19:49:01+00:00\" \/>\n<meta name=\"twitter:card\" content=\"summary_large_image\" \/>\n<meta name=\"twitter:label1\" content=\"Tiempo de lectura\" \/>\n\t<meta name=\"twitter:data1\" content=\"1 minuto\" \/>\n<script type=\"application\/ld+json\" class=\"yoast-schema-graph\">{\"@context\":\"https:\/\/schema.org\",\"@graph\":[{\"@type\":\"WebPage\",\"@id\":\"https:\/\/serradorabellver.es\/wishlist\/\",\"url\":\"https:\/\/serradorabellver.es\/wishlist\/\",\"name\":\"Favoritos - SERRADORA BELLVER SL\",\"isPartOf\":{\"@id\":\"https:\/\/serradorabellver.es\/#website\"},\"datePublished\":\"2025-11-04T12:01:31+00:00\",\"dateModified\":\"2026-02-18T19:49:01+00:00\",\"breadcrumb\":{\"@id\":\"https:\/\/serradorabellver.es\/wishlist\/#breadcrumb\"},\"inLanguage\":\"es\",\"potentialAction\":[{\"@type\":\"ReadAction\",\"target\":[\"https:\/\/serradorabellver.es\/wishlist\/\"]}]},{\"@type\":\"BreadcrumbList\",\"@id\":\"https:\/\/serradorabellver.es\/wishlist\/#breadcrumb\",\"itemListElement\":[{\"@type\":\"ListItem\",\"position\":1,\"name\":\"Accueil\",\"item\":\"https:\/\/serradorabellver.es\/\"},{\"@type\":\"ListItem\",\"position\":2,\"name\":\"Favoritos\"}]},{\"@type\":\"WebSite\",\"@id\":\"https:\/\/serradorabellver.es\/#website\",\"url\":\"https:\/\/serradorabellver.es\/\",\"name\":\"SERRADORA BELLVER SL\",\"description\":\"La mejor madera, est\u00e9s donde est\u00e9s en Espa\u00f1a.\",\"publisher\":{\"@id\":\"https:\/\/serradorabellver.es\/#organization\"},\"potentialAction\":[{\"@type\":\"SearchAction\",\"target\":{\"@type\":\"EntryPoint\",\"urlTemplate\":\"https:\/\/serradorabellver.es\/?s={search_term_string}\"},\"query-input\":{\"@type\":\"PropertyValueSpecification\",\"valueRequired\":true,\"valueName\":\"search_term_string\"}}],\"inLanguage\":\"es\"},{\"@type\":\"Organization\",\"@id\":\"https:\/\/serradorabellver.es\/#organization\",\"name\":\"SERRADORA BELLVER SL\",\"url\":\"https:\/\/serradorabellver.es\/\",\"logo\":{\"@type\":\"ImageObject\",\"inLanguage\":\"es\",\"@id\":\"https:\/\/serradorabellver.es\/#\/schema\/logo\/image\/\",\"url\":\"http:\/\/serradorabellver.es\/wp-content\/uploads\/2025\/12\/ff2bfef6-7920-48cb-90f7-56c7a87576a8-removebg-preview.png\",\"contentUrl\":\"http:\/\/serradorabellver.es\/wp-content\/uploads\/2025\/12\/ff2bfef6-7920-48cb-90f7-56c7a87576a8-removebg-preview.png\",\"width\":444,\"height\":148,\"caption\":\"SERRADORA BELLVER SL\"},\"image\":{\"@id\":\"https:\/\/serradorabellver.es\/#\/schema\/logo\/image\/\"}}]}<\/script>\n<!-- \/ Yoast SEO Premium plugin. -->","yoast_head_json":{"title":"Favoritos - SERRADORA BELLVER SL","robots":{"index":"noindex","follow":"follow","max-snippet":"max-snippet:-1","max-image-preview":"max-image-preview:large","max-video-preview":"max-video-preview:-1"},"og_locale":"es_MX","og_type":"article","og_title":"Favoritos","og_url":"https:\/\/serradorabellver.es\/es\/wishlist\/","og_site_name":"SERRADORA BELLVER SL","article_modified_time":"2026-02-18T19:49:01+00:00","twitter_card":"summary_large_image","twitter_misc":{"Tiempo de lectura":"1 minuto"},"schema":{"@context":"https:\/\/schema.org","@graph":[{"@type":"WebPage","@id":"https:\/\/serradorabellver.es\/wishlist\/","url":"https:\/\/serradorabellver.es\/wishlist\/","name":"Favoritos - SERRADORA BELLVER SL","isPartOf":{"@id":"https:\/\/serradorabellver.es\/#website"},"datePublished":"2025-11-04T12:01:31+00:00","dateModified":"2026-02-18T19:49:01+00:00","breadcrumb":{"@id":"https:\/\/serradorabellver.es\/wishlist\/#breadcrumb"},"inLanguage":"es","potentialAction":[{"@type":"ReadAction","target":["https:\/\/serradorabellver.es\/wishlist\/"]}]},{"@type":"BreadcrumbList","@id":"https:\/\/serradorabellver.es\/wishlist\/#breadcrumb","itemListElement":[{"@type":"ListItem","position":1,"name":"Accueil","item":"https:\/\/serradorabellver.es\/"},{"@type":"ListItem","position":2,"name":"Favoritos"}]},{"@type":"WebSite","@id":"https:\/\/serradorabellver.es\/#website","url":"https:\/\/serradorabellver.es\/","name":"SERRADORA BELLVER SL","description":"La mejor madera, est\u00e9s donde est\u00e9s en Espa\u00f1a.","publisher":{"@id":"https:\/\/serradorabellver.es\/#organization"},"potentialAction":[{"@type":"SearchAction","target":{"@type":"EntryPoint","urlTemplate":"https:\/\/serradorabellver.es\/?s={search_term_string}"},"query-input":{"@type":"PropertyValueSpecification","valueRequired":true,"valueName":"search_term_string"}}],"inLanguage":"es"},{"@type":"Organization","@id":"https:\/\/serradorabellver.es\/#organization","name":"SERRADORA BELLVER SL","url":"https:\/\/serradorabellver.es\/","logo":{"@type":"ImageObject","inLanguage":"es","@id":"https:\/\/serradorabellver.es\/#\/schema\/logo\/image\/","url":"http:\/\/serradorabellver.es\/wp-content\/uploads\/2025\/12\/ff2bfef6-7920-48cb-90f7-56c7a87576a8-removebg-preview.png","contentUrl":"http:\/\/serradorabellver.es\/wp-content\/uploads\/2025\/12\/ff2bfef6-7920-48cb-90f7-56c7a87576a8-removebg-preview.png","width":444,"height":148,"caption":"SERRADORA BELLVER SL"},"image":{"@id":"https:\/\/serradorabellver.es\/#\/schema\/logo\/image\/"}}]}},"jetpack_sharing_enabled":true,"_links":{"self":[{"href":"https:\/\/serradorabellver.es\/es\/wp-json\/wp\/v2\/pages\/15","targetHints":{"allow":["GET"]}}],"collection":[{"href":"https:\/\/serradorabellver.es\/es\/wp-json\/wp\/v2\/pages"}],"about":[{"href":"https:\/\/serradorabellver.es\/es\/wp-json\/wp\/v2\/types\/page"}],"author":[{"embeddable":true,"href":"https:\/\/serradorabellver.es\/es\/wp-json\/wp\/v2\/users\/3"}],"replies":[{"embeddable":true,"href":"https:\/\/serradorabellver.es\/es\/wp-json\/wp\/v2\/comments?post=15"}],"version-history":[{"count":2,"href":"https:\/\/serradorabellver.es\/es\/wp-json\/wp\/v2\/pages\/15\/revisions"}],"predecessor-version":[{"id":22251,"href":"https:\/\/serradorabellver.es\/es\/wp-json\/wp\/v2\/pages\/15\/revisions\/22251"}],"wp:attachment":[{"href":"https:\/\/serradorabellver.es\/es\/wp-json\/wp\/v2\/media?parent=15"}],"curies":[{"name":"wp","href":"https:\/\/api.w.org\/{rel}","templated":true}]}}