{"id":114,"date":"2022-04-13T03:25:32","date_gmt":"2022-04-13T03:25:32","guid":{"rendered":"https:\/\/demo3.drfuri.com\/motta\/?page_id=114"},"modified":"2025-12-10T11:40:05","modified_gmt":"2025-12-10T10:40:05","slug":"sobre-nosotros","status":"publish","type":"page","link":"https:\/\/serradorabellver.es\/es\/sobre-nosotros\/","title":{"rendered":"Sobre nosotros"},"content":{"rendered":"<div data-elementor-type=\"wp-page\" data-elementor-id=\"114\" class=\"elementor elementor-114\">\n\t\t\t\t\t\t<section class=\"elementor-section elementor-top-section elementor-element elementor-element-20181347 elementor-section-stretched elementor-section-boxed elementor-section-height-default elementor-section-height-default motta-responsive-column motta-tablet-column--default motta-responsive-column motta-mobile-column--default\" data-id=\"20181347\" data-element_type=\"section\" data-settings=\"{&quot;stretch_section&quot;:&quot;section-stretched&quot;}\">\n\t\t\t\t\t\t<div class=\"elementor-container elementor-column-gap-default\">\n\t\t\t\t\t<div class=\"elementor-column elementor-col-100 elementor-top-column elementor-element elementor-element-1a40414\" data-id=\"1a40414\" data-element_type=\"column\">\n\t\t\t<div class=\"elementor-widget-wrap elementor-element-populated\">\n\t\t\t\t\t\t<div class=\"elementor-element elementor-element-10c903d elementor-widget elementor-widget-motta-heading\" data-id=\"10c903d\" data-element_type=\"widget\" data-widget_type=\"motta-heading.default\">\n\t\t\t\t<div class=\"elementor-widget-container\">\n\t\t\t\t\t\t\t<div class=\"motta-heading-elementor motta-heading__button-on\">\n\t\t\t\t<div class=\"motta-heading motta-heading--default\">\n\t\t\t\t\tSobre nosotros\t\t\t\t<\/div>\n\t\t\t\t\t\t\t<\/div>\n\t\t\t\t\t\t<\/div>\n\t\t\t\t<\/div>\n\t\t\t\t\t<\/div>\n\t\t<\/div>\n\t\t\t\t\t<\/div>\n\t\t<\/section>\n\t\t\t\t<section class=\"elementor-section elementor-top-section elementor-element elementor-element-134c8919 elementor-section-stretched elementor-section-boxed elementor-section-height-default elementor-section-height-default motta-responsive-column motta-tablet-column--default motta-responsive-column motta-mobile-column--default\" data-id=\"134c8919\" data-element_type=\"section\" data-settings=\"{&quot;stretch_section&quot;:&quot;section-stretched&quot;}\">\n\t\t\t\t\t\t<div class=\"elementor-container elementor-column-gap-no\">\n\t\t\t\t\t<div class=\"elementor-column elementor-col-100 elementor-top-column elementor-element elementor-element-719cca2f\" data-id=\"719cca2f\" data-element_type=\"column\">\n\t\t\t<div class=\"elementor-widget-wrap elementor-element-populated\">\n\t\t\t\t\t\t<div class=\"elementor-element elementor-element-e433736 elementor-widget elementor-widget-text-editor\" data-id=\"e433736\" data-element_type=\"widget\" data-widget_type=\"text-editor.default\">\n\t\t\t\t\t\t\t\t\t<p>Bienvenido a <strong>Serradora Bellver Sl<\/strong>, su socio de confianza para una <strong>calefacci\u00f3n natural, econ\u00f3mica y sostenible<\/strong>.<br \/>Estamos especializados en la <strong>venta de le\u00f1a<\/strong>, <strong>pellets<\/strong> y otras <strong>fuentes de energ\u00eda renovable<\/strong> para particulares y profesionales en toda Europa.<\/p><hr \/><h3><img decoding=\"async\" class=\"emoji\" role=\"img\" draggable=\"false\" src=\"https:\/\/s.w.org\/images\/core\/emoji\/16.0.1\/svg\/1f332.svg\" alt=\"\ud83c\udf32\" \/> Nuestra misi\u00f3n: calentarle de forma natural<\/h3><p>En <strong>Serradora Bellver Sl<\/strong>, creemos que <strong>el confort de su hogar<\/strong> no debe comprometer el planeta.<br \/>Por eso seleccionamos cuidadosamente <strong>maderas procedentes de bosques gestionados de forma sostenible<\/strong>, <strong>pellets certificados<\/strong> y <strong>productos de alto rendimiento energ\u00e9tico<\/strong>.<\/p><p>Nuestro objetivo es sencillo:<br \/><img decoding=\"async\" class=\"emoji\" role=\"img\" draggable=\"false\" src=\"https:\/\/s.w.org\/images\/core\/emoji\/16.0.1\/svg\/27a1.svg\" alt=\"\u27a1\ufe0f\" \/> Ofrecerle <strong>calor natural<\/strong>, <strong>econ\u00f3mico<\/strong> y <strong>ecol\u00f3gico<\/strong>, garantizando siempre una <strong>calidad premium<\/strong> y una <strong>entrega r\u00e1pida<\/strong> a domicilio.<\/p><hr \/><h3><img decoding=\"async\" class=\"emoji\" role=\"img\" draggable=\"false\" src=\"https:\/\/s.w.org\/images\/core\/emoji\/16.0.1\/svg\/1f525.svg\" alt=\"\ud83d\udd25\" \/> Nuestros productos<\/h3><p>Ofrecemos una amplia gama de combustibles de madera para todas las necesidades:<\/p><ul><li><strong>Le\u00f1a<\/strong> (troncos cortados, secos, listos para usar)<\/li><li><strong>Pellets de madera<\/strong> de alto rendimiento<\/li><li><strong>Briquetas de madera<\/strong> prensadas<\/li><li><strong>Encendedores ecol\u00f3gicos<\/strong><\/li><li><strong>Accesorios de almacenamiento y mantenimiento para estufas<\/strong><\/li><\/ul><p>Todos nuestros productos est\u00e1n probados y certificados seg\u00fan las normas europeas de calidad y eficiencia energ\u00e9tica.<\/p><hr \/><h3><img decoding=\"async\" class=\"emoji\" role=\"img\" draggable=\"false\" src=\"https:\/\/s.w.org\/images\/core\/emoji\/16.0.1\/svg\/1f69a.svg\" alt=\"\ud83d\ude9a\" \/> Entrega r\u00e1pida y fiable<\/h3><p>Trabajamos con <strong>transportistas especializados<\/strong> en la entrega de combustibles de madera para garantizarle:<\/p><ul><li><strong>Entrega r\u00e1pida<\/strong> en toda Francia y Europa,<\/li><li><strong>Seguimiento preciso de su pedido<\/strong>,<\/li><li><strong>Presentaci\u00f3n cuidada<\/strong> de sus palets o est\u00e9reos.<\/li><\/ul><p>Nuestra red log\u00edstica nos permite entregarle directamente <strong>a domicilio, en palet o a granel<\/strong>, seg\u00fan sus necesidades.<\/p><hr \/><h3><img decoding=\"async\" class=\"emoji\" role=\"img\" draggable=\"false\" src=\"https:\/\/s.w.org\/images\/core\/emoji\/16.0.1\/svg\/1f30d.svg\" alt=\"\ud83c\udf0d\" \/> Una empresa comprometida con el medio ambiente<\/h3><p>Nos comprometemos a promover una <strong>energ\u00eda limpia y responsable<\/strong>:<\/p><ul><li>Madera procedente de <strong>bosques locales y sostenibles<\/strong><\/li><li>Reducci\u00f3n de la huella de carbono gracias a circuitos cortos<\/li><li>Embalajes reciclables y socios certificados PEFC \/ FSC<\/li><\/ul><p>Cada compra en <strong>Serradora Bellver Sl<\/strong> contribuye a apoyar una <strong>econom\u00eda forestal sostenible<\/strong> y a preservar nuestro planeta.<\/p><hr \/><h3><img decoding=\"async\" class=\"emoji\" role=\"img\" draggable=\"false\" src=\"https:\/\/s.w.org\/images\/core\/emoji\/16.0.1\/svg\/1f91d.svg\" alt=\"\ud83e\udd1d\" \/> Nuestra promesa<\/h3><ul><li><img decoding=\"async\" class=\"emoji\" role=\"img\" draggable=\"false\" src=\"https:\/\/s.w.org\/images\/core\/emoji\/16.0.1\/svg\/1f512.svg\" alt=\"\ud83d\udd12\" \/> Pago 100 % seguro<\/li><li><img decoding=\"async\" class=\"emoji\" role=\"img\" draggable=\"false\" src=\"https:\/\/s.w.org\/images\/core\/emoji\/16.0.1\/svg\/1f4e6.svg\" alt=\"\ud83d\udce6\" \/> Entrega garantizada<\/li><li><img decoding=\"async\" class=\"emoji\" role=\"img\" draggable=\"false\" src=\"https:\/\/s.w.org\/images\/core\/emoji\/16.0.1\/svg\/1f4ac.svg\" alt=\"\ud83d\udcac\" \/> Atenci\u00f3n al cliente r\u00e1pida y profesional<\/li><li><img decoding=\"async\" class=\"emoji\" role=\"img\" draggable=\"false\" src=\"https:\/\/s.w.org\/images\/core\/emoji\/16.0.1\/svg\/1f4b0.svg\" alt=\"\ud83d\udcb0\" \/> Precios transparentes sin costes ocultos<\/li><\/ul><p>En <strong>Serradora Bellver Sl<\/strong>, queremos que cada cliente disfrute de la <strong>calidez natural de la madera<\/strong> con total confianza.<\/p><hr \/><h3><img decoding=\"async\" class=\"emoji\" role=\"img\" draggable=\"false\" src=\"https:\/\/s.w.org\/images\/core\/emoji\/16.0.1\/svg\/1f4de.svg\" alt=\"\ud83d\udcde\" \/> Cont\u00e1ctenos<\/h3><p>\u00bfTiene alguna pregunta, necesita asesoramiento o un presupuesto personalizado?<br \/>Nuestro equipo est\u00e1 a su disposici\u00f3n:<\/p><p><img decoding=\"async\" class=\"emoji\" role=\"img\" draggable=\"false\" src=\"https:\/\/s.w.org\/images\/core\/emoji\/16.0.1\/svg\/1f4e7.svg\" alt=\"\ud83d\udce7\" \/> <strong><a class=\"decorated-link cursor-pointer\" rel=\"noopener\">contacto@serradorabellver.es<\/a><\/strong><br \/><img decoding=\"async\" class=\"emoji\" role=\"img\" draggable=\"false\" src=\"https:\/\/s.w.org\/images\/core\/emoji\/16.0.1\/svg\/1f4de.svg\" alt=\"\ud83d\udcde\" \/> <strong>+34 602 37 21 51<\/strong><br \/><img decoding=\"async\" class=\"emoji\" role=\"img\" draggable=\"false\" src=\"https:\/\/s.w.org\/images\/core\/emoji\/16.0.1\/svg\/1f310.svg\" alt=\"\ud83c\udf10\" \/> <strong><a class=\"decorated-link\" href=\"https:\/\/serradorabellver.es\/es\/\" target=\"_new\" rel=\"noopener\">www.serradorabellver.es<\/a><\/strong><\/p>\t\t\t\t\t\t\t\t<\/div>\n\t\t\t\t\t<\/div>\n\t\t<\/div>\n\t\t\t\t\t<\/div>\n\t\t<\/section>\n\t\t\t\t<\/div>","protected":false},"excerpt":{"rendered":"<p>Sobre nosotros Bienvenido a Serradora Bellver Sl, su socio de confianza para una calefacci\u00f3n natural, econ\u00f3mica y sostenible.Estamos especializados en la venta de le\u00f1a, pellets y otras fuentes de energ\u00eda renovable para particulares y profesionales en toda Europa. Nuestra misi\u00f3n: calentarle de forma natural En Serradora Bellver Sl, creemos que el confort de su hogar [&hellip;]<\/p>\n","protected":false},"author":3,"featured_media":0,"parent":0,"menu_order":0,"comment_status":"closed","ping_status":"closed","template":"","meta":{"footnotes":""},"class_list":["post-114","page","type-page","status-publish","hentry"],"yoast_head":"<!-- This site is optimized with the Yoast SEO Premium plugin v26.1 (Yoast SEO v26.5) - https:\/\/yoast.com\/wordpress\/plugins\/seo\/ -->\n<title>Sobre nosotros - SERRADORA BELLVER SL<\/title>\n<meta name=\"robots\" content=\"noindex, follow, max-snippet:-1, max-image-preview:large, max-video-preview:-1\" \/>\n<meta property=\"og:locale\" content=\"es_MX\" \/>\n<meta property=\"og:type\" content=\"article\" \/>\n<meta property=\"og:title\" content=\"Sobre nosotros\" \/>\n<meta property=\"og:description\" content=\"Sobre nosotros Bienvenido a Serradora Bellver Sl, su socio de confianza para una calefacci\u00f3n natural, econ\u00f3mica y sostenible.Estamos especializados en la venta de le\u00f1a, pellets y otras fuentes de energ\u00eda renovable para particulares y profesionales en toda Europa. Nuestra misi\u00f3n: calentarle de forma natural En Serradora Bellver Sl, creemos que el confort de su hogar [&hellip;]\" \/>\n<meta property=\"og:url\" content=\"https:\/\/serradorabellver.es\/es\/sobre-nosotros\/\" \/>\n<meta property=\"og:site_name\" content=\"SERRADORA BELLVER SL\" \/>\n<meta property=\"article:modified_time\" content=\"2025-12-10T10:40:05+00:00\" \/>\n<meta property=\"og:image\" content=\"https:\/\/s.w.org\/images\/core\/emoji\/16.0.1\/svg\/1f332.svg\" \/>\n<meta name=\"twitter:card\" content=\"summary_large_image\" \/>\n<meta name=\"twitter:label1\" content=\"Tiempo de lectura\" \/>\n\t<meta name=\"twitter:data1\" content=\"1 minuto\" \/>\n<script type=\"application\/ld+json\" class=\"yoast-schema-graph\">{\"@context\":\"https:\/\/schema.org\",\"@graph\":[{\"@type\":\"WebPage\",\"@id\":\"https:\/\/serradorabellver.es\/sobre-nosotros\/\",\"url\":\"https:\/\/serradorabellver.es\/sobre-nosotros\/\",\"name\":\"Sobre nosotros - SERRADORA BELLVER SL\",\"isPartOf\":{\"@id\":\"https:\/\/serradorabellver.es\/#website\"},\"primaryImageOfPage\":{\"@id\":\"https:\/\/serradorabellver.es\/sobre-nosotros\/#primaryimage\"},\"image\":{\"@id\":\"https:\/\/serradorabellver.es\/sobre-nosotros\/#primaryimage\"},\"thumbnailUrl\":\"https:\/\/s.w.org\/images\/core\/emoji\/16.0.1\/svg\/1f332.svg\",\"datePublished\":\"2022-04-13T03:25:32+00:00\",\"dateModified\":\"2025-12-10T10:40:05+00:00\",\"breadcrumb\":{\"@id\":\"https:\/\/serradorabellver.es\/sobre-nosotros\/#breadcrumb\"},\"inLanguage\":\"es\",\"potentialAction\":[{\"@type\":\"ReadAction\",\"target\":[\"https:\/\/serradorabellver.es\/sobre-nosotros\/\"]}]},{\"@type\":\"ImageObject\",\"inLanguage\":\"es\",\"@id\":\"https:\/\/serradorabellver.es\/sobre-nosotros\/#primaryimage\",\"url\":\"https:\/\/s.w.org\/images\/core\/emoji\/16.0.1\/svg\/1f332.svg\",\"contentUrl\":\"https:\/\/s.w.org\/images\/core\/emoji\/16.0.1\/svg\/1f332.svg\"},{\"@type\":\"BreadcrumbList\",\"@id\":\"https:\/\/serradorabellver.es\/sobre-nosotros\/#breadcrumb\",\"itemListElement\":[{\"@type\":\"ListItem\",\"position\":1,\"name\":\"Accueil\",\"item\":\"https:\/\/serradorabellver.es\/\"},{\"@type\":\"ListItem\",\"position\":2,\"name\":\"Sobre nosotros\"}]},{\"@type\":\"WebSite\",\"@id\":\"https:\/\/serradorabellver.es\/#website\",\"url\":\"https:\/\/serradorabellver.es\/\",\"name\":\"SERRADORA BELLVER SL\",\"description\":\"La mejor madera, est\u00e9s donde est\u00e9s en Espa\u00f1a.\",\"publisher\":{\"@id\":\"https:\/\/serradorabellver.es\/#organization\"},\"potentialAction\":[{\"@type\":\"SearchAction\",\"target\":{\"@type\":\"EntryPoint\",\"urlTemplate\":\"https:\/\/serradorabellver.es\/?s={search_term_string}\"},\"query-input\":{\"@type\":\"PropertyValueSpecification\",\"valueRequired\":true,\"valueName\":\"search_term_string\"}}],\"inLanguage\":\"es\"},{\"@type\":\"Organization\",\"@id\":\"https:\/\/serradorabellver.es\/#organization\",\"name\":\"SERRADORA BELLVER SL\",\"url\":\"https:\/\/serradorabellver.es\/\",\"logo\":{\"@type\":\"ImageObject\",\"inLanguage\":\"es\",\"@id\":\"https:\/\/serradorabellver.es\/#\/schema\/logo\/image\/\",\"url\":\"http:\/\/serradorabellver.es\/wp-content\/uploads\/2025\/12\/ff2bfef6-7920-48cb-90f7-56c7a87576a8-removebg-preview.png\",\"contentUrl\":\"http:\/\/serradorabellver.es\/wp-content\/uploads\/2025\/12\/ff2bfef6-7920-48cb-90f7-56c7a87576a8-removebg-preview.png\",\"width\":444,\"height\":148,\"caption\":\"SERRADORA BELLVER SL\"},\"image\":{\"@id\":\"https:\/\/serradorabellver.es\/#\/schema\/logo\/image\/\"}}]}<\/script>\n<!-- \/ Yoast SEO Premium plugin. -->","yoast_head_json":{"title":"Sobre nosotros - SERRADORA BELLVER SL","robots":{"index":"noindex","follow":"follow","max-snippet":"max-snippet:-1","max-image-preview":"max-image-preview:large","max-video-preview":"max-video-preview:-1"},"og_locale":"es_MX","og_type":"article","og_title":"Sobre nosotros","og_description":"Sobre nosotros Bienvenido a Serradora Bellver Sl, su socio de confianza para una calefacci\u00f3n natural, econ\u00f3mica y sostenible.Estamos especializados en la venta de le\u00f1a, pellets y otras fuentes de energ\u00eda renovable para particulares y profesionales en toda Europa. Nuestra misi\u00f3n: calentarle de forma natural En Serradora Bellver Sl, creemos que el confort de su hogar [&hellip;]","og_url":"https:\/\/serradorabellver.es\/es\/sobre-nosotros\/","og_site_name":"SERRADORA BELLVER SL","article_modified_time":"2025-12-10T10:40:05+00:00","og_image":[{"url":"https:\/\/s.w.org\/images\/core\/emoji\/16.0.1\/svg\/1f332.svg","type":"","width":"","height":""}],"twitter_card":"summary_large_image","twitter_misc":{"Tiempo de lectura":"1 minuto"},"schema":{"@context":"https:\/\/schema.org","@graph":[{"@type":"WebPage","@id":"https:\/\/serradorabellver.es\/sobre-nosotros\/","url":"https:\/\/serradorabellver.es\/sobre-nosotros\/","name":"Sobre nosotros - SERRADORA BELLVER SL","isPartOf":{"@id":"https:\/\/serradorabellver.es\/#website"},"primaryImageOfPage":{"@id":"https:\/\/serradorabellver.es\/sobre-nosotros\/#primaryimage"},"image":{"@id":"https:\/\/serradorabellver.es\/sobre-nosotros\/#primaryimage"},"thumbnailUrl":"https:\/\/s.w.org\/images\/core\/emoji\/16.0.1\/svg\/1f332.svg","datePublished":"2022-04-13T03:25:32+00:00","dateModified":"2025-12-10T10:40:05+00:00","breadcrumb":{"@id":"https:\/\/serradorabellver.es\/sobre-nosotros\/#breadcrumb"},"inLanguage":"es","potentialAction":[{"@type":"ReadAction","target":["https:\/\/serradorabellver.es\/sobre-nosotros\/"]}]},{"@type":"ImageObject","inLanguage":"es","@id":"https:\/\/serradorabellver.es\/sobre-nosotros\/#primaryimage","url":"https:\/\/s.w.org\/images\/core\/emoji\/16.0.1\/svg\/1f332.svg","contentUrl":"https:\/\/s.w.org\/images\/core\/emoji\/16.0.1\/svg\/1f332.svg"},{"@type":"BreadcrumbList","@id":"https:\/\/serradorabellver.es\/sobre-nosotros\/#breadcrumb","itemListElement":[{"@type":"ListItem","position":1,"name":"Accueil","item":"https:\/\/serradorabellver.es\/"},{"@type":"ListItem","position":2,"name":"Sobre nosotros"}]},{"@type":"WebSite","@id":"https:\/\/serradorabellver.es\/#website","url":"https:\/\/serradorabellver.es\/","name":"SERRADORA BELLVER SL","description":"La mejor madera, est\u00e9s donde est\u00e9s en Espa\u00f1a.","publisher":{"@id":"https:\/\/serradorabellver.es\/#organization"},"potentialAction":[{"@type":"SearchAction","target":{"@type":"EntryPoint","urlTemplate":"https:\/\/serradorabellver.es\/?s={search_term_string}"},"query-input":{"@type":"PropertyValueSpecification","valueRequired":true,"valueName":"search_term_string"}}],"inLanguage":"es"},{"@type":"Organization","@id":"https:\/\/serradorabellver.es\/#organization","name":"SERRADORA BELLVER SL","url":"https:\/\/serradorabellver.es\/","logo":{"@type":"ImageObject","inLanguage":"es","@id":"https:\/\/serradorabellver.es\/#\/schema\/logo\/image\/","url":"http:\/\/serradorabellver.es\/wp-content\/uploads\/2025\/12\/ff2bfef6-7920-48cb-90f7-56c7a87576a8-removebg-preview.png","contentUrl":"http:\/\/serradorabellver.es\/wp-content\/uploads\/2025\/12\/ff2bfef6-7920-48cb-90f7-56c7a87576a8-removebg-preview.png","width":444,"height":148,"caption":"SERRADORA BELLVER SL"},"image":{"@id":"https:\/\/serradorabellver.es\/#\/schema\/logo\/image\/"}}]}},"jetpack_sharing_enabled":true,"_links":{"self":[{"href":"https:\/\/serradorabellver.es\/es\/wp-json\/wp\/v2\/pages\/114","targetHints":{"allow":["GET"]}}],"collection":[{"href":"https:\/\/serradorabellver.es\/es\/wp-json\/wp\/v2\/pages"}],"about":[{"href":"https:\/\/serradorabellver.es\/es\/wp-json\/wp\/v2\/types\/page"}],"author":[{"embeddable":true,"href":"https:\/\/serradorabellver.es\/es\/wp-json\/wp\/v2\/users\/3"}],"replies":[{"embeddable":true,"href":"https:\/\/serradorabellver.es\/es\/wp-json\/wp\/v2\/comments?post=114"}],"version-history":[{"count":14,"href":"https:\/\/serradorabellver.es\/es\/wp-json\/wp\/v2\/pages\/114\/revisions"}],"predecessor-version":[{"id":22193,"href":"https:\/\/serradorabellver.es\/es\/wp-json\/wp\/v2\/pages\/114\/revisions\/22193"}],"wp:attachment":[{"href":"https:\/\/serradorabellver.es\/es\/wp-json\/wp\/v2\/media?parent=114"}],"curies":[{"name":"wp","href":"https:\/\/api.w.org\/{rel}","templated":true}]}}